{"id":54816,"date":"2022-06-09T15:56:35","date_gmt":"2022-06-09T12:56:35","guid":{"rendered":"https:\/\/totalblue.ro\/?post_type=product&#038;p=54816"},"modified":"2025-09-06T13:16:46","modified_gmt":"2025-09-06T10:16:46","slug":"droste-chocolate-tulips-gift-box-175-g-bomboane-ciocolata-import-olanda","status":"publish","type":"product","link":"https:\/\/totalblue.ro\/fr\/produs\/droste-chocolate-tulips-gift-box-175-g-bomboane-ciocolata-import-olanda\/","title":{"rendered":"Droste Chocolate Tulips Gift Box 175 g, Bomboane Ciocolata, import Olanda"},"content":{"rendered":"<p>Droste Chocolate Tulips Gift Box 175 g, Bomboane de Ciocolata, import Olanda<br \/>\nIngr\u00e9dient : <span class=\"HwtZe\" lang=\"ro\"><span class=\"jCAhz ChMk0b\"><span class=\"ryNqvb\">Zah\u0103r, unt de cacao, mas\u0103 de cacao, lapte praf integral, lapte praf degresat, lactoz\u0103, emulgator, arom\u0103.<\/span><\/span><\/span><br \/>\nValeurs nutritionnelles \/ 100 g :<br \/>\nEnergie 170 kcal<br \/>\nGr\u0103sime 11 g din care satura\u021bi 7 g<br \/>\nCarbohidra\u021bi 17 g din care zaharuri 15 g<br \/>\nFibre alimentare 1 g<br \/>\nProt\u00e9ines 2 g<\/p>\n<p>Producator Droste B.V., P.O. BOX 5, 8170 AA VAASSEN, THE NETHERLANDS<br \/>\nImportateur et distributeur Total Blue Impex SRL<\/p>","protected":false},"excerpt":{"rendered":"<p>Droste Chocolate Tulips Gift Box 175 g, Bomboane de Ciocolata, import Olanda Ingrediente : Zah\u0103r, unt de cacao, mas\u0103 de cacao, lapte praf integral, lapte praf degresat, lactoz\u0103, emulgator, arom\u0103. Valori nutritionale \/ 100 g: Energie 170 kcal Gr\u0103sime 11 g din care satura\u021bi 7 g Carbohidra\u021bi 17 g din care zaharuri 15 g Fibre [&#8230;]\n","protected":false},"featured_media":54815,"comment_status":"open","ping_status":"closed","template":"","meta":{"_acf_changed":false,"_seopress_robots_primary_cat":"none","_seopress_titles_title":"Droste Chocolate Tulips Gift Box 175 g, Bomboane Ciocolata, import Olanda","_seopress_titles_desc":"Droste Chocolate Tulips Gift Box 175 g, Bomboane Ciocolata, import Olanda","_seopress_robots_index":""},"product_brand":[11168],"product_cat":[1555,3338,7021,1767],"giftcard-category":[],"class_list":{"0":"post-54816","1":"product","2":"type-product","3":"status-publish","4":"has-post-thumbnail","6":"product_brand-droste","7":"product_cat-bacanie","8":"product_cat-dulciuri-snacksuri","9":"product_cat-dulciuri-snacks","10":"product_cat-produse-olanda","12":"first","13":"outofstock","14":"taxable","15":"shipping-taxable","16":"purchasable","17":"product-type-simple"},"acf":[],"_links":{"self":[{"href":"https:\/\/totalblue.ro\/fr\/wp-json\/wp\/v2\/product\/54816","targetHints":{"allow":["GET"]}}],"collection":[{"href":"https:\/\/totalblue.ro\/fr\/wp-json\/wp\/v2\/product"}],"about":[{"href":"https:\/\/totalblue.ro\/fr\/wp-json\/wp\/v2\/types\/product"}],"replies":[{"embeddable":true,"href":"https:\/\/totalblue.ro\/fr\/wp-json\/wp\/v2\/comments?post=54816"}],"wp:featuredmedia":[{"embeddable":true,"href":"https:\/\/totalblue.ro\/fr\/wp-json\/wp\/v2\/media\/54815"}],"wp:attachment":[{"href":"https:\/\/totalblue.ro\/fr\/wp-json\/wp\/v2\/media?parent=54816"}],"wp:term":[{"taxonomy":"product_brand","embeddable":true,"href":"https:\/\/totalblue.ro\/fr\/wp-json\/wp\/v2\/product_brand?post=54816"},{"taxonomy":"product_cat","embeddable":true,"href":"https:\/\/totalblue.ro\/fr\/wp-json\/wp\/v2\/product_cat?post=54816"},{"taxonomy":"giftcard-category","embeddable":true,"href":"https:\/\/totalblue.ro\/fr\/wp-json\/wp\/v2\/giftcard-category?post=54816"}],"curies":[{"name":"wp","href":"https:\/\/api.w.org\/{rel}","templated":true}]}}