{"id":57688,"date":"2022-07-21T16:19:08","date_gmt":"2022-07-21T13:19:08","guid":{"rendered":"https:\/\/totalblue.ro\/?post_type=product&#038;p=57688"},"modified":"2026-02-14T19:45:44","modified_gmt":"2026-02-14T17:45:44","slug":"recas-castel-huniade-sauvignon-blanc-vin-alb-sec-125-alcool-0-75-l","status":"publish","type":"product","link":"https:\/\/totalblue.ro\/fr\/produs\/recas-castel-huniade-sauvignon-blanc-vin-alb-sec-125-alcool-0-75-l\/","title":{"rendered":"Recas Castel Huniade Sauvignon Blanc vin blanc sec 12,5% alcool 0.75 L"},"content":{"rendered":"<p>Recas Castel Huniade Sauvignon Blanc este un vin cu o limpiditate foarte buna.<\/p>\n<p>Prospetime cu accente vegetale (iarba), flori de salcam si fructe parguite (caise, piersici) si pepene galben, pe un fundal mineral. Mineralitatea confirmata gustativ, sustinuta de aciditate buna, tente citrice (limeta), cu final usor amarui (samburi de caise).<\/p>\n<p>Alcoolul bine integrat sustine structura unui vin marcat de o dinamica gustativa buna si de note tonice.Unul dintre cele mai marcante simboluri ale Timisoarei este Palatul \u201cCastel Huniade\u201d .<\/p>\n<p>Onorand istoria au fost create aceste vinuri expresive si pline de viata, aproape explozive, extrem de racordate la stilul de vin contemporan. Pentru ca prezentul apartine celor care il traiesc, si singurii care il pot trai sunt cei care isi inteleg trecutul, pentru a-si putea cladi viitorul.<\/p>\n<p>Culoare: galben auriu cu reflexe verzui<br \/>\nnd istoria au fost create aceste vinuri expresive \u0219i pline de via\u021b\u0103, aproape explozive, extrem de racordate la stilul de vin contemporan. Pentru ca prezentul apar\u021bine celor care \u00eel tr\u0103iesc, si singurii care il pot trai sunt cei care \u00ee\u0219i \u00een\u021beleg trecutul, pentru a-\u0219i putea cl\u0103di viitorul.<\/p>\n<p>Culoare: galben auriu cu reflexe verzui<\/p>\n<p>Brand Recas<br \/>\nTara de origine Romania<br \/>\nTip Vin Sec<br \/>\nLitraj 0.75L<br \/>\nAlcool 12,5%<br \/>\nRegiune Recas<br \/>\nTip Struguri Sauvignon Blanc<br \/>\nCuloare Alb<\/p>\n<p>Mensonges l\u00e9gaux : L'alcool nuit gravement \u00e0 la sant\u00e9. \u00c0 consommer avec mod\u00e9ration. La vente aux moins de 18 ans est interdite. www.desprealcool.ro<br \/>\n<a href=\"https:\/\/totalblue.ro\/wp-content\/uploads\/2021\/04\/under-18.jpg\"><img loading=\"lazy\" decoding=\"async\" class=\"alignnone wp-image-30757\" src=\"https:\/\/totalblue.ro\/wp-content\/uploads\/2021\/04\/under-18-400x400.jpg\" alt=\"\" width=\"95\" height=\"95\" srcset=\"https:\/\/totalblue.ro\/wp-content\/uploads\/2021\/04\/under-18-400x400.jpg 400w, https:\/\/totalblue.ro\/wp-content\/uploads\/2021\/04\/under-18-100x100.jpg 100w, https:\/\/totalblue.ro\/wp-content\/uploads\/2021\/04\/under-18-510x510.jpg 510w, https:\/\/totalblue.ro\/wp-content\/uploads\/2021\/04\/under-18-280x280.jpg 280w, https:\/\/totalblue.ro\/wp-content\/uploads\/2021\/04\/under-18.jpg 600w\" sizes=\"auto, (max-width: 95px) 100vw, 95px\" \/><\/a><a href=\"https:\/\/totalblue.ro\/wp-content\/uploads\/2021\/06\/drink-drive.jpg\"><img loading=\"lazy\" decoding=\"async\" class=\"alignnone wp-image-30761\" src=\"https:\/\/totalblue.ro\/wp-content\/uploads\/2021\/06\/drink-drive.jpg\" alt=\"\" width=\"96\" height=\"94\" srcset=\"https:\/\/totalblue.ro\/wp-content\/uploads\/2021\/06\/drink-drive.jpg 344w, https:\/\/totalblue.ro\/wp-content\/uploads\/2021\/06\/drink-drive-100x98.jpg 100w\" sizes=\"auto, (max-width: 96px) 100vw, 96px\" \/><\/a><a href=\"https:\/\/totalblue.ro\/wp-content\/uploads\/2021\/06\/bere-gravide02.jpg\"><img loading=\"lazy\" decoding=\"async\" class=\"alignnone wp-image-30771\" src=\"https:\/\/totalblue.ro\/wp-content\/uploads\/2021\/06\/bere-gravide02-403x400.jpg\" alt=\"\" width=\"97\" height=\"96\" srcset=\"https:\/\/totalblue.ro\/wp-content\/uploads\/2021\/06\/bere-gravide02-403x400.jpg 403w, https:\/\/totalblue.ro\/wp-content\/uploads\/2021\/06\/bere-gravide02-100x99.jpg 100w, https:\/\/totalblue.ro\/wp-content\/uploads\/2021\/06\/bere-gravide02-510x507.jpg 510w, https:\/\/totalblue.ro\/wp-content\/uploads\/2021\/06\/bere-gravide02-805x800.jpg 805w, https:\/\/totalblue.ro\/wp-content\/uploads\/2021\/06\/bere-gravide02-280x280.jpg 280w, https:\/\/totalblue.ro\/wp-content\/uploads\/2021\/06\/bere-gravide02-768x763.jpg 768w, https:\/\/totalblue.ro\/wp-content\/uploads\/2021\/06\/bere-gravide02-600x596.jpg 600w, https:\/\/totalblue.ro\/wp-content\/uploads\/2021\/06\/bere-gravide02.jpg 895w\" sizes=\"auto, (max-width: 97px) 100vw, 97px\" \/><\/a><\/p>","protected":false},"excerpt":{"rendered":"<p>Recas Castel Huniade Sauvignon Blanc este un vin cu o limpiditate foarte buna. Prospetime cu accente vegetale (iarba), flori de salcam si fructe parguite (caise, piersici) si pepene galben, pe un fundal mineral. Mineralitatea confirmata gustativ, sustinuta de aciditate buna, tente citrice (limeta), cu final usor amarui (samburi de caise). Alcoolul bine integrat sustine structura [&#8230;]\n","protected":false},"featured_media":57689,"comment_status":"open","ping_status":"closed","template":"","meta":{"_acf_changed":false,"_seopress_robots_primary_cat":"none","_seopress_titles_title":"Recas Castel Huniade Sauvignon Blanc vin alb sec 12,5% alcool 0.75 L","_seopress_titles_desc":"Cauti Recas Castel Huniade Sauvignon Blanc? Cumpara online Recas Castel Huniade Sauvignon Blanc vin alb sec 12,5% alcool 0.75 L. Profita!","_seopress_robots_index":""},"product_brand":[6044],"product_cat":[1519],"giftcard-category":[],"class_list":{"0":"post-57688","1":"product","2":"type-product","3":"status-publish","4":"has-post-thumbnail","6":"product_brand-recas","7":"product_cat-bauturi-alcoolice-bere","9":"first","10":"instock","11":"taxable","12":"shipping-taxable","13":"purchasable","14":"product-type-simple"},"acf":[],"_links":{"self":[{"href":"https:\/\/totalblue.ro\/fr\/wp-json\/wp\/v2\/product\/57688","targetHints":{"allow":["GET"]}}],"collection":[{"href":"https:\/\/totalblue.ro\/fr\/wp-json\/wp\/v2\/product"}],"about":[{"href":"https:\/\/totalblue.ro\/fr\/wp-json\/wp\/v2\/types\/product"}],"replies":[{"embeddable":true,"href":"https:\/\/totalblue.ro\/fr\/wp-json\/wp\/v2\/comments?post=57688"}],"wp:featuredmedia":[{"embeddable":true,"href":"https:\/\/totalblue.ro\/fr\/wp-json\/wp\/v2\/media\/57689"}],"wp:attachment":[{"href":"https:\/\/totalblue.ro\/fr\/wp-json\/wp\/v2\/media?parent=57688"}],"wp:term":[{"taxonomy":"product_brand","embeddable":true,"href":"https:\/\/totalblue.ro\/fr\/wp-json\/wp\/v2\/product_brand?post=57688"},{"taxonomy":"product_cat","embeddable":true,"href":"https:\/\/totalblue.ro\/fr\/wp-json\/wp\/v2\/product_cat?post=57688"},{"taxonomy":"giftcard-category","embeddable":true,"href":"https:\/\/totalblue.ro\/fr\/wp-json\/wp\/v2\/giftcard-category?post=57688"}],"curies":[{"name":"wp","href":"https:\/\/api.w.org\/{rel}","templated":true}]}}