{"id":57699,"date":"2022-07-21T16:43:06","date_gmt":"2022-07-21T13:43:06","guid":{"rendered":"https:\/\/totalblue.ro\/?post_type=product&#038;p=57699"},"modified":"2026-03-23T16:56:23","modified_gmt":"2026-03-23T14:56:23","slug":"schweppes-bitter-lemon-can-330-ml","status":"publish","type":"product","link":"https:\/\/totalblue.ro\/fr\/produs\/schweppes-bitter-lemon-doza-330-ml\/","title":{"rendered":"Bo\u00eete de Schweppes Bitter Lemon, 330 ml"},"content":{"rendered":"<p>La v\u00e9ritable boisson douce-am\u00e8re cr\u00e9\u00e9e en 1957. Aromatis\u00e9e \u00e0 la quinine, pour ceux qui appr\u00e9cient le plaisir sophistiqu\u00e9 d'un go\u00fbt unique et adulte. A d\u00e9guster pure ou m\u00e9lang\u00e9e \u00e0 de l'alcool.<br \/>\nIngr\u00e9dients : eau, sucre, dioxyde de carbone, jus de citron (1,5%), extrait de citron, acidifiant acide citrique, ar\u00f4mes dont quinine, conservateur sorbate de potassium, stabilisants E 1450 et E 445.<\/p>\n<p>Valeurs nutritionnelles pour 100 ml :<br \/>\nValeur \u00e9nerg\u00e9tique par 100 g de produit KJ 222 kj<br \/>\nValeur \u00e9nerg\u00e9tique pour 100 g de produit Kcal 52 kcal<br \/>\nMati\u00e8res grasses, lipides 0 g<br \/>\nMati\u00e8res grasses, dont acides gras satur\u00e9s 0 g<br \/>\nGlucides, Glucides 12,6 g<br \/>\nGlucides, dont sucres 12,6 g<br \/>\nProt\u00e9ines 0 g<br \/>\nSel 0 g<\/p>\n<div id=\"simple-translate\">\n<div>\n<div class=\"simple-translate-button isShow\" style=\"height: 22px; width: 22px;\"><\/div>\n<div class=\"simple-translate-panel\" style=\"width: 300px; height: 200px; font-size: 13px; background-color: #ffffff;\">\n<div class=\"simple-translate-result-wrapper\" style=\"overflow: hidden;\">\n<div class=\"simple-translate-move\"><\/div>\n<div class=\"simple-translate-result-contents\">\n<p class=\"simple-translate-candidate\" dir=\"auto\" style=\"color: #737373;\">\n<\/div>\n<\/div>\n<\/div>\n<\/div>\n<\/div>","protected":false},"excerpt":{"rendered":"<p>1 bax contient 6 doses.<br \/>\nLe prix affich\u00e9 est celui d'une dose de 1 pi\u00e8ce.<\/p>","protected":false},"featured_media":57700,"comment_status":"open","ping_status":"closed","template":"","meta":{"_acf_changed":false,"_seopress_robots_primary_cat":"none","_seopress_titles_title":"","_seopress_titles_desc":"","_seopress_robots_index":""},"product_brand":[15385],"product_cat":[1354,1555],"giftcard-category":[],"class_list":{"0":"post-57699","1":"product","2":"type-product","3":"status-publish","4":"has-post-thumbnail","6":"product_brand-schweppes","7":"product_cat-apa-plata-apa-minerala-sucuri","8":"product_cat-bacanie","10":"first","11":"outofstock","12":"taxable","13":"shipping-taxable","14":"purchasable","15":"product-type-simple"},"acf":[],"_links":{"self":[{"href":"https:\/\/totalblue.ro\/fr\/wp-json\/wp\/v2\/product\/57699","targetHints":{"allow":["GET"]}}],"collection":[{"href":"https:\/\/totalblue.ro\/fr\/wp-json\/wp\/v2\/product"}],"about":[{"href":"https:\/\/totalblue.ro\/fr\/wp-json\/wp\/v2\/types\/product"}],"replies":[{"embeddable":true,"href":"https:\/\/totalblue.ro\/fr\/wp-json\/wp\/v2\/comments?post=57699"}],"wp:featuredmedia":[{"embeddable":true,"href":"https:\/\/totalblue.ro\/fr\/wp-json\/wp\/v2\/media\/57700"}],"wp:attachment":[{"href":"https:\/\/totalblue.ro\/fr\/wp-json\/wp\/v2\/media?parent=57699"}],"wp:term":[{"taxonomy":"product_brand","embeddable":true,"href":"https:\/\/totalblue.ro\/fr\/wp-json\/wp\/v2\/product_brand?post=57699"},{"taxonomy":"product_cat","embeddable":true,"href":"https:\/\/totalblue.ro\/fr\/wp-json\/wp\/v2\/product_cat?post=57699"},{"taxonomy":"giftcard-category","embeddable":true,"href":"https:\/\/totalblue.ro\/fr\/wp-json\/wp\/v2\/giftcard-category?post=57699"}],"curies":[{"name":"wp","href":"https:\/\/api.w.org\/{rel}","templated":true}]}}