{"id":58425,"date":"2022-08-01T10:19:07","date_gmt":"2022-08-01T07:19:07","guid":{"rendered":"https:\/\/totalblue.ro\/?post_type=product&#038;p=58425"},"modified":"2025-11-12T09:21:04","modified_gmt":"2025-11-12T07:21:04","slug":"corona-extra-blond-biere-45-355-ml-bouteille","status":"publish","type":"product","link":"https:\/\/totalblue.ro\/fr\/produs\/corona-extra-bere-blonda-45-355-ml-sticla\/","title":{"rendered":"Corona Extra lager 4,5%, 355 ml, bouteille"},"content":{"rendered":"<p>Avec son go\u00fbt unique, ind\u00e9l\u00e9bile et rafra\u00eechissant \u00e0 la fois, l'une des bi\u00e8res les plus populaires et les plus appr\u00e9ci\u00e9es au monde est fabriqu\u00e9e \u00e0 partir d'ingr\u00e9dients de qualit\u00e9 sup\u00e9rieure : orge, houblon, levure, ma\u00efs et eau filtr\u00e9e pour donner ce go\u00fbt unique, reconnaissable d\u00e8s la premi\u00e8re gorg\u00e9e de Corona Extra. Vous pouvez appr\u00e9cier le go\u00fbt unique de cette bi\u00e8re blonde en compagnie d'amis et essayer, comme le sugg\u00e8re l'origine mexicaine, de la servir avec une tranche de citron vert coinc\u00e9e dans le goulot de la bouteille pour une saveur amplifi\u00e9e et une exp\u00e9rience olfactive compl\u00e8te.<br \/>\nLa Corona est une bi\u00e8re produite au Mexique et appr\u00e9ci\u00e9e dans le monde entier. Corona est l'accessoire parfait pour les petits plaisirs de la vie.<br \/>\nIngr\u00e9dients : eau, malt d'orge, riz, ma\u00efs, houblon, papa\u00efne, antioxydant : acide ascorbique ; stabilisant : algine, propyl\u00e8ne glycol.<br \/>\nType de bi\u00e8re blonde<br \/>\nProduit disponible en ligne<br \/>\nMarque : Corona<br \/>\nConditionnement : verre. Les bouteilles ne sont pas retournables.<br \/>\nAlcool 4.50%<br \/>\nValeurs nutritionnelles pour 100 ml<br \/>\nValeur \u00e9nerg\u00e9tique pour 100 g de produit Kcal 42kcal<br \/>\nGlucides, Glucides 4g<br \/>\nProt\u00e9ines 0,3 g<br \/>\nConserver dans un endroit frais et sec, \u00e0 l'abri de la lumi\u00e8re du soleil et du gel.<br \/>\nA consommer de pr\u00e9f\u00e9rence avant : voir sur l'emballage.<br \/>\nMensonges l\u00e9gaux : L'alcool nuit gravement \u00e0 la sant\u00e9. \u00c0 consommer avec mod\u00e9ration. La vente aux moins de 18 ans est interdite. www.desprealcool.ro<br \/>\n<a href=\"https:\/\/totalblue.ro\/wp-content\/uploads\/2021\/04\/under-18.jpg\"><img loading=\"lazy\" decoding=\"async\" class=\"alignnone wp-image-30757\" src=\"https:\/\/totalblue.ro\/wp-content\/uploads\/2021\/04\/under-18-400x400.jpg\" alt=\"\" width=\"105\" height=\"105\" srcset=\"https:\/\/totalblue.ro\/wp-content\/uploads\/2021\/04\/under-18-400x400.jpg 400w, https:\/\/totalblue.ro\/wp-content\/uploads\/2021\/04\/under-18-100x100.jpg 100w, https:\/\/totalblue.ro\/wp-content\/uploads\/2021\/04\/under-18-510x510.jpg 510w, https:\/\/totalblue.ro\/wp-content\/uploads\/2021\/04\/under-18-280x280.jpg 280w, https:\/\/totalblue.ro\/wp-content\/uploads\/2021\/04\/under-18.jpg 600w\" sizes=\"auto, (max-width: 105px) 100vw, 105px\" \/><\/a><a href=\"https:\/\/totalblue.ro\/wp-content\/uploads\/2021\/06\/drink-drive.jpg\"><img loading=\"lazy\" decoding=\"async\" class=\"alignnone wp-image-30761\" src=\"https:\/\/totalblue.ro\/wp-content\/uploads\/2021\/06\/drink-drive.jpg\" alt=\"\" width=\"105\" height=\"103\" srcset=\"https:\/\/totalblue.ro\/wp-content\/uploads\/2021\/06\/drink-drive.jpg 344w, https:\/\/totalblue.ro\/wp-content\/uploads\/2021\/06\/drink-drive-100x98.jpg 100w\" sizes=\"auto, (max-width: 105px) 100vw, 105px\" \/><\/a><a href=\"https:\/\/totalblue.ro\/wp-content\/uploads\/2021\/06\/bere-gravide02.jpg\"><img loading=\"lazy\" decoding=\"async\" class=\"alignnone wp-image-30771\" src=\"https:\/\/totalblue.ro\/wp-content\/uploads\/2021\/06\/bere-gravide02-403x400.jpg\" alt=\"\" width=\"108\" height=\"107\" srcset=\"https:\/\/totalblue.ro\/wp-content\/uploads\/2021\/06\/bere-gravide02-403x400.jpg 403w, https:\/\/totalblue.ro\/wp-content\/uploads\/2021\/06\/bere-gravide02-100x99.jpg 100w, https:\/\/totalblue.ro\/wp-content\/uploads\/2021\/06\/bere-gravide02-510x507.jpg 510w, https:\/\/totalblue.ro\/wp-content\/uploads\/2021\/06\/bere-gravide02-805x800.jpg 805w, https:\/\/totalblue.ro\/wp-content\/uploads\/2021\/06\/bere-gravide02-280x280.jpg 280w, https:\/\/totalblue.ro\/wp-content\/uploads\/2021\/06\/bere-gravide02-768x763.jpg 768w, https:\/\/totalblue.ro\/wp-content\/uploads\/2021\/06\/bere-gravide02-600x596.jpg 600w, https:\/\/totalblue.ro\/wp-content\/uploads\/2021\/06\/bere-gravide02.jpg 895w\" sizes=\"auto, (max-width: 108px) 100vw, 108px\" \/><\/a><\/p>","protected":false},"excerpt":{"rendered":"<p>Cu o aroma unica, incofundabila si racoroasa in acelasi timp, una dintre cele mai populare si iubite beri din lumea intreaga este realizata din ingrediente de-o calitate superlativa: orz, hamei, drojdie, porumb si apa filtrata pentru a reda gustul unic, recognoscibil de la o prima inghititura de Corona Extra. Te poti bucura de gustul unic [&#8230;]\n","protected":false},"featured_media":58429,"comment_status":"open","ping_status":"closed","template":"","meta":{"_acf_changed":false,"_seopress_robots_primary_cat":"none","_seopress_titles_title":"","_seopress_titles_desc":"","_seopress_robots_index":""},"product_brand":[11433],"product_cat":[1519],"giftcard-category":[],"class_list":{"0":"post-58425","1":"product","2":"type-product","3":"status-publish","4":"has-post-thumbnail","6":"product_brand-corona","7":"product_cat-bauturi-alcoolice-bere","9":"first","10":"instock","11":"taxable","12":"shipping-taxable","13":"purchasable","14":"product-type-simple"},"acf":[],"_links":{"self":[{"href":"https:\/\/totalblue.ro\/fr\/wp-json\/wp\/v2\/product\/58425","targetHints":{"allow":["GET"]}}],"collection":[{"href":"https:\/\/totalblue.ro\/fr\/wp-json\/wp\/v2\/product"}],"about":[{"href":"https:\/\/totalblue.ro\/fr\/wp-json\/wp\/v2\/types\/product"}],"replies":[{"embeddable":true,"href":"https:\/\/totalblue.ro\/fr\/wp-json\/wp\/v2\/comments?post=58425"}],"wp:featuredmedia":[{"embeddable":true,"href":"https:\/\/totalblue.ro\/fr\/wp-json\/wp\/v2\/media\/58429"}],"wp:attachment":[{"href":"https:\/\/totalblue.ro\/fr\/wp-json\/wp\/v2\/media?parent=58425"}],"wp:term":[{"taxonomy":"product_brand","embeddable":true,"href":"https:\/\/totalblue.ro\/fr\/wp-json\/wp\/v2\/product_brand?post=58425"},{"taxonomy":"product_cat","embeddable":true,"href":"https:\/\/totalblue.ro\/fr\/wp-json\/wp\/v2\/product_cat?post=58425"},{"taxonomy":"giftcard-category","embeddable":true,"href":"https:\/\/totalblue.ro\/fr\/wp-json\/wp\/v2\/giftcard-category?post=58425"}],"curies":[{"name":"wp","href":"https:\/\/api.w.org\/{rel}","templated":true}]}}