{"id":59800,"date":"2022-08-22T13:49:40","date_gmt":"2022-08-22T10:49:40","guid":{"rendered":"https:\/\/totalblue.ro\/?post_type=product&#038;p=59800"},"modified":"2025-09-04T10:32:57","modified_gmt":"2025-09-04T07:32:57","slug":"sac-a-dos-scolaire-barbie-barbie-starpak-38-cm","status":"publish","type":"product","link":"https:\/\/totalblue.ro\/fr\/produs\/ghiozdan-scoala-barbie-starpak-38-cm\/","title":{"rendered":"Cartable Barbie Starpak 38cm"},"content":{"rendered":"<p>Sac d'\u00e9cole sous licence Barbie, parfait pour une nouvelle journ\u00e9e d'\u00e9cole.<br \/>\nSac \u00e0 dos fabriqu\u00e9 dans un mat\u00e9riau r\u00e9sistant \u00e0 l'eau.<br \/>\nPour maintenir une posture correcte pendant le port, il est dot\u00e9 de bretelles r\u00e9glables \u00e0 bulles.<br \/>\nLe sac \u00e0 dos comporte 3 compartiments et 2 poches lat\u00e9rales.<br \/>\nDimensions du produit : 38x29x19,5 cm<\/p>\n<p>&nbsp;<\/p>\n<p>&nbsp;<\/p>","protected":false},"excerpt":{"rendered":"<p>Sac d'\u00e9cole sous licence Barbie, parfait pour une nouvelle journ\u00e9e d'\u00e9cole. Sac \u00e0 dos fabriqu\u00e9 dans un mat\u00e9riau r\u00e9sistant \u00e0 l'eau. Pour maintenir une posture correcte, il est \u00e9quip\u00e9 de bretelles r\u00e9glables et ajustables. Il dispose de 3 compartiments et de 2 poches lat\u00e9rales. Les dimensions du produit sont 38x29x19,5 cm. &nbsp; &nbsp;<\/p>","protected":false},"featured_media":59805,"comment_status":"open","ping_status":"closed","template":"","meta":{"_acf_changed":false,"_seopress_robots_primary_cat":"none","_seopress_titles_title":"","_seopress_titles_desc":"","_seopress_robots_index":""},"product_brand":[],"product_cat":[11519],"giftcard-category":[],"class_list":{"0":"post-59800","1":"product","2":"type-product","3":"status-publish","4":"has-post-thumbnail","6":"product_cat-rechizite","8":"first","9":"instock","10":"taxable","11":"shipping-taxable","12":"purchasable","13":"product-type-simple"},"acf":[],"_links":{"self":[{"href":"https:\/\/totalblue.ro\/fr\/wp-json\/wp\/v2\/product\/59800","targetHints":{"allow":["GET"]}}],"collection":[{"href":"https:\/\/totalblue.ro\/fr\/wp-json\/wp\/v2\/product"}],"about":[{"href":"https:\/\/totalblue.ro\/fr\/wp-json\/wp\/v2\/types\/product"}],"replies":[{"embeddable":true,"href":"https:\/\/totalblue.ro\/fr\/wp-json\/wp\/v2\/comments?post=59800"}],"wp:featuredmedia":[{"embeddable":true,"href":"https:\/\/totalblue.ro\/fr\/wp-json\/wp\/v2\/media\/59805"}],"wp:attachment":[{"href":"https:\/\/totalblue.ro\/fr\/wp-json\/wp\/v2\/media?parent=59800"}],"wp:term":[{"taxonomy":"product_brand","embeddable":true,"href":"https:\/\/totalblue.ro\/fr\/wp-json\/wp\/v2\/product_brand?post=59800"},{"taxonomy":"product_cat","embeddable":true,"href":"https:\/\/totalblue.ro\/fr\/wp-json\/wp\/v2\/product_cat?post=59800"},{"taxonomy":"giftcard-category","embeddable":true,"href":"https:\/\/totalblue.ro\/fr\/wp-json\/wp\/v2\/giftcard-category?post=59800"}],"curies":[{"name":"wp","href":"https:\/\/api.w.org\/{rel}","templated":true}]}}