{"id":59828,"date":"2022-08-22T14:20:49","date_gmt":"2022-08-22T11:20:49","guid":{"rendered":"https:\/\/totalblue.ro\/?post_type=product&#038;p=59828"},"modified":"2025-08-13T12:12:49","modified_gmt":"2025-08-13T09:12:49","slug":"ghiozdan-scoala-frozen-face-46-cm","status":"publish","type":"product","link":"https:\/\/totalblue.ro\/fr\/produs\/ghiozdan-scoala-frozen-face-46-cm\/","title":{"rendered":"Ghiozdan scoala Frozen Face 46cm"},"content":{"rendered":"<p>Ghiozdan cu licenta Frozen, perfect pentru o noua zi de scoala.<br \/>\nSac \u00e0 dos fabriqu\u00e9 dans un mat\u00e9riau r\u00e9sistant \u00e0 l'eau.<br \/>\nPour maintenir une posture correcte pendant le port, il est dot\u00e9 de bretelles r\u00e9glables \u00e0 bulles.<br \/>\nGhiozdanul dispune de doua compartimente incapatoare si doua buzunare laterale mici.<br \/>\nDimensiunile produsului sunt 46x35x20 cm.<\/p>","protected":false},"excerpt":{"rendered":"<p>Ghiozdan cu licenta Frozen, perfect pentru o noua zi de scoala. Ghiozdan confectionat din material rezistente la apa. Pentru a mentine o postura corecta in timpul purtarii acesta are bretelele buretate si ajustabile. Ghiozdanul dispune de doua compartimente incapatoare si doua buzunare laterale mici. Dimensiunile produsului sunt 46x35x20 cm.<\/p>","protected":false},"featured_media":59831,"comment_status":"open","ping_status":"closed","template":"","meta":{"_acf_changed":false,"_seopress_robots_primary_cat":"none","_seopress_titles_title":"","_seopress_titles_desc":"","_seopress_robots_index":""},"product_brand":[],"product_cat":[11519],"giftcard-category":[],"class_list":{"0":"post-59828","1":"product","2":"type-product","3":"status-publish","4":"has-post-thumbnail","6":"product_cat-rechizite","8":"first","9":"instock","10":"taxable","11":"shipping-taxable","12":"purchasable","13":"product-type-simple"},"acf":[],"_links":{"self":[{"href":"https:\/\/totalblue.ro\/fr\/wp-json\/wp\/v2\/product\/59828","targetHints":{"allow":["GET"]}}],"collection":[{"href":"https:\/\/totalblue.ro\/fr\/wp-json\/wp\/v2\/product"}],"about":[{"href":"https:\/\/totalblue.ro\/fr\/wp-json\/wp\/v2\/types\/product"}],"replies":[{"embeddable":true,"href":"https:\/\/totalblue.ro\/fr\/wp-json\/wp\/v2\/comments?post=59828"}],"wp:featuredmedia":[{"embeddable":true,"href":"https:\/\/totalblue.ro\/fr\/wp-json\/wp\/v2\/media\/59831"}],"wp:attachment":[{"href":"https:\/\/totalblue.ro\/fr\/wp-json\/wp\/v2\/media?parent=59828"}],"wp:term":[{"taxonomy":"product_brand","embeddable":true,"href":"https:\/\/totalblue.ro\/fr\/wp-json\/wp\/v2\/product_brand?post=59828"},{"taxonomy":"product_cat","embeddable":true,"href":"https:\/\/totalblue.ro\/fr\/wp-json\/wp\/v2\/product_cat?post=59828"},{"taxonomy":"giftcard-category","embeddable":true,"href":"https:\/\/totalblue.ro\/fr\/wp-json\/wp\/v2\/giftcard-category?post=59828"}],"curies":[{"name":"wp","href":"https:\/\/api.w.org\/{rel}","templated":true}]}}