{"id":59859,"date":"2022-08-22T14:36:00","date_gmt":"2022-08-22T11:36:00","guid":{"rendered":"https:\/\/totalblue.ro\/?post_type=product&#038;p=59859"},"modified":"2023-09-19T15:57:54","modified_gmt":"2023-09-19T12:57:54","slug":"sac-a-dos-nerf-fire-42-cm","status":"publish","type":"product","link":"https:\/\/totalblue.ro\/fr\/produs\/ghiozdan-nerf-fire-42-cm\/","title":{"rendered":"Sac \u00e0 dos Nerf Fire 42 cm"},"content":{"rendered":"<p>Sac \u00e0 dos pour licence Nerf, parfait pour une nouvelle journ\u00e9e d'\u00e9cole.<br \/>\nSac \u00e0 dos fabriqu\u00e9 dans un mat\u00e9riau r\u00e9sistant \u00e0 l'eau.<br \/>\nPour maintenir une posture correcte pendant le port, il est dot\u00e9 de bretelles r\u00e9glables \u00e0 bulles.<br \/>\nLe sac \u00e0 dos comporte 2 compartiments + 1 petit compartiment \u00e0 l'avant.<br \/>\nLes dimensions du produit sont les suivantes <span class=\"Y2IQFc\" lang=\"ro\">\u00a042 cm x 32 cm x 20 cm.<br \/>\n<\/span><span class=\"Y2IQFc\" lang=\"ro\">Capacit\u00e9 : 25 litres.<\/span><\/p>","protected":false},"excerpt":{"rendered":"<p><span class=\"goog-text-highlight\"><span class=\"\">Sac \u00e0 dos pour licence Nerf, parfait pour une nouvelle journ\u00e9e d'\u00e9cole.<br \/>\nCode produit : GIM33641034<\/span><\/span><\/p>","protected":false},"featured_media":59861,"comment_status":"open","ping_status":"closed","template":"","meta":{"_acf_changed":false,"_seopress_robots_primary_cat":"none","_seopress_titles_title":"","_seopress_titles_desc":"","_seopress_robots_index":""},"product_brand":[],"product_cat":[11519],"giftcard-category":[],"class_list":{"0":"post-59859","1":"product","2":"type-product","3":"status-publish","4":"has-post-thumbnail","6":"product_cat-rechizite","8":"first","9":"instock","10":"taxable","11":"shipping-taxable","12":"purchasable","13":"product-type-simple"},"acf":[],"_links":{"self":[{"href":"https:\/\/totalblue.ro\/fr\/wp-json\/wp\/v2\/product\/59859","targetHints":{"allow":["GET"]}}],"collection":[{"href":"https:\/\/totalblue.ro\/fr\/wp-json\/wp\/v2\/product"}],"about":[{"href":"https:\/\/totalblue.ro\/fr\/wp-json\/wp\/v2\/types\/product"}],"replies":[{"embeddable":true,"href":"https:\/\/totalblue.ro\/fr\/wp-json\/wp\/v2\/comments?post=59859"}],"wp:featuredmedia":[{"embeddable":true,"href":"https:\/\/totalblue.ro\/fr\/wp-json\/wp\/v2\/media\/59861"}],"wp:attachment":[{"href":"https:\/\/totalblue.ro\/fr\/wp-json\/wp\/v2\/media?parent=59859"}],"wp:term":[{"taxonomy":"product_brand","embeddable":true,"href":"https:\/\/totalblue.ro\/fr\/wp-json\/wp\/v2\/product_brand?post=59859"},{"taxonomy":"product_cat","embeddable":true,"href":"https:\/\/totalblue.ro\/fr\/wp-json\/wp\/v2\/product_cat?post=59859"},{"taxonomy":"giftcard-category","embeddable":true,"href":"https:\/\/totalblue.ro\/fr\/wp-json\/wp\/v2\/giftcard-category?post=59859"}],"curies":[{"name":"wp","href":"https:\/\/api.w.org\/{rel}","templated":true}]}}