{"id":59867,"date":"2022-08-22T14:46:35","date_gmt":"2022-08-22T11:46:35","guid":{"rendered":"https:\/\/totalblue.ro\/?post_type=product&#038;p=59867"},"modified":"2025-12-02T09:50:43","modified_gmt":"2025-12-02T07:50:43","slug":"suport-birou-copii-echipat-paw-patrol-7-piese","status":"publish","type":"product","link":"https:\/\/totalblue.ro\/fr\/produs\/suport-birou-copii-echipat-paw-patrol-7-piese\/","title":{"rendered":"Support de bureau pour enfants \u00e9quip\u00e9 de 7 pi\u00e8ces Paw Patrol"},"content":{"rendered":"<p><span class=\"Y2IQFc\" lang=\"ro\">Suport birou cu instrumente Paw mPatrol cu licenta.<br \/>\nSuport birou echipat, perfect pentru copii.<br \/>\nSuportul de birou contine:<br \/>\n-1 rigla<br \/>\n-1 creion<br \/>\n-1 carnetel<br \/>\n-1 radiera<br \/>\n-1 ascutitoare<br \/>\n-1 agrafa \/ clips<br \/>\n-1 suport \u2013 pahar<\/span><\/p>","protected":false},"excerpt":{"rendered":"<p><span class=\"goog-text-highlight\"><span class=\"\">Suport birou cu instrumente Paw Patrol cu licenta.<br \/>\nCod produs:GIM33438884<\/span><\/span><\/p>","protected":false},"featured_media":59865,"comment_status":"open","ping_status":"closed","template":"","meta":{"_acf_changed":false,"_seopress_robots_primary_cat":"none","_seopress_titles_title":"","_seopress_titles_desc":"","_seopress_robots_index":""},"product_brand":[],"product_cat":[11519],"giftcard-category":[],"class_list":{"0":"post-59867","1":"product","2":"type-product","3":"status-publish","4":"has-post-thumbnail","6":"product_cat-rechizite","8":"first","9":"instock","10":"taxable","11":"shipping-taxable","12":"purchasable","13":"product-type-simple"},"acf":[],"_links":{"self":[{"href":"https:\/\/totalblue.ro\/fr\/wp-json\/wp\/v2\/product\/59867","targetHints":{"allow":["GET"]}}],"collection":[{"href":"https:\/\/totalblue.ro\/fr\/wp-json\/wp\/v2\/product"}],"about":[{"href":"https:\/\/totalblue.ro\/fr\/wp-json\/wp\/v2\/types\/product"}],"replies":[{"embeddable":true,"href":"https:\/\/totalblue.ro\/fr\/wp-json\/wp\/v2\/comments?post=59867"}],"wp:featuredmedia":[{"embeddable":true,"href":"https:\/\/totalblue.ro\/fr\/wp-json\/wp\/v2\/media\/59865"}],"wp:attachment":[{"href":"https:\/\/totalblue.ro\/fr\/wp-json\/wp\/v2\/media?parent=59867"}],"wp:term":[{"taxonomy":"product_brand","embeddable":true,"href":"https:\/\/totalblue.ro\/fr\/wp-json\/wp\/v2\/product_brand?post=59867"},{"taxonomy":"product_cat","embeddable":true,"href":"https:\/\/totalblue.ro\/fr\/wp-json\/wp\/v2\/product_cat?post=59867"},{"taxonomy":"giftcard-category","embeddable":true,"href":"https:\/\/totalblue.ro\/fr\/wp-json\/wp\/v2\/giftcard-category?post=59867"}],"curies":[{"name":"wp","href":"https:\/\/api.w.org\/{rel}","templated":true}]}}