{"id":59873,"date":"2022-08-22T14:49:35","date_gmt":"2022-08-22T11:49:35","guid":{"rendered":"https:\/\/totalblue.ro\/?post_type=product&#038;p=59873"},"modified":"2023-09-19T15:57:24","modified_gmt":"2023-09-19T12:57:24","slug":"sac-a-dos-minnie-love-29-cm","status":"publish","type":"product","link":"https:\/\/totalblue.ro\/fr\/produs\/ghiozdan-minnie-love-29-cm\/","title":{"rendered":"Sac \u00e0 dos Minnie Love 29cm Minnie Love Ru"},"content":{"rendered":"<p>L'imprim\u00e9 Minnie Mouse fait ressortir le sac \u00e0 dos.<br \/>\nCon\u00e7u pour l'\u00e9cole maternelle, il est dot\u00e9 d'un grand compartiment principal.<br \/>\nIl se ferme facilement \u00e0 l'aide d'une fermeture \u00e9clair.<br \/>\nPour maintenir une posture correcte pendant le port, il est dot\u00e9 de bretelles r\u00e9glables.<br \/>\nLes dimensions du produit sont de 29x24x9 cm.<\/p>\n<p>&nbsp;<\/p>\n<p><span class=\"Y2IQFc\" lang=\"ro\">\u00a0<\/span><\/p>","protected":false},"excerpt":{"rendered":"<p><span class=\"goog-text-highlight\"><span class=\"\">L'imprim\u00e9 Minnie Mouse se d\u00e9marque du sac \u00e0 dos de l'\u00e9cole maternelle.<br \/>\nCode produit : EWA21747MN<\/span><\/span><\/p>","protected":false},"featured_media":59874,"comment_status":"open","ping_status":"closed","template":"","meta":{"_acf_changed":false,"_seopress_robots_primary_cat":"none","_seopress_titles_title":"","_seopress_titles_desc":"","_seopress_robots_index":""},"product_brand":[],"product_cat":[11519],"giftcard-category":[],"class_list":{"0":"post-59873","1":"product","2":"type-product","3":"status-publish","4":"has-post-thumbnail","6":"product_cat-rechizite","8":"first","9":"instock","10":"taxable","11":"shipping-taxable","12":"purchasable","13":"product-type-simple"},"acf":[],"_links":{"self":[{"href":"https:\/\/totalblue.ro\/fr\/wp-json\/wp\/v2\/product\/59873","targetHints":{"allow":["GET"]}}],"collection":[{"href":"https:\/\/totalblue.ro\/fr\/wp-json\/wp\/v2\/product"}],"about":[{"href":"https:\/\/totalblue.ro\/fr\/wp-json\/wp\/v2\/types\/product"}],"replies":[{"embeddable":true,"href":"https:\/\/totalblue.ro\/fr\/wp-json\/wp\/v2\/comments?post=59873"}],"wp:featuredmedia":[{"embeddable":true,"href":"https:\/\/totalblue.ro\/fr\/wp-json\/wp\/v2\/media\/59874"}],"wp:attachment":[{"href":"https:\/\/totalblue.ro\/fr\/wp-json\/wp\/v2\/media?parent=59873"}],"wp:term":[{"taxonomy":"product_brand","embeddable":true,"href":"https:\/\/totalblue.ro\/fr\/wp-json\/wp\/v2\/product_brand?post=59873"},{"taxonomy":"product_cat","embeddable":true,"href":"https:\/\/totalblue.ro\/fr\/wp-json\/wp\/v2\/product_cat?post=59873"},{"taxonomy":"giftcard-category","embeddable":true,"href":"https:\/\/totalblue.ro\/fr\/wp-json\/wp\/v2\/giftcard-category?post=59873"}],"curies":[{"name":"wp","href":"https:\/\/api.w.org\/{rel}","templated":true}]}}