{"id":59885,"date":"2022-08-22T14:57:08","date_gmt":"2022-08-22T11:57:08","guid":{"rendered":"https:\/\/totalblue.ro\/?post_type=product&#038;p=59885"},"modified":"2023-09-19T15:56:40","modified_gmt":"2023-09-19T12:56:40","slug":"stylo-minnie-stars-avec-2-compartiments-equipe-de-27-pieces","status":"publish","type":"product","link":"https:\/\/totalblue.ro\/fr\/produs\/penar-minnie-stars-cu-2-compartimente-echipat-27-piese\/","title":{"rendered":"Stylo Minnie Stars avec 2 compartiments \u00e9quip\u00e9s de 27 pi\u00e8ces"},"content":{"rendered":"<p><span class=\"Y2IQFc\" lang=\"ro\">Stylo multifonctionnel avec souris Mnnie, enti\u00e8rement \u00e9quip\u00e9 de 2 compartiments.<br \/>\nLa fermeture \u00e0 glissi\u00e8re est pratique pour garder tout le contenu en s\u00e9curit\u00e9 et facile \u00e0 manipuler pour les enfants.<br \/>\nL\u00e9ger et lavable, ce stylo est fabriqu\u00e9 dans un mat\u00e9riau r\u00e9sistant et tr\u00e8s agr\u00e9able au toucher.<br \/>\nCette trousse contient les instruments d'\u00e9criture n\u00e9cessaires pour la cr\u00e8che ou l'\u00e9cole.<br \/>\nLa trousse contient 27 fournitures scolaires :<br \/>\n- 10 crayons de couleur<br \/>\n- 10 carioci<br \/>\n- 2 crayons HB<br \/>\n- 1 taille-crayon<br \/>\n- 1 gomme<br \/>\n- 1 r\u00e8gle<br \/>\n- 1 bloc-notes<br \/>\n- 1 heure<br \/>\nDimensions : 20x4x14 cm<\/span><\/p>","protected":false},"excerpt":{"rendered":"<p><span class=\"goog-text-highlight\"><span class=\"\">Stylo multifonctionnel \u00e0 l'effigie de Minnie Mouse, enti\u00e8rement \u00e9quip\u00e9 de 2 compartiments.<br \/>\nCode produit : GIM3404444100<\/span><\/span><\/p>","protected":false},"featured_media":59887,"comment_status":"open","ping_status":"closed","template":"","meta":{"_acf_changed":false,"_seopress_robots_primary_cat":"none","_seopress_titles_title":"","_seopress_titles_desc":"","_seopress_robots_index":""},"product_brand":[],"product_cat":[11519],"giftcard-category":[],"class_list":{"0":"post-59885","1":"product","2":"type-product","3":"status-publish","4":"has-post-thumbnail","6":"product_cat-rechizite","8":"first","9":"instock","10":"taxable","11":"shipping-taxable","12":"purchasable","13":"product-type-simple"},"acf":[],"_links":{"self":[{"href":"https:\/\/totalblue.ro\/fr\/wp-json\/wp\/v2\/product\/59885","targetHints":{"allow":["GET"]}}],"collection":[{"href":"https:\/\/totalblue.ro\/fr\/wp-json\/wp\/v2\/product"}],"about":[{"href":"https:\/\/totalblue.ro\/fr\/wp-json\/wp\/v2\/types\/product"}],"replies":[{"embeddable":true,"href":"https:\/\/totalblue.ro\/fr\/wp-json\/wp\/v2\/comments?post=59885"}],"wp:featuredmedia":[{"embeddable":true,"href":"https:\/\/totalblue.ro\/fr\/wp-json\/wp\/v2\/media\/59887"}],"wp:attachment":[{"href":"https:\/\/totalblue.ro\/fr\/wp-json\/wp\/v2\/media?parent=59885"}],"wp:term":[{"taxonomy":"product_brand","embeddable":true,"href":"https:\/\/totalblue.ro\/fr\/wp-json\/wp\/v2\/product_brand?post=59885"},{"taxonomy":"product_cat","embeddable":true,"href":"https:\/\/totalblue.ro\/fr\/wp-json\/wp\/v2\/product_cat?post=59885"},{"taxonomy":"giftcard-category","embeddable":true,"href":"https:\/\/totalblue.ro\/fr\/wp-json\/wp\/v2\/giftcard-category?post=59885"}],"curies":[{"name":"wp","href":"https:\/\/api.w.org\/{rel}","templated":true}]}}