{"id":59894,"date":"2022-08-22T15:03:21","date_gmt":"2022-08-22T12:03:21","guid":{"rendered":"https:\/\/totalblue.ro\/?post_type=product&#038;p=59894"},"modified":"2025-09-10T09:25:21","modified_gmt":"2025-09-10T06:25:21","slug":"ghiozdan-minnie-mouse-unicorn-dreams-38-cm","status":"publish","type":"product","link":"https:\/\/totalblue.ro\/fr\/produs\/ghiozdan-minnie-mouse-unicorn-dreams-38-cm\/","title":{"rendered":"Sac \u00e0 dos Licorne Minnie Mouse R\u00eaves de Licorne 38 cm"},"content":{"rendered":"<p><span class=\"Y2IQFc\" lang=\"ro\">L'imprim\u00e9 Minnie Mouse fait ressortir le sac \u00e0 dos.<br \/>\nCon\u00e7u pour l'\u00e9cole, il est dot\u00e9 d'un grand compartiment principal et d'une poche frontale zipp\u00e9e.<br \/>\nSac \u00e0 dos fabriqu\u00e9 dans un mat\u00e9riau r\u00e9sistant \u00e0 l'eau.<br \/>\nLes bretelles du sac \u00e0 dos sont rembourr\u00e9es et r\u00e9glables.<br \/>\nLe sac \u00e0 dos dispose de deux poches lat\u00e9rales pour les bouteilles d'eau.<br \/>\nDimensiunile produsului sunt 32x12x38cm.<\/span><\/p>","protected":false},"excerpt":{"rendered":"<p><span class=\"goog-text-highlight\"><span class=\"\">L'imprim\u00e9 Minnie Mouse fait ressortir le sac \u00e0 dos.<br \/>\nCod produs: SFA612012640<\/span><\/span><\/p>","protected":false},"featured_media":59898,"comment_status":"open","ping_status":"closed","template":"","meta":{"_acf_changed":false,"_seopress_robots_primary_cat":"none","_seopress_titles_title":"","_seopress_titles_desc":"","_seopress_robots_index":""},"product_brand":[],"product_cat":[11519],"giftcard-category":[],"class_list":{"0":"post-59894","1":"product","2":"type-product","3":"status-publish","4":"has-post-thumbnail","6":"product_cat-rechizite","8":"first","9":"instock","10":"taxable","11":"shipping-taxable","12":"purchasable","13":"product-type-simple"},"acf":[],"_links":{"self":[{"href":"https:\/\/totalblue.ro\/fr\/wp-json\/wp\/v2\/product\/59894","targetHints":{"allow":["GET"]}}],"collection":[{"href":"https:\/\/totalblue.ro\/fr\/wp-json\/wp\/v2\/product"}],"about":[{"href":"https:\/\/totalblue.ro\/fr\/wp-json\/wp\/v2\/types\/product"}],"replies":[{"embeddable":true,"href":"https:\/\/totalblue.ro\/fr\/wp-json\/wp\/v2\/comments?post=59894"}],"wp:featuredmedia":[{"embeddable":true,"href":"https:\/\/totalblue.ro\/fr\/wp-json\/wp\/v2\/media\/59898"}],"wp:attachment":[{"href":"https:\/\/totalblue.ro\/fr\/wp-json\/wp\/v2\/media?parent=59894"}],"wp:term":[{"taxonomy":"product_brand","embeddable":true,"href":"https:\/\/totalblue.ro\/fr\/wp-json\/wp\/v2\/product_brand?post=59894"},{"taxonomy":"product_cat","embeddable":true,"href":"https:\/\/totalblue.ro\/fr\/wp-json\/wp\/v2\/product_cat?post=59894"},{"taxonomy":"giftcard-category","embeddable":true,"href":"https:\/\/totalblue.ro\/fr\/wp-json\/wp\/v2\/giftcard-category?post=59894"}],"curies":[{"name":"wp","href":"https:\/\/api.w.org\/{rel}","templated":true}]}}