{"id":60239,"date":"2022-08-30T10:03:04","date_gmt":"2022-08-30T07:03:04","guid":{"rendered":"https:\/\/totalblue.ro\/?post_type=product&#038;p=60239"},"modified":"2025-12-19T14:07:21","modified_gmt":"2025-12-19T12:07:21","slug":"gel-de-dus-cu-extract-de-musetel-bon-bebe-300-ml","status":"publish","type":"product","link":"https:\/\/totalblue.ro\/fr\/produs\/gel-de-dus-cu-extract-de-musetel-bon-bebe-300-ml\/","title":{"rendered":"Gel de dus cu extract de musetel Bon Bebe 300 ml"},"content":{"rendered":"<div role=\"tabpanel\" aria-labelledby=\"tab-title-description\"><span class=\"HwtZe\" lang=\"ro\"><span class=\"jCAhz ChMk0b\"><span class=\"ryNqvb\">Ingrediente : ap\u0103, lauril sulfat de sodiu, clorur\u0103 de sodiu, cocamidopropil betain\u0103, coco-glucozid\u0103, oleat de gliceril, distearat de glicol, glicerin\u0103, laureth-4, parfum, pantenol, extract de flori de mu\u0219e\u021bel (Chamomilla recutita), tocoferol, citrat de gliceride hidrogenate de palmier, glicin\u0103, ferocianur\u0103 de sodiu, benzoat de sodiu, sorbat de potasiu, acid sorbic, acid citric<\/span><\/span><\/span><\/div>\n<div id=\"tab-description\" class=\"woocommerce-Tabs-panel woocommerce-Tabs-panel--description panel entry-content active\" role=\"tabpanel\" aria-labelledby=\"tab-title-description\"><span class=\"st\">\u2713<\/span>Foarte bland si moale<br \/>\n<span class=\"st\">\u2713<\/span>Testat dermatologic<br \/>\n<span class=\"st\">\u2713<\/span>pH neutru<br \/>\n<span class=\"st\">\u2713<\/span>0% coloranti si alergeni de parfum<br \/>\nGelul de dus Bonb\u00e9b\u00e9 nu contine coloranti si alergeni de parfum, ceea ce face ca acest produs sa fie foarte potrivit pentru pielea sensibila si fragila a bebelusilor.<br \/>\nExtractul de musetel si pantenolul adaugat sustin echilibrul natural de umiditate si ajuta la prevenirea deshidratarii. Potrivit pentru utilizarea de zi cu zi.<\/div>","protected":false},"excerpt":{"rendered":"<p>Ingrediente : ap\u0103, lauril sulfat de sodiu, clorur\u0103 de sodiu, cocamidopropil betain\u0103, coco-glucozid\u0103, oleat de gliceril, distearat de glicol, glicerin\u0103, laureth-4, parfum, pantenol, extract de flori de mu\u0219e\u021bel (Chamomilla recutita), tocoferol, citrat de gliceride hidrogenate de palmier, glicin\u0103, ferocianur\u0103 de sodiu, benzoat de sodiu, sorbat de potasiu, acid sorbic, acid citric \u2713Foarte bland si moale [&#8230;]\n","protected":false},"featured_media":60234,"comment_status":"open","ping_status":"closed","template":"","meta":{"_acf_changed":false,"_seopress_robots_primary_cat":"1940","_seopress_titles_title":"","_seopress_titles_desc":"","_seopress_robots_index":""},"product_brand":[7974],"product_cat":[1520,1940],"giftcard-category":[],"class_list":{"0":"post-60239","1":"product","2":"type-product","3":"status-publish","4":"has-post-thumbnail","6":"product_brand-bon-bebe","7":"product_cat-mama-copilul","8":"product_cat-sampoane-detergenti","10":"first","11":"instock","12":"taxable","13":"shipping-taxable","14":"purchasable","15":"product-type-simple"},"acf":[],"_links":{"self":[{"href":"https:\/\/totalblue.ro\/fr\/wp-json\/wp\/v2\/product\/60239","targetHints":{"allow":["GET"]}}],"collection":[{"href":"https:\/\/totalblue.ro\/fr\/wp-json\/wp\/v2\/product"}],"about":[{"href":"https:\/\/totalblue.ro\/fr\/wp-json\/wp\/v2\/types\/product"}],"replies":[{"embeddable":true,"href":"https:\/\/totalblue.ro\/fr\/wp-json\/wp\/v2\/comments?post=60239"}],"wp:featuredmedia":[{"embeddable":true,"href":"https:\/\/totalblue.ro\/fr\/wp-json\/wp\/v2\/media\/60234"}],"wp:attachment":[{"href":"https:\/\/totalblue.ro\/fr\/wp-json\/wp\/v2\/media?parent=60239"}],"wp:term":[{"taxonomy":"product_brand","embeddable":true,"href":"https:\/\/totalblue.ro\/fr\/wp-json\/wp\/v2\/product_brand?post=60239"},{"taxonomy":"product_cat","embeddable":true,"href":"https:\/\/totalblue.ro\/fr\/wp-json\/wp\/v2\/product_cat?post=60239"},{"taxonomy":"giftcard-category","embeddable":true,"href":"https:\/\/totalblue.ro\/fr\/wp-json\/wp\/v2\/giftcard-category?post=60239"}],"curies":[{"name":"wp","href":"https:\/\/api.w.org\/{rel}","templated":true}]}}