{"id":60250,"date":"2022-08-30T11:16:39","date_gmt":"2022-08-30T08:16:39","guid":{"rendered":"https:\/\/totalblue.ro\/?post_type=product&#038;p=60250"},"modified":"2025-12-29T15:25:46","modified_gmt":"2025-12-29T13:25:46","slug":"lays-wokkels-natural-chipsuri-import-olanda-100g","status":"publish","type":"product","link":"https:\/\/totalblue.ro\/fr\/produs\/lays-wokkels-natural-chipsuri-import-olanda-100g\/","title":{"rendered":"Lay&#8217;s Wokkels Natural Chipsuri Import Olanda, 100g"},"content":{"rendered":"<p id=\"tw-target-text\" class=\"tw-data-text tw-text-large tw-ta\" dir=\"ltr\" data-placeholder=\"Traducere\" data-ved=\"2ahUKEwifs8fXst6JAxX9_rsIHXXML30Q3ewLegQICRAT\" aria-label=\"Text tradus: Ingrediente: amidon de cartofi, pudr\u0103 de cartofi, ulei de floarea soarelui, f\u0103in\u0103 de orez, arom\u0103 savuroas\u0103 [zer praf (lapte), dextroz\u0103, arom\u0103 (con\u021bine acid butiric (lapte), ceap\u0103, boia de ardei, pudr\u0103 de br\u00e2nz\u0103), poten\u021bator de arom\u0103 (glutamat monosodic, guanilat disodic) ), clorur\u0103 de potasiu, acidulant (acid citric)], sare, coloran\u021bi (curcumin\u0103, annatto bixin). Poate contine soia.\"><span class=\"Y2IQFc\" lang=\"ro\">Ingrediente: amidon de cartofi, pudr\u0103 de cartofi, ulei de floarea soarelui, f\u0103in\u0103 de orez, arom\u0103 savuroas\u0103 [zer praf (lapte), dextroz\u0103, arom\u0103 (con\u021bine acid butiric (lapte), ceap\u0103, boia de ardei, pudr\u0103 de br\u00e2nz\u0103), poten\u021bator de arom\u0103 (glutamat monosodic, guanilat disodic) ), clorur\u0103 de potasiu, acidulant (acid citric)], sare, coloran\u021bi (curcumin\u0103, annatto bixin). Poate contine soia.<br \/>\nValori nutritionale \/ 100 g:<br \/>\nEnergie 1910 kJ (460 kcal)<br \/>\nGrasimi 19 g din care grasimi saturate 1,6 g<br \/>\nGlucide 67 g din care zaharuri 1.9 g<br \/>\nFibre alimentare 4 g<br \/>\nProteine \u200b\u200b4 g<br \/>\nSare 2,2 g<br \/>\n<\/span><\/p>\n<p>Fabricat de PepsiCo Nederland BV, Zonnebaan 35, 3542 EB Utrecht, Olanda<br \/>\nImportator si distribuitor Total Blue Impex SRL<\/p>\n<p><a href=\"https:\/\/totalblue.ro\/wp-content\/uploads\/2021\/04\/nutriscore-d.jpg\"><img loading=\"lazy\" decoding=\"async\" class=\"alignnone wp-image-53426\" src=\"https:\/\/totalblue.ro\/wp-content\/uploads\/2021\/04\/nutriscore-d.jpg\" alt=\"\" width=\"125\" height=\"68\" srcset=\"https:\/\/totalblue.ro\/wp-content\/uploads\/2021\/04\/nutriscore-d.jpg 300w, https:\/\/totalblue.ro\/wp-content\/uploads\/2021\/04\/nutriscore-d-96x52.jpg 96w, https:\/\/totalblue.ro\/wp-content\/uploads\/2021\/04\/nutriscore-d-42x23.jpg 42w, https:\/\/totalblue.ro\/wp-content\/uploads\/2021\/04\/nutriscore-d-60x33.jpg 60w, https:\/\/totalblue.ro\/wp-content\/uploads\/2021\/04\/nutriscore-d-100x54.jpg 100w\" sizes=\"auto, (max-width: 125px) 100vw, 125px\" \/><\/a><\/p>\n","protected":false},"excerpt":{"rendered":"<p>Ingrediente: amidon de cartofi, pudr\u0103 de cartofi, ulei de floarea soarelui, f\u0103in\u0103 de orez, arom\u0103 savuroas\u0103 [zer praf (lapte), dextroz\u0103, arom\u0103 (con\u021bine acid butiric (lapte), ceap\u0103, boia de ardei, pudr\u0103 de br\u00e2nz\u0103), poten\u021bator de arom\u0103 (glutamat monosodic, guanilat disodic) ), clorur\u0103 de potasiu, acidulant (acid citric)], sare, coloran\u021bi (curcumin\u0103, annatto bixin). Poate contine soia. Valori [&#8230;]\n","protected":false},"featured_media":60252,"comment_status":"open","ping_status":"closed","template":"","meta":{"_acf_changed":false,"_seopress_robots_primary_cat":"none","_seopress_titles_title":"Lay's Wokkels Natural Chipsuri Import Olanda, chipsuri","_seopress_titles_desc":"Cauti chipsuri online? Cumpara acum Lay's Wokkels Natural Chipsuri Import Olanda, chipsuri spiralate, chipsuri sarate, chipsuri wokkels olandeze.","_seopress_robots_index":""},"product_brand":[9795],"product_cat":[1555,7021,3338,1767],"giftcard-category":[],"class_list":{"0":"post-60250","1":"product","2":"type-product","3":"status-publish","4":"has-post-thumbnail","6":"product_brand-lays","7":"product_cat-bacanie","8":"product_cat-dulciuri-snacks","9":"product_cat-dulciuri-snacksuri","10":"product_cat-produse-olanda","12":"first","13":"outofstock","14":"taxable","15":"shipping-taxable","16":"purchasable","17":"product-type-simple"},"acf":[],"_links":{"self":[{"href":"https:\/\/totalblue.ro\/fr\/wp-json\/wp\/v2\/product\/60250","targetHints":{"allow":["GET"]}}],"collection":[{"href":"https:\/\/totalblue.ro\/fr\/wp-json\/wp\/v2\/product"}],"about":[{"href":"https:\/\/totalblue.ro\/fr\/wp-json\/wp\/v2\/types\/product"}],"replies":[{"embeddable":true,"href":"https:\/\/totalblue.ro\/fr\/wp-json\/wp\/v2\/comments?post=60250"}],"wp:featuredmedia":[{"embeddable":true,"href":"https:\/\/totalblue.ro\/fr\/wp-json\/wp\/v2\/media\/60252"}],"wp:attachment":[{"href":"https:\/\/totalblue.ro\/fr\/wp-json\/wp\/v2\/media?parent=60250"}],"wp:term":[{"taxonomy":"product_brand","embeddable":true,"href":"https:\/\/totalblue.ro\/fr\/wp-json\/wp\/v2\/product_brand?post=60250"},{"taxonomy":"product_cat","embeddable":true,"href":"https:\/\/totalblue.ro\/fr\/wp-json\/wp\/v2\/product_cat?post=60250"},{"taxonomy":"giftcard-category","embeddable":true,"href":"https:\/\/totalblue.ro\/fr\/wp-json\/wp\/v2\/giftcard-category?post=60250"}],"curies":[{"name":"wp","href":"https:\/\/api.w.org\/{rel}","templated":true}]}}