{"id":60418,"date":"2022-08-31T14:00:33","date_gmt":"2022-08-31T11:00:33","guid":{"rendered":"https:\/\/totalblue.ro\/?post_type=product&#038;p=60418"},"modified":"2025-10-10T10:54:26","modified_gmt":"2025-10-10T07:54:26","slug":"hak-sos-de-mere-cu-scortisoara-355g-import-olanda","status":"publish","type":"product","link":"https:\/\/totalblue.ro\/fr\/produs\/hak-sos-de-mere-cu-scortisoara-355g-import-olanda\/","title":{"rendered":"Hak Appel Sos de mere cu scortisoara 355g, import Olanda"},"content":{"rendered":"<p>Sos de mere cu scortisoara Hak 335 g<br \/>\nSosul de mere cu scortisoara Hak este fabricat din mere atent selectionate. O combinatie unica din 3 soiuri de mere. Amestecul din cele 3 soiuri de mere ofera o aroma unica si structura solida. Un desert delicios !<br \/>\nIngrediente: mere 97%, zahar, scortisoara 0,2%, concentrat de suc de lamaie, antioxidant (acid ascorbic).<br \/>\nProduit v\u00e9g\u00e9tarien.<br \/>\nSans gluten.<br \/>\nRecomandari: Folositi o lingura din lemn sau plastic. Nu utilizati continutul atunci cand capacul este convex.<br \/>\nServir avec de la cr\u00e8me fouett\u00e9e ou des raisins secs.<br \/>\nPeut \u00eatre mis dans des moules \u00e0 glace et plac\u00e9 au cong\u00e9lateur. Savourez une d\u00e9licieuse glace \u00e0 la pomme fra\u00eeche !<br \/>\nPeut \u00eatre utilis\u00e9 dans les g\u00e2teaux.<br \/>\nConditii de pastrare: Dupa deschidere, pastrati-l la frigider (max. 7 \u00b0 C)<br \/>\nValori nutritionale per 100g:<br \/>\nEnergie 256 kJ (61 kcal)<br \/>\nGrasimi 0,2 g din care grasimi saturate 0 g<br \/>\nGlucide 13,5 g din care zaharuri1 13 g<br \/>\nFibre alimentare 2 g<br \/>\nProt\u00e9ines 0,3 g<br \/>\nSel 0,01 g<br \/>\nPr\u00e9sentation : pot en verre avec couvercle.<\/p>\n<p>Fabriqu\u00e9 aux Pays-Bas par HAK B.V.<br \/>\nPostbus 2, 4283 ZG Giessen, Pays-Bas<br \/>\nImportateur et distributeur Total Blue Impex SRL<br \/>\n<a href=\"https:\/\/totalblue.ro\/wp-content\/uploads\/2021\/04\/nutri-score.jpg\"><img loading=\"lazy\" decoding=\"async\" class=\"alignnone wp-image-28257\" src=\"https:\/\/totalblue.ro\/wp-content\/uploads\/2021\/04\/nutri-score.jpg\" alt=\"\" width=\"211\" height=\"148\" srcset=\"https:\/\/totalblue.ro\/wp-content\/uploads\/2021\/04\/nutri-score.jpg 500w, https:\/\/totalblue.ro\/wp-content\/uploads\/2021\/04\/nutri-score-100x70.jpg 100w\" sizes=\"auto, (max-width: 211px) 100vw, 211px\" \/><\/a><\/p>\n<p>&nbsp;<\/p>","protected":false},"excerpt":{"rendered":"<p>Sos de mere cu scortisoara Hak 335 g Sosul de mere cu scortisoara Hak este fabricat din mere atent selectionate. O combinatie unica din 3 soiuri de mere. Amestecul din cele 3 soiuri de mere ofera o aroma unica si structura solida. Un desert delicios ! Ingrediente: mere 97%, zahar, scortisoara 0,2%, concentrat de suc [&#8230;]\n","protected":false},"featured_media":60420,"comment_status":"open","ping_status":"closed","template":"","meta":{"_acf_changed":false,"_seopress_robots_primary_cat":"1767","_seopress_titles_title":"","_seopress_titles_desc":"Sosul de mere Hak este fabricat din mere atent selectionate. O combinatie unica din 3 soiuri de mere delicioase.","_seopress_robots_index":""},"product_brand":[2014],"product_cat":[1555,1506,3280,1683,1767],"giftcard-category":[],"class_list":{"0":"post-60418","1":"product","2":"type-product","3":"status-publish","4":"has-post-thumbnail","6":"product_brand-hak","7":"product_cat-bacanie","8":"product_cat-cafea-ceai-mic-dejun","9":"product_cat-condimente-sosuri","10":"product_cat-conserve-mancare-gatita","11":"product_cat-produse-olanda","13":"first","14":"instock","15":"taxable","16":"shipping-taxable","17":"purchasable","18":"product-type-simple"},"acf":[],"_links":{"self":[{"href":"https:\/\/totalblue.ro\/fr\/wp-json\/wp\/v2\/product\/60418","targetHints":{"allow":["GET"]}}],"collection":[{"href":"https:\/\/totalblue.ro\/fr\/wp-json\/wp\/v2\/product"}],"about":[{"href":"https:\/\/totalblue.ro\/fr\/wp-json\/wp\/v2\/types\/product"}],"replies":[{"embeddable":true,"href":"https:\/\/totalblue.ro\/fr\/wp-json\/wp\/v2\/comments?post=60418"}],"wp:featuredmedia":[{"embeddable":true,"href":"https:\/\/totalblue.ro\/fr\/wp-json\/wp\/v2\/media\/60420"}],"wp:attachment":[{"href":"https:\/\/totalblue.ro\/fr\/wp-json\/wp\/v2\/media?parent=60418"}],"wp:term":[{"taxonomy":"product_brand","embeddable":true,"href":"https:\/\/totalblue.ro\/fr\/wp-json\/wp\/v2\/product_brand?post=60418"},{"taxonomy":"product_cat","embeddable":true,"href":"https:\/\/totalblue.ro\/fr\/wp-json\/wp\/v2\/product_cat?post=60418"},{"taxonomy":"giftcard-category","embeddable":true,"href":"https:\/\/totalblue.ro\/fr\/wp-json\/wp\/v2\/giftcard-category?post=60418"}],"curies":[{"name":"wp","href":"https:\/\/api.w.org\/{rel}","templated":true}]}}