{"id":60439,"date":"2022-08-31T14:54:34","date_gmt":"2022-08-31T11:54:34","guid":{"rendered":"https:\/\/totalblue.ro\/?post_type=product&#038;p=60439"},"modified":"2025-08-07T13:17:18","modified_gmt":"2025-08-07T10:17:18","slug":"sardines-des-princes-a-lhuile-de-tournesol-110g-import-des-pays-bas","status":"publish","type":"product","link":"https:\/\/totalblue.ro\/fr\/produs\/princes-sardine-in-ulei-de-floarea-soarelui-110g-import-olanda\/","title":{"rendered":"Princes Sardines \u00e0 l'huile de tournesol 110g, import\u00e9es de Hollande"},"content":{"rendered":"<p>Ingr\u00e9dients : sardines (Sprattus sprattus*), huile de tournesol, sel.<br \/>\n*captur\u00e9 dans la mer Baltique<br \/>\nAllerg\u00e8nes : contient du poisson<br \/>\nInformations nutritionnelles pour 100g<br \/>\nEnergis : 881kj\/212kcal<br \/>\nMati\u00e8res grasses : 16,0 g<br \/>\nDont acides gras satur\u00e9s : 3,3 g<br \/>\nDont acides gras polyinsatur\u00e9s : 6,2 g<br \/>\nGlucides : &lt;0,5 g<br \/>\nDont sucres : &lt;0,5g<br \/>\nProt\u00e9ines : 17,0 g<br \/>\nSel : 0,92 g<br \/>\nAcides gras om\u00e9ga-3 2,4 g<\/p>\n<p>Emballage et contenu : bo\u00eete m\u00e9tallique avec cl\u00e9 pour faciliter l'ouverture.<br \/>\nConditions de conservation : conserver dans un endroit sec et frais, \u00e0 l'abri de la lumi\u00e8re directe du soleil.<br \/>\nConsommer avant : voir sur l'emballage.<br \/>\nCertificat : Marine Stewardship Council (label MSC pour les produits de la mer certifi\u00e9s)<br \/>\nFabriqu\u00e9 par Princes Foods B.V., Postbus 19157, 3001 BD, Rotterdam, Pays-Bas.<br \/>\nImportateur et distributeur Total Blue Impex SRL<\/p>","protected":false},"excerpt":{"rendered":"<p>Ingrediente: Sardine (Peste)(Sprattus sprattus*), ulei de floarea soarelui, sare. *prins in Marea Baltica Alergeni: contine peste Informatii nutritionale la 100g Energis: 881kj\/212kcal Grasimi: 16,0 g Din care acizi grasi saturati: 3,3 g Din care acizi grasi polinesaturati: 6,2g Carbohidrati: &lt;0,5 g Din care zaharuri: &lt;0,5g Proteine: 17,0 g Sare: 0,92 g Acizi gra\u0219i Omega 3 [&#8230;]\n","protected":false},"featured_media":60441,"comment_status":"open","ping_status":"closed","template":"","meta":{"_acf_changed":false,"_seopress_robots_primary_cat":"none","_seopress_titles_title":"","_seopress_titles_desc":"","_seopress_robots_index":""},"product_brand":[11672],"product_cat":[1555,1683,3272,1767],"giftcard-category":[],"class_list":{"0":"post-60439","1":"product","2":"type-product","3":"status-publish","4":"has-post-thumbnail","6":"product_brand-princes","7":"product_cat-bacanie","8":"product_cat-conserve-mancare-gatita","9":"product_cat-conserve","10":"product_cat-produse-olanda","12":"first","13":"outofstock","14":"taxable","15":"shipping-taxable","16":"purchasable","17":"product-type-simple"},"acf":[],"_links":{"self":[{"href":"https:\/\/totalblue.ro\/fr\/wp-json\/wp\/v2\/product\/60439","targetHints":{"allow":["GET"]}}],"collection":[{"href":"https:\/\/totalblue.ro\/fr\/wp-json\/wp\/v2\/product"}],"about":[{"href":"https:\/\/totalblue.ro\/fr\/wp-json\/wp\/v2\/types\/product"}],"replies":[{"embeddable":true,"href":"https:\/\/totalblue.ro\/fr\/wp-json\/wp\/v2\/comments?post=60439"}],"wp:featuredmedia":[{"embeddable":true,"href":"https:\/\/totalblue.ro\/fr\/wp-json\/wp\/v2\/media\/60441"}],"wp:attachment":[{"href":"https:\/\/totalblue.ro\/fr\/wp-json\/wp\/v2\/media?parent=60439"}],"wp:term":[{"taxonomy":"product_brand","embeddable":true,"href":"https:\/\/totalblue.ro\/fr\/wp-json\/wp\/v2\/product_brand?post=60439"},{"taxonomy":"product_cat","embeddable":true,"href":"https:\/\/totalblue.ro\/fr\/wp-json\/wp\/v2\/product_cat?post=60439"},{"taxonomy":"giftcard-category","embeddable":true,"href":"https:\/\/totalblue.ro\/fr\/wp-json\/wp\/v2\/giftcard-category?post=60439"}],"curies":[{"name":"wp","href":"https:\/\/api.w.org\/{rel}","templated":true}]}}