{"id":61158,"date":"2022-09-07T12:42:01","date_gmt":"2022-09-07T09:42:01","guid":{"rendered":"https:\/\/totalblue.ro\/?post_type=product&#038;p=61158"},"modified":"2025-08-01T10:28:26","modified_gmt":"2025-08-01T07:28:26","slug":"desert-bio-alete-cirese-banane-mere-4-luni-190g","status":"publish","type":"product","link":"https:\/\/totalblue.ro\/fr\/produs\/desert-bio-alete-cirese-banane-mere-4-luni-190g\/","title":{"rendered":"Cerises, bananes, pommes bio 4+ mois, 190g"},"content":{"rendered":"<p>Desert Bio Alete Cirese, Banane, Mere pentru bebelusi cu varsta peste 4 luni.<br \/>\nDesertul pentru copii are o savoare si textura ce contribuie la dezvoltarea gustului.<br \/>\nUn d\u00e9licieux go\u00fbter pour b\u00e9b\u00e9 avec des ingr\u00e9dients purs et naturels.<br \/>\nCon\u021binut si greutate: 190 grame.<br \/>\n<strong>Ingr\u00e9dient :<\/strong><span class=\"Y2IQFc\" lang=\"ro\">Piure de mere* 54%, piure de banane* 34%, piure de vi\u0219ine* 12%.<\/span><span class=\"Y2IQFc\" lang=\"ro\">*din cultura organica controlata<br \/>\n<\/span>Sans gluten.<br \/>\nFara proteine \u200b\u200bdin lapte de vaca.<br \/>\nEmball\u00e9 dans un bocal en verre avec couvercle \u00e0 cliquer.<br \/>\n<strong>Avant de l'ouvrir, appuyez sur le couvercle. S'il n'y a pas de d\u00e9clic, n'utilisez pas le contenu !<\/strong><br \/>\n<strong>Pr\u00e9paration<\/strong>M\u00e9langer le contenu et d\u00e9poser la quantit\u00e9 souhait\u00e9e sur une assiette. Utilisez une cuill\u00e8re en plastique pour cette op\u00e9ration.<br \/>\nConserver le reste du contenu scell\u00e9 au r\u00e9frig\u00e9rateur et l'utiliser dans les 24 heures.<br \/>\nNe pas r\u00e9utiliser les restes.<br \/>\n<strong>Valeurs nutritionnelles\/100g :<br \/>\n<\/strong>Energie 274 kJ (65 kcal)<br \/>\nGrasimi 0,2 g din care grasimi saturate 0 g<br \/>\nCarbohidra\u021bi 14.4 g din care zaharuri 12 g<br \/>\nFibre alimentare 1.5 g<br \/>\nProt\u00e9ines 0,6 g<br \/>\nSel 0,05 g<\/p>","protected":false},"excerpt":{"rendered":"<p>Desert Bio Alete Cirese, Banane, Mere pentru bebelusi cu varsta peste 4 luni. Desertul pentru copii are o savoare si textura ce contribuie la dezvoltarea gustului. O gustare delicioasa pentru bebelusi cu ingrediente pure si naturale. Con\u021binut si greutate: 190 grame. Ingrediente:Piure de mere* 54%, piure de banane* 34%, piure de vi\u0219ine* 12%.*din cultura organica [&#8230;]\n","protected":false},"featured_media":61160,"comment_status":"open","ping_status":"closed","template":"","meta":{"_acf_changed":false,"_seopress_robots_primary_cat":"1767","_seopress_titles_title":"","_seopress_titles_desc":"","_seopress_robots_index":""},"product_brand":[11779],"product_cat":[1984,1520,20200,5677,1950,1767],"giftcard-category":[],"class_list":{"0":"post-61158","1":"product","2":"type-product","3":"status-publish","4":"has-post-thumbnail","6":"product_brand-alete","7":"product_cat-hrana-bebelusi","8":"product_cat-mama-copilul","9":"product_cat-mancare-bebe","10":"product_cat-mancare-si-accesorii-bebe","11":"product_cat-produse-germania","12":"product_cat-produse-olanda","14":"first","15":"outofstock","16":"taxable","17":"shipping-taxable","18":"purchasable","19":"product-type-simple"},"acf":[],"_links":{"self":[{"href":"https:\/\/totalblue.ro\/fr\/wp-json\/wp\/v2\/product\/61158","targetHints":{"allow":["GET"]}}],"collection":[{"href":"https:\/\/totalblue.ro\/fr\/wp-json\/wp\/v2\/product"}],"about":[{"href":"https:\/\/totalblue.ro\/fr\/wp-json\/wp\/v2\/types\/product"}],"replies":[{"embeddable":true,"href":"https:\/\/totalblue.ro\/fr\/wp-json\/wp\/v2\/comments?post=61158"}],"wp:featuredmedia":[{"embeddable":true,"href":"https:\/\/totalblue.ro\/fr\/wp-json\/wp\/v2\/media\/61160"}],"wp:attachment":[{"href":"https:\/\/totalblue.ro\/fr\/wp-json\/wp\/v2\/media?parent=61158"}],"wp:term":[{"taxonomy":"product_brand","embeddable":true,"href":"https:\/\/totalblue.ro\/fr\/wp-json\/wp\/v2\/product_brand?post=61158"},{"taxonomy":"product_cat","embeddable":true,"href":"https:\/\/totalblue.ro\/fr\/wp-json\/wp\/v2\/product_cat?post=61158"},{"taxonomy":"giftcard-category","embeddable":true,"href":"https:\/\/totalblue.ro\/fr\/wp-json\/wp\/v2\/giftcard-category?post=61158"}],"curies":[{"name":"wp","href":"https:\/\/api.w.org\/{rel}","templated":true}]}}