{"id":61162,"date":"2022-09-07T12:44:58","date_gmt":"2022-09-07T09:44:58","guid":{"rendered":"https:\/\/totalblue.ro\/?post_type=product&#038;p=61162"},"modified":"2025-08-01T10:28:25","modified_gmt":"2025-08-01T07:28:25","slug":"desert-bio-alete-pere-mango-4-luni-190g","status":"publish","type":"product","link":"https:\/\/totalblue.ro\/fr\/produs\/desert-bio-alete-pere-mango-4-luni-190g\/","title":{"rendered":"Dessert Bio Poire, Mangue 4+ mois, 190g"},"content":{"rendered":"<p>Desert Bio Alete Pere, Mango pentru bebelusi cu varsta peste 4 luni.<br \/>\nDesertul pentru copii are o savoare si textura ce contribuie la dezvoltarea gustului.<br \/>\nUn d\u00e9licieux go\u00fbter pour b\u00e9b\u00e9 avec des ingr\u00e9dients purs et naturels.<br \/>\nCon\u021binut si greutate: 190 grame.<br \/>\n<strong>Ingr\u00e9dient :<\/strong>Pere* 49%, apa, mango* 13%, suc de struguri* din concentrat de suc de struguri, gris de orez*, suc de lamaie* din concentrat de suc de lamaie.<br \/>\n*din productie ecologica<br \/>\nSans gluten.<br \/>\nFara proteine \u200b\u200bdin lapte de vaca.<br \/>\nEmball\u00e9 dans un bocal en verre avec couvercle \u00e0 cliquer.<br \/>\n<strong>Avant de l'ouvrir, appuyez sur le couvercle. S'il n'y a pas de d\u00e9clic, n'utilisez pas le contenu !<\/strong><br \/>\n<strong>Pr\u00e9paration<\/strong>M\u00e9langer le contenu et d\u00e9poser la quantit\u00e9 souhait\u00e9e sur une assiette. Utilisez une cuill\u00e8re en plastique pour cette op\u00e9ration.<br \/>\nConserver le reste du contenu scell\u00e9 au r\u00e9frig\u00e9rateur et l'utiliser dans les 24 heures.<br \/>\nNe pas r\u00e9utiliser les restes.<br \/>\n<strong>Valeurs nutritionnelles\/100g :<br \/>\n<\/strong>Energie 266 kJ (63 kcal)<br \/>\nGraisses 0,1 g dont graisses satur\u00e9es 0 g<br \/>\nCarbohidra\u021bi 14 g din care zaharuri 8.5 g<br \/>\nFibre alimentare 1.5 g<br \/>\nProteine \u200b\u200b0,7 g<br \/>\nSel 0,05 g<\/p>","protected":false},"excerpt":{"rendered":"<p>Desert Bio Alete Pere, Mango pentru bebelusi cu varsta peste 4 luni. Desertul pentru copii are o savoare si textura ce contribuie la dezvoltarea gustului. O gustare delicioasa pentru bebelusi cu ingrediente pure si naturale. Con\u021binut si greutate: 190 grame. Ingrediente:Pere* 49%, apa, mango* 13%, suc de struguri* din concentrat de suc de struguri, gris [&#8230;]\n","protected":false},"featured_media":61164,"comment_status":"open","ping_status":"closed","template":"","meta":{"_acf_changed":false,"_seopress_robots_primary_cat":"1767","_seopress_titles_title":"","_seopress_titles_desc":"","_seopress_robots_index":""},"product_brand":[11779],"product_cat":[1984,1520,20200,5677,1950,1767],"giftcard-category":[],"class_list":{"0":"post-61162","1":"product","2":"type-product","3":"status-publish","4":"has-post-thumbnail","6":"product_brand-alete","7":"product_cat-hrana-bebelusi","8":"product_cat-mama-copilul","9":"product_cat-mancare-bebe","10":"product_cat-mancare-si-accesorii-bebe","11":"product_cat-produse-germania","12":"product_cat-produse-olanda","14":"first","15":"outofstock","16":"taxable","17":"shipping-taxable","18":"purchasable","19":"product-type-simple"},"acf":[],"_links":{"self":[{"href":"https:\/\/totalblue.ro\/fr\/wp-json\/wp\/v2\/product\/61162","targetHints":{"allow":["GET"]}}],"collection":[{"href":"https:\/\/totalblue.ro\/fr\/wp-json\/wp\/v2\/product"}],"about":[{"href":"https:\/\/totalblue.ro\/fr\/wp-json\/wp\/v2\/types\/product"}],"replies":[{"embeddable":true,"href":"https:\/\/totalblue.ro\/fr\/wp-json\/wp\/v2\/comments?post=61162"}],"wp:featuredmedia":[{"embeddable":true,"href":"https:\/\/totalblue.ro\/fr\/wp-json\/wp\/v2\/media\/61164"}],"wp:attachment":[{"href":"https:\/\/totalblue.ro\/fr\/wp-json\/wp\/v2\/media?parent=61162"}],"wp:term":[{"taxonomy":"product_brand","embeddable":true,"href":"https:\/\/totalblue.ro\/fr\/wp-json\/wp\/v2\/product_brand?post=61162"},{"taxonomy":"product_cat","embeddable":true,"href":"https:\/\/totalblue.ro\/fr\/wp-json\/wp\/v2\/product_cat?post=61162"},{"taxonomy":"giftcard-category","embeddable":true,"href":"https:\/\/totalblue.ro\/fr\/wp-json\/wp\/v2\/giftcard-category?post=61162"}],"curies":[{"name":"wp","href":"https:\/\/api.w.org\/{rel}","templated":true}]}}