{"id":61191,"date":"2022-09-07T12:58:48","date_gmt":"2022-09-07T09:58:48","guid":{"rendered":"https:\/\/totalblue.ro\/?post_type=product&#038;p=61191"},"modified":"2025-08-01T10:28:21","modified_gmt":"2025-08-01T07:28:21","slug":"mancare-bio-bebivita-vita-orez-si-legume-12-luni-250g","status":"publish","type":"product","link":"https:\/\/totalblue.ro\/fr\/produs\/mancare-bio-bebivita-vita-orez-si-legume-12-luni-250g\/","title":{"rendered":"Organic Food Bebivita Vita, riz et l\u00e9gumes 12+ mois, 250g"},"content":{"rendered":"<div id=\"tab-description\" class=\"woocommerce-Tabs-panel woocommerce-Tabs-panel--description panel entry-content active\" role=\"tabpanel\" aria-labelledby=\"tab-title-description\">\n<div id=\"tab-description\" class=\"woocommerce-Tabs-panel woocommerce-Tabs-panel--description panel entry-content active\" role=\"tabpanel\" aria-labelledby=\"tab-title-description\">\n<p>Bogat in fier<br \/>\nMancare completa cu bucati mici \u2013 importanta pentru a invata sa mesteci<br \/>\nVersatil si variat \u2013 pentru noi experiente gustative<br \/>\nPentru si mai multa varietate in meniul bebelusului \u2013 adaptat optim nevoilor bebelusilor<\/p>\n<p>Meniul pentru copii Bebivita orez de legume cu carne de vita este adaptat optim nevoilor copiilor mici de la varsta de 12 luni. Contine acid alfa-linolenic, un acid gras omega-3.<br \/>\nLes aliments pour b\u00e9b\u00e9s ont une saveur et une texture qui contribuent au d\u00e9veloppement du go\u00fbt.<br \/>\nUn d\u00e9licieux go\u00fbter pour b\u00e9b\u00e9 avec des ingr\u00e9dients purs et naturels.<br \/>\nContenu et poids : 250 grammes.<br \/>\nIngrediente: Apa, morcovi*, LAPTE DEGRESAT*, orez* gatit 11%, carne de vita* 8,2%, dovlecei*, faina de orez*, ceapa*, ulei de rapita* 1,0%, sare de masa iodata (sare de masa, iodat de potasiu), fier difosfat. *Din agricultura ecologica.<br \/>\nAlergeni:Contine lapte si derivate din lapte.<br \/>\nEmball\u00e9 dans un bocal en verre avec couvercle \u00e0 cliquer.<br \/>\nAvant de l'ouvrir, appuyez sur le couvercle. S'il n'y a pas de d\u00e9clic, n'utilisez pas le contenu !<br \/>\nMod de preparare: Amestecati continutul si puneti cantitatea dorita pe o farfurie. Folositi o lingura de plastic pentru aceasta operatie.<br \/>\nConserver le reste du contenu scell\u00e9 au r\u00e9frig\u00e9rateur et l'utiliser dans les 24 heures.<br \/>\nChauffer au micro-ondes pendant environ 30 secondes \u00e0 600 W.<br \/>\nApr\u00e8s le chauffage, bien remuer \u00e0 nouveau et v\u00e9rifier la temp\u00e9rature.<br \/>\nNe pas r\u00e9utiliser les restes.<br \/>\nValeurs nutritionnelles\/100g :<br \/>\nEnergie 277 kJ (66 kcal)<br \/>\nGrasimi 2.1 g din care grasimi saturate 0.6 g<br \/>\nGlucide 8.5 g din care zaharuri 1.7 g<br \/>\nProteine \u200b\u200b2.9 g<br \/>\nSare 0.35 g<\/p>\n<\/div>\n<\/div>","protected":false},"excerpt":{"rendered":"<p>Bogat in fier Mancare completa cu bucati mici \u2013 importanta pentru a invata sa mesteci Versatil si variat \u2013 pentru noi experiente gustative Pentru si mai multa varietate in meniul bebelusului \u2013 adaptat optim nevoilor bebelusilor Meniul pentru copii Bebivita orez de legume cu carne de vita este adaptat optim nevoilor copiilor mici de la [&#8230;]\n","protected":false},"featured_media":61193,"comment_status":"open","ping_status":"closed","template":"","meta":{"_acf_changed":false,"_seopress_robots_primary_cat":"1767","_seopress_titles_title":"Mancare BIO Bebivita Vita, Orez si Legume 12+ luni, 250g","_seopress_titles_desc":"Cauti mancare bebelusi? Cumpara acum mancare bebelusi, mancare BIO Bebivita Vita, Orez si Legume 12+ luni.","_seopress_robots_index":""},"product_brand":[11829],"product_cat":[1984,1520,20200,5677,1950,1767],"giftcard-category":[],"class_list":{"0":"post-61191","1":"product","2":"type-product","3":"status-publish","4":"has-post-thumbnail","6":"product_brand-bebivita","7":"product_cat-hrana-bebelusi","8":"product_cat-mama-copilul","9":"product_cat-mancare-bebe","10":"product_cat-mancare-si-accesorii-bebe","11":"product_cat-produse-germania","12":"product_cat-produse-olanda","14":"first","15":"outofstock","16":"taxable","17":"shipping-taxable","18":"purchasable","19":"product-type-simple"},"acf":[],"_links":{"self":[{"href":"https:\/\/totalblue.ro\/fr\/wp-json\/wp\/v2\/product\/61191","targetHints":{"allow":["GET"]}}],"collection":[{"href":"https:\/\/totalblue.ro\/fr\/wp-json\/wp\/v2\/product"}],"about":[{"href":"https:\/\/totalblue.ro\/fr\/wp-json\/wp\/v2\/types\/product"}],"replies":[{"embeddable":true,"href":"https:\/\/totalblue.ro\/fr\/wp-json\/wp\/v2\/comments?post=61191"}],"wp:featuredmedia":[{"embeddable":true,"href":"https:\/\/totalblue.ro\/fr\/wp-json\/wp\/v2\/media\/61193"}],"wp:attachment":[{"href":"https:\/\/totalblue.ro\/fr\/wp-json\/wp\/v2\/media?parent=61191"}],"wp:term":[{"taxonomy":"product_brand","embeddable":true,"href":"https:\/\/totalblue.ro\/fr\/wp-json\/wp\/v2\/product_brand?post=61191"},{"taxonomy":"product_cat","embeddable":true,"href":"https:\/\/totalblue.ro\/fr\/wp-json\/wp\/v2\/product_cat?post=61191"},{"taxonomy":"giftcard-category","embeddable":true,"href":"https:\/\/totalblue.ro\/fr\/wp-json\/wp\/v2\/giftcard-category?post=61191"}],"curies":[{"name":"wp","href":"https:\/\/api.w.org\/{rel}","templated":true}]}}