{"id":61195,"date":"2022-09-07T13:01:46","date_gmt":"2022-09-07T10:01:46","guid":{"rendered":"https:\/\/totalblue.ro\/?post_type=product&#038;p=61195"},"modified":"2025-08-01T10:28:20","modified_gmt":"2025-08-01T07:28:20","slug":"desert-bio-bebivita-iaurt-musli-zmeura-mere-10-luni-160g","status":"publish","type":"product","link":"https:\/\/totalblue.ro\/fr\/produs\/desert-bio-bebivita-iaurt-musli-zmeura-mere-10-luni-160g\/","title":{"rendered":"Bebivita Yaourt Dessert Bio, Musli, Framboise, Pomme 10+ mois, 160g"},"content":{"rendered":"<div id=\"tab-description\" class=\"woocommerce-Tabs-panel woocommerce-Tabs-panel--description panel entry-content active\" role=\"tabpanel\" aria-labelledby=\"tab-title-description\">\n<div id=\"tab-description\" class=\"woocommerce-Tabs-panel woocommerce-Tabs-panel--description panel entry-content active\" role=\"tabpanel\" aria-labelledby=\"tab-title-description\">\n<div id=\"tab-description\" class=\"woocommerce-Tabs-panel woocommerce-Tabs-panel--description panel entry-content active\" role=\"tabpanel\" aria-labelledby=\"tab-title-description\">\n<p>Cerealele sunt importante pentru o dieta echilibrata<br \/>\n-bogat in vitamina B1* \u2013 important pentru sistemul nervos si metabolismul carbohidratilor si energetic (conform legii)<br \/>\n-cu bucati fine de fructe \u2013 important pentru a invata sa mesteci<br \/>\nFARA arome adaugate<br \/>\nFARA adaugarea de coloranti* si conservanti* (*conform legii)<br \/>\n<strong>Ingr\u00e9dient : <\/strong><span class=\"Y2IQFc\" lang=\"ro\">IAURT* 35% apa, mere* 22%, zmeura* 6%, FULGI DE GRAU INTEGRAL* macinat 3,0%, suc de morcovi* din suc concentrat de morcovi, amidon de porumb*, FAINA DE OVAZ INTEGRAL* 1,0%, vitamina C, vitamina B1 .<br \/>\n*Din agricultura ecologica.<br \/>\n<\/span><strong>Allerg\u00e8nes<\/strong>: Contine cereale care contin gluten si produse din cereale care contin gluten<br \/>\nContine lapte si derivate din lapte<br \/>\nContine grau si derivate din grau<br \/>\nEmball\u00e9 dans un bocal en verre avec couvercle \u00e0 cliquer.<br \/>\n<strong>Avant de l'ouvrir, appuyez sur le couvercle. S'il n'y a pas de d\u00e9clic, n'utilisez pas le contenu !<\/strong><br \/>\n<strong>Pr\u00e9paration<\/strong>M\u00e9langer le contenu et d\u00e9poser la quantit\u00e9 souhait\u00e9e sur une assiette. Utilisez une cuill\u00e8re en plastique pour cette op\u00e9ration.<br \/>\nConserver le reste du contenu scell\u00e9 au r\u00e9frig\u00e9rateur et l'utiliser dans les 24 heures.<br \/>\nNe pas r\u00e9utiliser les restes.<br \/>\n<strong>Valeurs nutritionnelles\/100g :<br \/>\n<\/strong>Energie 241 kJ (57 kcal)<br \/>\nGrasimi 1.4 g din care grasimi saturate 0.8 g<br \/>\nGlucide 9 g din care zaharuri 4.6 g<br \/>\nFibre alimentare 0.9 g<br \/>\nProteine 1.7\u200b\u200b g<br \/>\nSare 0.07 g<\/p>\n<\/div>\n<div id=\"tab-additional_information\" class=\"woocommerce-Tabs-panel woocommerce-Tabs-panel--additional_information panel entry-content\" role=\"tabpanel\" aria-labelledby=\"tab-title-additional_information\"><\/div>\n<div id=\"tab-reviews\" class=\"woocommerce-Tabs-panel woocommerce-Tabs-panel--reviews panel entry-content\" role=\"tabpanel\" aria-labelledby=\"tab-title-reviews\">\n<div id=\"reviews\" class=\"woocommerce-Reviews row\">\n<div id=\"comments\" class=\"col large-12\">\n<h3 class=\"woocommerce-Reviews-title normal\"><\/h3>\n<\/div>\n<\/div>\n<\/div>\n<\/div>\n<\/div>","protected":false},"excerpt":{"rendered":"<p>Cerealele sunt importante pentru o dieta echilibrata -bogat in vitamina B1* \u2013 important pentru sistemul nervos si metabolismul carbohidratilor si energetic (conform legii) -cu bucati fine de fructe \u2013 important pentru a invata sa mesteci FARA arome adaugate FARA adaugarea de coloranti* si conservanti* (*conform legii) Ingrediente: IAURT* 35% apa, mere* 22%, zmeura* 6%, FULGI [&#8230;]\n","protected":false},"featured_media":61220,"comment_status":"open","ping_status":"closed","template":"","meta":{"_acf_changed":false,"_seopress_robots_primary_cat":"1767","_seopress_titles_title":"","_seopress_titles_desc":"","_seopress_robots_index":""},"product_brand":[11829],"product_cat":[1984,1520,20200,5677,1950,1767],"giftcard-category":[],"class_list":{"0":"post-61195","1":"product","2":"type-product","3":"status-publish","4":"has-post-thumbnail","6":"product_brand-bebivita","7":"product_cat-hrana-bebelusi","8":"product_cat-mama-copilul","9":"product_cat-mancare-bebe","10":"product_cat-mancare-si-accesorii-bebe","11":"product_cat-produse-germania","12":"product_cat-produse-olanda","14":"first","15":"outofstock","16":"taxable","17":"shipping-taxable","18":"purchasable","19":"product-type-simple"},"acf":[],"_links":{"self":[{"href":"https:\/\/totalblue.ro\/fr\/wp-json\/wp\/v2\/product\/61195","targetHints":{"allow":["GET"]}}],"collection":[{"href":"https:\/\/totalblue.ro\/fr\/wp-json\/wp\/v2\/product"}],"about":[{"href":"https:\/\/totalblue.ro\/fr\/wp-json\/wp\/v2\/types\/product"}],"replies":[{"embeddable":true,"href":"https:\/\/totalblue.ro\/fr\/wp-json\/wp\/v2\/comments?post=61195"}],"wp:featuredmedia":[{"embeddable":true,"href":"https:\/\/totalblue.ro\/fr\/wp-json\/wp\/v2\/media\/61220"}],"wp:attachment":[{"href":"https:\/\/totalblue.ro\/fr\/wp-json\/wp\/v2\/media?parent=61195"}],"wp:term":[{"taxonomy":"product_brand","embeddable":true,"href":"https:\/\/totalblue.ro\/fr\/wp-json\/wp\/v2\/product_brand?post=61195"},{"taxonomy":"product_cat","embeddable":true,"href":"https:\/\/totalblue.ro\/fr\/wp-json\/wp\/v2\/product_cat?post=61195"},{"taxonomy":"giftcard-category","embeddable":true,"href":"https:\/\/totalblue.ro\/fr\/wp-json\/wp\/v2\/giftcard-category?post=61195"}],"curies":[{"name":"wp","href":"https:\/\/api.w.org\/{rel}","templated":true}]}}