{"id":61229,"date":"2022-09-07T13:04:36","date_gmt":"2022-09-07T10:04:36","guid":{"rendered":"https:\/\/totalblue.ro\/?post_type=product&#038;p=61229"},"modified":"2025-08-01T10:28:19","modified_gmt":"2025-08-01T07:28:19","slug":"desert-bio-bebivita-banane-si-iaurt-10-luni-190g","status":"publish","type":"product","link":"https:\/\/totalblue.ro\/fr\/produs\/desert-bio-bebivita-banane-si-iaurt-10-luni-190g\/","title":{"rendered":"Desert Bio Bebivita Banane si Iaurt 10+ luni, 190g"},"content":{"rendered":"<div id=\"tab-description\" class=\"woocommerce-Tabs-panel woocommerce-Tabs-panel--description panel entry-content active\" role=\"tabpanel\" aria-labelledby=\"tab-title-description\">\n<div id=\"tab-description\" class=\"woocommerce-Tabs-panel woocommerce-Tabs-panel--description panel entry-content active\" role=\"tabpanel\" aria-labelledby=\"tab-title-description\">Combinatie delicioasa de fructe cu iaurt si banane<br \/>\nCa desert sau intre mese \u2013 acasa sau in deplasare<br \/>\nCu calciu \u2013 important pentru construirea oaselor<br \/>\nUsoara si cremoasa<br \/>\n<strong>Ingr\u00e9dient : <\/strong><span class=\"Y2IQFc\" lang=\"ro\">banane* 35%, IAURT* 35%, apa, suc de lamaie*, gris de grau*, amidon de orez*, carbonat de calciu regulator de aciditate. *Din agricultura ecologica.<br \/>\n<\/span><strong>Allerg\u00e8nes<\/strong>: cContine cereale care contin gluten si produse din cereale care contin gluten<br \/>\nContine lapte si derivate din lapte<br \/>\nContine grau si derivate din grau<br \/>\nEmball\u00e9 dans un bocal en verre avec couvercle \u00e0 cliquer.<br \/>\n<strong>Avant de l'ouvrir, appuyez sur le couvercle. S'il n'y a pas de d\u00e9clic, n'utilisez pas le contenu !<\/strong><br \/>\n<strong>Pr\u00e9paration<\/strong>M\u00e9langer le contenu et d\u00e9poser la quantit\u00e9 souhait\u00e9e sur une assiette. Utilisez une cuill\u00e8re en plastique pour cette op\u00e9ration.<br \/>\nConserver le reste du contenu scell\u00e9 au r\u00e9frig\u00e9rateur et l'utiliser dans les 24 heures.<br \/>\nNe pas r\u00e9utiliser les restes.<br \/>\n<strong>Valeurs nutritionnelles\/100g :<br \/>\n<\/strong>Energie 299 kJ (71 kcal)<br \/>\nGrasimi 1.3 g din care grasimi saturate 0.8 g<br \/>\nGlucide 12.4 g din care zaharuri 7.6 g<br \/>\nFibre alimentare 0.8 g<br \/>\nProteine 2\u200b\u200b g<br \/>\nSare &lt;0.05 g<\/div>\n<\/div>","protected":false},"excerpt":{"rendered":"<p>Combinatie delicioasa de fructe cu iaurt si banane Ca desert sau intre mese \u2013 acasa sau in deplasare Cu calciu \u2013 important pentru construirea oaselor Usoara si cremoasa Ingrediente: banane* 35%, IAURT* 35%, apa, suc de lamaie*, gris de grau*, amidon de orez*, carbonat de calciu regulator de aciditate. *Din agricultura ecologica. Alergeni: cContine cereale [&#8230;]\n","protected":false},"featured_media":61231,"comment_status":"open","ping_status":"closed","template":"","meta":{"_acf_changed":false,"_seopress_robots_primary_cat":"1767","_seopress_titles_title":"","_seopress_titles_desc":"","_seopress_robots_index":""},"product_brand":[11829],"product_cat":[1984,1520,20200,5677,1950,1767],"giftcard-category":[],"class_list":{"0":"post-61229","1":"product","2":"type-product","3":"status-publish","4":"has-post-thumbnail","6":"product_brand-bebivita","7":"product_cat-hrana-bebelusi","8":"product_cat-mama-copilul","9":"product_cat-mancare-bebe","10":"product_cat-mancare-si-accesorii-bebe","11":"product_cat-produse-germania","12":"product_cat-produse-olanda","14":"first","15":"outofstock","16":"taxable","17":"shipping-taxable","18":"purchasable","19":"product-type-simple"},"acf":[],"_links":{"self":[{"href":"https:\/\/totalblue.ro\/fr\/wp-json\/wp\/v2\/product\/61229","targetHints":{"allow":["GET"]}}],"collection":[{"href":"https:\/\/totalblue.ro\/fr\/wp-json\/wp\/v2\/product"}],"about":[{"href":"https:\/\/totalblue.ro\/fr\/wp-json\/wp\/v2\/types\/product"}],"replies":[{"embeddable":true,"href":"https:\/\/totalblue.ro\/fr\/wp-json\/wp\/v2\/comments?post=61229"}],"wp:featuredmedia":[{"embeddable":true,"href":"https:\/\/totalblue.ro\/fr\/wp-json\/wp\/v2\/media\/61231"}],"wp:attachment":[{"href":"https:\/\/totalblue.ro\/fr\/wp-json\/wp\/v2\/media?parent=61229"}],"wp:term":[{"taxonomy":"product_brand","embeddable":true,"href":"https:\/\/totalblue.ro\/fr\/wp-json\/wp\/v2\/product_brand?post=61229"},{"taxonomy":"product_cat","embeddable":true,"href":"https:\/\/totalblue.ro\/fr\/wp-json\/wp\/v2\/product_cat?post=61229"},{"taxonomy":"giftcard-category","embeddable":true,"href":"https:\/\/totalblue.ro\/fr\/wp-json\/wp\/v2\/giftcard-category?post=61229"}],"curies":[{"name":"wp","href":"https:\/\/api.w.org\/{rel}","templated":true}]}}