{"id":61233,"date":"2022-09-07T13:07:28","date_gmt":"2022-09-07T10:07:28","guid":{"rendered":"https:\/\/totalblue.ro\/?post_type=product&#038;p=61233"},"modified":"2025-08-01T10:28:18","modified_gmt":"2025-08-01T07:28:18","slug":"mancare-bio-bebivita-somon-salbatic-risotto-si-legume-8-luni-220g","status":"publish","type":"product","link":"https:\/\/totalblue.ro\/fr\/produs\/mancare-bio-bebivita-somon-salbatic-risotto-si-legume-8-luni-220g\/","title":{"rendered":"Alimentation biologique Bebivita Saumon sauvage, risotto et l\u00e9gumes 8+ mois, 220g"},"content":{"rendered":"<div id=\"tab-description\" class=\"woocommerce-Tabs-panel woocommerce-Tabs-panel--description panel entry-content active\" role=\"tabpanel\" aria-labelledby=\"tab-title-description\">\n<div id=\"tab-description\" class=\"woocommerce-Tabs-panel woocommerce-Tabs-panel--description panel entry-content active\" role=\"tabpanel\" aria-labelledby=\"tab-title-description\">\n<p>Bogat in acid alfa-linolenic, un acid gras omega-3<br \/>\nPrima gama de risotto \u2013 orez fin combinat cu legume si somon salbatic<br \/>\nPentru si mai multa varietate in meniul bebelusului \u2013 adaptat optim nevoilor bebelusilor<br \/>\nRisotto Bebivita cu legume si somon salbatic aduce varietate in meniul bebelusului tau de la varsta de 8 luni.<br \/>\nOrez fin, delicios combinat cu branza si spanac si bogat in acid alfa-linolenic, un acid gras omega-3.<\/p>\n<p>Mancare BIO Bebivita Somon salbatic, Risotto si Legume pentru bebelusi cu varsta peste 8 luni.<br \/>\nLes aliments pour b\u00e9b\u00e9s ont une saveur et une texture qui contribuent au d\u00e9veloppement du go\u00fbt.<br \/>\nUn d\u00e9licieux go\u00fbter pour b\u00e9b\u00e9 avec des ingr\u00e9dients purs et naturels.<br \/>\nCon\u021binut si greutate: 220 grame.<br \/>\nIngrediente: Apa, morcovi*, orez* fiert 13%, SOMON SALBATIC 8,0%, praz*, smantana*, ceapa*, faina de orez*, amidon de orez*, ulei de rapita* 0,8%, condimente* (patrunjel*, ghimbir*, piper*), suc de lamaie* din concentrat de suc de lamaie, sare de masa iodata (sare de masa, iodat de potasiu). *Din agricultura ecologica.<br \/>\nAlergeni:Contine peste si derivate din peste.<br \/>\nContine lapte si derivate din lapte.<br \/>\nPoate contine urme de oua si derivati \u200b\u200bdin oua<br \/>\nEmball\u00e9 dans un bocal en verre avec couvercle \u00e0 cliquer.<br \/>\nAvant de l'ouvrir, appuyez sur le couvercle. S'il n'y a pas de d\u00e9clic, n'utilisez pas le contenu !<br \/>\nMod de preparare: Amestecati continutul si puneti cantitatea dorita pe o farfurie. Folositi o lingura de plastic pentru aceasta operatie.<br \/>\nConserver le reste du contenu scell\u00e9 au r\u00e9frig\u00e9rateur et l'utiliser dans les 24 heures.<br \/>\nChauffer au micro-ondes pendant environ 30 secondes \u00e0 600 W.<br \/>\nApr\u00e8s le chauffage, bien remuer \u00e0 nouveau et v\u00e9rifier la temp\u00e9rature.<br \/>\nNe pas r\u00e9utiliser les restes.<br \/>\nValeurs nutritionnelles\/100g :<br \/>\nEnergie 274 kJ (65 kcal)<br \/>\nGrasimi 2.3 g din care grasimi saturate 0.8 g<br \/>\nGlucide 8.2 g din care zaharuri 1.8 g<br \/>\nProteine \u200b\u200b2.4 g<br \/>\nSare 0.28 g<\/p>\n<\/div>\n<\/div>","protected":false},"excerpt":{"rendered":"<p>Bogat in acid alfa-linolenic, un acid gras omega-3 Prima gama de risotto \u2013 orez fin combinat cu legume si somon salbatic Pentru si mai multa varietate in meniul bebelusului \u2013 adaptat optim nevoilor bebelusilor Risotto Bebivita cu legume si somon salbatic aduce varietate in meniul bebelusului tau de la varsta de 8 luni. Orez fin, [&#8230;]\n","protected":false},"featured_media":61235,"comment_status":"open","ping_status":"closed","template":"","meta":{"_acf_changed":false,"_seopress_robots_primary_cat":"1767","_seopress_titles_title":"","_seopress_titles_desc":"","_seopress_robots_index":""},"product_brand":[11829],"product_cat":[1984,1520,20200,5677,1950,1767],"giftcard-category":[],"class_list":{"0":"post-61233","1":"product","2":"type-product","3":"status-publish","4":"has-post-thumbnail","6":"product_brand-bebivita","7":"product_cat-hrana-bebelusi","8":"product_cat-mama-copilul","9":"product_cat-mancare-bebe","10":"product_cat-mancare-si-accesorii-bebe","11":"product_cat-produse-germania","12":"product_cat-produse-olanda","14":"first","15":"outofstock","16":"taxable","17":"shipping-taxable","18":"purchasable","19":"product-type-simple"},"acf":[],"_links":{"self":[{"href":"https:\/\/totalblue.ro\/fr\/wp-json\/wp\/v2\/product\/61233","targetHints":{"allow":["GET"]}}],"collection":[{"href":"https:\/\/totalblue.ro\/fr\/wp-json\/wp\/v2\/product"}],"about":[{"href":"https:\/\/totalblue.ro\/fr\/wp-json\/wp\/v2\/types\/product"}],"replies":[{"embeddable":true,"href":"https:\/\/totalblue.ro\/fr\/wp-json\/wp\/v2\/comments?post=61233"}],"wp:featuredmedia":[{"embeddable":true,"href":"https:\/\/totalblue.ro\/fr\/wp-json\/wp\/v2\/media\/61235"}],"wp:attachment":[{"href":"https:\/\/totalblue.ro\/fr\/wp-json\/wp\/v2\/media?parent=61233"}],"wp:term":[{"taxonomy":"product_brand","embeddable":true,"href":"https:\/\/totalblue.ro\/fr\/wp-json\/wp\/v2\/product_brand?post=61233"},{"taxonomy":"product_cat","embeddable":true,"href":"https:\/\/totalblue.ro\/fr\/wp-json\/wp\/v2\/product_cat?post=61233"},{"taxonomy":"giftcard-category","embeddable":true,"href":"https:\/\/totalblue.ro\/fr\/wp-json\/wp\/v2\/giftcard-category?post=61233"}],"curies":[{"name":"wp","href":"https:\/\/api.w.org\/{rel}","templated":true}]}}