{"id":61291,"date":"2022-09-07T13:28:07","date_gmt":"2022-09-07T10:28:07","guid":{"rendered":"https:\/\/totalblue.ro\/?post_type=product&#038;p=61291"},"modified":"2025-08-22T09:02:02","modified_gmt":"2025-08-22T06:02:02","slug":"lapte-de-continuare-nestle-beba-3-10-luni-800-g","status":"publish","type":"product","link":"https:\/\/totalblue.ro\/fr\/produs\/lapte-de-continuare-nestle-beba-3-10-luni-800-g\/","title":{"rendered":"Lait de suite Nestle BEBA 3, 10+ mois 800 g"},"content":{"rendered":"<p>Formula de lapte praf BEBA 3 este recomandata pentru varsta de 10+luni.<br \/>\nNestl\u00e9 BEBA 3 este adaptat nevoilor nutritionale specifice ale bebelusului dumneavoastra incepand cu varsta de 10 luni, daca i se ofera o hrana complementara adecvata si sprijina dezvoltarea sanatoasa a acestuia.<br \/>\n\u2022 Contine HMO* (Human Milk Oligozaharides) \u2013 blocuri unice care se gasesc numai in laptele matern *nu sunt derivate din laptele matern<br \/>\n\u2022 Contine uleiuri vegetale fara ulei de palmier<br \/>\n\u2022 In urma alaptarii sau a unei formule pentru sugari<br \/>\n\u2022 Sustine dezvoltarea normala a creierului si a celulelor nervoase prin Acidul gras Omega-3 acid alfa-linolenic (ALA) (conform legii)<br \/>\n\u2022 Pentru o dieta adecvata varstei<br \/>\n\u2022 Sprijina dezvoltarea normala a oaselor cu calciu (conform legii)<br \/>\n\u2022 Produs brevetat<br \/>\nContinut: 800 g, Import Germania.<br \/>\nA se pastra in ambalajul original inchis la temperatura camerei (max 25 \u00b0C) si in conditii uscate de depozitare. Dupa deschidere consumati in maxim 21 de zile.<br \/>\n<strong>Ingr\u00e9dient : <\/strong>Lapte degresat, lactoza (din lapte), produs din zer, uleiuri vegetale (8,4%) (floarea soarelui, rapita), grasime de cocos, citrat de calciu, lecitine emulgatoare (SOIA), ortofosfat de sodiu, ULEI DE PESTE, citrat de potasiu, clorura de potasiu, L- fenilalanina, 2`-fucozilactoza, amestec de vitamine (vitamina C, vitamina E, niacina, acid pantotenic, tiamina, vitamina A, riboflavina, vitamina B6, acid folic, vitamina K, vitamina D, biotina, vitamina B12), clorura de magneziu, potasiu Ortofosfat, L-leucina, L-izoleucina, L-triptofan, LHistidina, sulfat feros, sulfat de zinc, bacterii lactice (Lactobacillus reuteri)*, sulfat de cupru, sulfat de mangan, iodura de potasiu, selenat de sodiu.<br \/>\nAlergeni: lapte, soia, peste<br \/>\n<strong>Utilizare:<\/strong><br \/>\n1. Fierbeti apa si lasati sa se raceasca la 40<span class=\"\">\u00b0C<\/span>.<br \/>\n2. <span class=\"goog-text-highlight\">Turnati 2\/3 din cantitatea necesara de apa in biberon.<br \/>\n3. Masurati si adaugati cantitatea necesara de lapte praf in functie de varsta bebelusului folosind lingurita de masurare inclusa in cutie.<br \/>\n4. Inchideti biberonul si agitati.<br \/>\n5. Adaugati cantitatea ramasa de apa si agitati bine.<br \/>\n6. Verificati continutul biberonului pentru temperatura de baut (aprox. 37\u00b0C). <\/span><\/p>\n<p><a href=\"https:\/\/racekids.ro\/wp-content\/uploads\/2022\/04\/little-steps-2-mod-de-pregatire.jpg\"><img loading=\"lazy\" decoding=\"async\" class=\"alignnone size-full wp-image-63216\" src=\"https:\/\/racekids.ro\/wp-content\/uploads\/2022\/04\/little-steps-2-mod-de-pregatire.jpg\" alt=\"\" width=\"725\" height=\"543\" \/><\/a><\/p>\n<article class=\"contentContainerTyp12\" data-qa-id=\"ProductPreparationContentFeeding\">\n<table class=\"contentTable\" border=\"2\" data-qa-id=\"ProductFeeding\">\n<tbody>\n<tr align=\"center\" data-qa-id=\"ProductFeedingRow\">\n<th data-qa-id=\"ProductFeedingColumn\">Varsta bebe<\/th>\n<th data-qa-id=\"ProductFeedingColumn\">Biberon\/zi<\/th>\n<th data-qa-id=\"ProductFeedingColumn\">Continut biberon<br \/>\n(ml)<\/th>\n<th data-qa-id=\"ProductFeedingColumn\">Apa necesara<br \/>\nper biberon (ml)<\/th>\n<th data-qa-id=\"ProductFeedingColumn\">Lingura de masurare<br \/>\nBEBA 3<\/th>\n<\/tr>\n<tr align=\"center\" data-qa-id=\"ProductFeedingRow\">\n<td data-qa-id=\"ProductFeedingTitle\">10 luni<\/td>\n<td data-qa-id=\"ProductFeedingTitle\">1-2<\/td>\n<td data-qa-id=\"ProductFeedingTitle\">235<\/td>\n<td data-qa-id=\"ProductFeedingTitle\">210<\/td>\n<td data-qa-id=\"ProductFeedingTitle\">7<\/td>\n<\/tr>\n<\/tbody>\n<\/table>\n<\/article>\n<article class=\"tab-content__item\">\n<section class=\"tab-content__item\" data-qa-id=\"ProductPreparationSpoonweight\">1 lingur\u0103 de m\u0103surare nivel\u0103 = aproximativ 4,3 g BEBA 3<\/section>\n<\/article>\n<p><span class=\"goog-text-highlight\"><br \/>\n<strong>Valeurs nutritionnelles<\/strong><br \/>\n<\/span><\/p>\n<table class=\"contentTable sf-table__table\" style=\"height: 1143px\" border=\"2\" width=\"352\">\n<thead data-qa-id=\"ProductNutritionUnit\">\n<tr>\n<th class=\"headcol\">Valoare nutritionala<\/th>\n<th>Produs gata de consum<br \/>\n(100 ml)<\/th>\n<\/tr>\n<\/thead>\n<tbody data-qa-id=\"ProductNutritionInfo\">\n<tr>\n<td class=\"headcol\" data-qa-id=\"ProductNutritionInfoTitle\">Energie<\/td>\n<td data-qa-id=\"ProductNutritionInfoCopy\">272 kJ \/ 65 kcal<\/td>\n<\/tr>\n<tr>\n<td class=\"headcol\" data-qa-id=\"ProductNutritionInfoTitle\">Gr\u0103sime<\/td>\n<td data-qa-id=\"ProductNutritionInfoCopy\">3,1 g<\/td>\n<\/tr>\n<tr>\n<td class=\"headcol\" data-qa-id=\"ProductNutritionInfoTitle\">-acizi grasi saturati<\/td>\n<td data-qa-id=\"ProductNutritionInfoCopy\">0,3 g<\/td>\n<\/tr>\n<tr>\n<td class=\"headcol\" data-qa-id=\"ProductNutritionInfoTitle\">-acizi grasi mononesaturati<\/td>\n<td data-qa-id=\"ProductNutritionInfoCopy\">2 g<\/td>\n<\/tr>\n<tr>\n<td class=\"headcol\" data-qa-id=\"ProductNutritionInfoTitle\">-acizi gra\u0219i polinesatura\u021bi<\/td>\n<td data-qa-id=\"ProductNutritionInfoCopy\">0,6 g<\/td>\n<\/tr>\n<tr>\n<td class=\"headcol\" data-qa-id=\"ProductNutritionInfoTitle\">Carbohidra\u021bi<\/td>\n<td data-qa-id=\"ProductNutritionInfoCopy\">8 g<\/td>\n<\/tr>\n<tr>\n<td class=\"headcol\" data-qa-id=\"ProductNutritionInfoTitle\">-Zah\u0103r<\/td>\n<td data-qa-id=\"ProductNutritionInfoCopy\">8 g<\/td>\n<\/tr>\n<tr>\n<td class=\"headcol\" data-qa-id=\"ProductNutritionInfoTitle\">-din care lactoza<\/td>\n<td data-qa-id=\"ProductNutritionInfoCopy\">8 g<\/td>\n<\/tr>\n<tr>\n<td class=\"headcol\" data-qa-id=\"ProductNutritionInfoTitle\">Fibre<\/td>\n<td data-qa-id=\"ProductNutritionInfoCopy\">0.05 g<\/td>\n<\/tr>\n<tr>\n<td class=\"headcol\" data-qa-id=\"ProductNutritionInfoTitle\">Prot\u00e9ines<\/td>\n<td data-qa-id=\"ProductNutritionInfoCopy\">1,1 g<\/td>\n<\/tr>\n<tr>\n<td class=\"headcol\" data-qa-id=\"ProductNutritionInfoTitle\">Vitamina A<\/td>\n<td data-qa-id=\"ProductNutritionInfoCopy\">59,8 ug<\/td>\n<\/tr>\n<tr>\n<td class=\"headcol\" data-qa-id=\"ProductNutritionInfoTitle\">Vitamina D<\/td>\n<td data-qa-id=\"ProductNutritionInfoCopy\">1,6 ug<\/td>\n<\/tr>\n<tr>\n<td class=\"headcol\" data-qa-id=\"ProductNutritionInfoTitle\">Vitamina E<\/td>\n<td data-qa-id=\"ProductNutritionInfoCopy\">1,7 mg<\/td>\n<\/tr>\n<tr>\n<td class=\"headcol\" data-qa-id=\"ProductNutritionInfoTitle\">Vitamina K<\/td>\n<td data-qa-id=\"ProductNutritionInfoCopy\">5.1 ug<\/td>\n<\/tr>\n<tr>\n<td class=\"headcol\" data-qa-id=\"ProductNutritionInfoTitle\">Vitamina C<\/td>\n<td data-qa-id=\"ProductNutritionInfoCopy\">12 mg<\/td>\n<\/tr>\n<tr>\n<td class=\"headcol\" data-qa-id=\"ProductNutritionInfoTitle\">tiamina<\/td>\n<td data-qa-id=\"ProductNutritionInfoCopy\">0.075 mg<\/td>\n<\/tr>\n<tr>\n<td class=\"headcol\" data-qa-id=\"ProductNutritionInfoTitle\">riboflavina<\/td>\n<td data-qa-id=\"ProductNutritionInfoCopy\">0.17 mg<\/td>\n<\/tr>\n<tr>\n<td class=\"headcol\" data-qa-id=\"ProductNutritionInfoTitle\">niacina<\/td>\n<td data-qa-id=\"ProductNutritionInfoCopy\">0.55 mg<\/td>\n<\/tr>\n<tr>\n<td class=\"headcol\" data-qa-id=\"ProductNutritionInfoTitle\">Vitamina B6<\/td>\n<td data-qa-id=\"ProductNutritionInfoCopy\">0.044 mg<\/td>\n<\/tr>\n<tr>\n<td class=\"headcol\" data-qa-id=\"ProductNutritionInfoTitle\">acid folic<\/td>\n<td data-qa-id=\"ProductNutritionInfoCopy\">20.2 ug<\/td>\n<\/tr>\n<tr>\n<td class=\"headcol\" data-qa-id=\"ProductNutritionInfoTitle\">Vitamina B12<\/td>\n<td data-qa-id=\"ProductNutritionInfoCopy\">0.18 ug<\/td>\n<\/tr>\n<tr>\n<td class=\"headcol\" data-qa-id=\"ProductNutritionInfoTitle\">biotina<\/td>\n<td data-qa-id=\"ProductNutritionInfoCopy\">1.9 ug<\/td>\n<\/tr>\n<tr>\n<td class=\"headcol\" data-qa-id=\"ProductNutritionInfoTitle\">acid pantotenic<\/td>\n<td data-qa-id=\"ProductNutritionInfoCopy\">0.44 mg<\/td>\n<\/tr>\n<tr>\n<td class=\"headcol\" data-qa-id=\"ProductNutritionInfoTitle\">sodiu<\/td>\n<td data-qa-id=\"ProductNutritionInfoCopy\">33 mg<\/td>\n<\/tr>\n<tr>\n<td class=\"headcol\" data-qa-id=\"ProductNutritionInfoTitle\">potasiu<\/td>\n<td data-qa-id=\"ProductNutritionInfoCopy\">86.7 mg<\/td>\n<\/tr>\n<tr>\n<td class=\"headcol\" data-qa-id=\"ProductNutritionInfoTitle\">clorur\u0103<\/td>\n<td data-qa-id=\"ProductNutritionInfoCopy\">46.8 mg<\/td>\n<\/tr>\n<tr>\n<td class=\"headcol\" data-qa-id=\"ProductNutritionInfoTitle\">calciu<\/td>\n<td data-qa-id=\"ProductNutritionInfoCopy\">63.7 mg<\/td>\n<\/tr>\n<tr>\n<td class=\"headcol\" data-qa-id=\"ProductNutritionInfoTitle\">fosfor<\/td>\n<td data-qa-id=\"ProductNutritionInfoCopy\">39 mg<\/td>\n<\/tr>\n<tr>\n<td class=\"headcol\" data-qa-id=\"ProductNutritionInfoTitle\">magneziu<\/td>\n<td data-qa-id=\"ProductNutritionInfoCopy\">4.16 mg<\/td>\n<\/tr>\n<tr>\n<td class=\"headcol\" data-qa-id=\"ProductNutritionInfoTitle\">fier<\/td>\n<td data-qa-id=\"ProductNutritionInfoCopy\">0.86 mg<\/td>\n<\/tr>\n<tr>\n<td class=\"headcol\" data-qa-id=\"ProductNutritionInfoTitle\">zinc<\/td>\n<td data-qa-id=\"ProductNutritionInfoCopy\">0.47 mg<\/td>\n<\/tr>\n<tr>\n<td class=\"headcol\" data-qa-id=\"ProductNutritionInfoTitle\">cupru<\/td>\n<td data-qa-id=\"ProductNutritionInfoCopy\">0.052 mg<\/td>\n<\/tr>\n<tr>\n<td class=\"headcol\" data-qa-id=\"ProductNutritionInfoTitle\">mangan<\/td>\n<td data-qa-id=\"ProductNutritionInfoCopy\">0.022 mg<\/td>\n<\/tr>\n<tr>\n<td class=\"headcol\" data-qa-id=\"ProductNutritionInfoTitle\">fluor<\/td>\n<td data-qa-id=\"ProductNutritionInfoCopy\">&lt; 0.0078 mg<\/td>\n<\/tr>\n<tr>\n<td class=\"headcol\" data-qa-id=\"ProductNutritionInfoTitle\">seleniu<\/td>\n<td data-qa-id=\"ProductNutritionInfoCopy\">3.3 ug<\/td>\n<\/tr>\n<tr>\n<td class=\"headcol\" data-qa-id=\"ProductNutritionInfoTitle\">iod<\/td>\n<td data-qa-id=\"ProductNutritionInfoCopy\">13.7 ug<\/td>\n<\/tr>\n<tr>\n<td class=\"headcol\" data-qa-id=\"ProductNutritionInfoTitle\"><\/td>\n<td data-qa-id=\"ProductNutritionInfoCopy\"><\/td>\n<\/tr>\n<tr>\n<td class=\"headcol\" data-qa-id=\"ProductNutritionInfoTitle\"><\/td>\n<td data-qa-id=\"ProductNutritionInfoCopy\"><\/td>\n<\/tr>\n<tr>\n<td class=\"headcol\" data-qa-id=\"ProductNutritionInfoTitle\"><\/td>\n<td data-qa-id=\"ProductNutritionInfoCopy\"><\/td>\n<\/tr>\n<tr>\n<td class=\"headcol\" data-qa-id=\"ProductNutritionInfoTitle\"><\/td>\n<td data-qa-id=\"ProductNutritionInfoCopy\"><\/td>\n<\/tr>\n<\/tbody>\n<\/table>","protected":false},"excerpt":{"rendered":"<p>Formula de lapte praf BEBA 3 este recomandata pentru varsta de 10+luni. Nestl\u00e9 BEBA 3 este adaptat nevoilor nutritionale specifice ale bebelusului dumneavoastra incepand cu varsta de 10 luni, daca i se ofera o hrana complementara adecvata si sprijina dezvoltarea sanatoasa a acestuia. \u2022 Contine HMO* (Human Milk Oligozaharides) \u2013 blocuri unice care se gasesc [&#8230;]\n","protected":false},"featured_media":178046,"comment_status":"open","ping_status":"closed","template":"","meta":{"_acf_changed":false,"_seopress_robots_primary_cat":"1767","_seopress_titles_title":"","_seopress_titles_desc":"","_seopress_robots_index":""},"product_brand":[6197],"product_cat":[1984,1520,20200,5677,1950,1767],"giftcard-category":[],"class_list":{"0":"post-61291","1":"product","2":"type-product","3":"status-publish","4":"has-post-thumbnail","6":"product_brand-nestle","7":"product_cat-hrana-bebelusi","8":"product_cat-mama-copilul","9":"product_cat-mancare-bebe","10":"product_cat-mancare-si-accesorii-bebe","11":"product_cat-produse-germania","12":"product_cat-produse-olanda","14":"first","15":"outofstock","16":"taxable","17":"shipping-taxable","18":"purchasable","19":"product-type-simple"},"acf":[],"_links":{"self":[{"href":"https:\/\/totalblue.ro\/fr\/wp-json\/wp\/v2\/product\/61291","targetHints":{"allow":["GET"]}}],"collection":[{"href":"https:\/\/totalblue.ro\/fr\/wp-json\/wp\/v2\/product"}],"about":[{"href":"https:\/\/totalblue.ro\/fr\/wp-json\/wp\/v2\/types\/product"}],"replies":[{"embeddable":true,"href":"https:\/\/totalblue.ro\/fr\/wp-json\/wp\/v2\/comments?post=61291"}],"wp:featuredmedia":[{"embeddable":true,"href":"https:\/\/totalblue.ro\/fr\/wp-json\/wp\/v2\/media\/178046"}],"wp:attachment":[{"href":"https:\/\/totalblue.ro\/fr\/wp-json\/wp\/v2\/media?parent=61291"}],"wp:term":[{"taxonomy":"product_brand","embeddable":true,"href":"https:\/\/totalblue.ro\/fr\/wp-json\/wp\/v2\/product_brand?post=61291"},{"taxonomy":"product_cat","embeddable":true,"href":"https:\/\/totalblue.ro\/fr\/wp-json\/wp\/v2\/product_cat?post=61291"},{"taxonomy":"giftcard-category","embeddable":true,"href":"https:\/\/totalblue.ro\/fr\/wp-json\/wp\/v2\/giftcard-category?post=61291"}],"curies":[{"name":"wp","href":"https:\/\/api.w.org\/{rel}","templated":true}]}}