{"id":61323,"date":"2022-09-07T13:38:42","date_gmt":"2022-09-07T10:38:42","guid":{"rendered":"https:\/\/totalblue.ro\/?post_type=product&#038;p=61323"},"modified":"2025-08-01T10:28:08","modified_gmt":"2025-08-01T07:28:08","slug":"lapte-praf-nestle-beba-pre-800-g","status":"publish","type":"product","link":"https:\/\/totalblue.ro\/fr\/produs\/lapte-praf-nestle-beba-pre-800-g\/","title":{"rendered":"Nestl\u00e9 BEBA PRE 800 g Lait en poudre Nestl\u00e9"},"content":{"rendered":"<p>Nestl\u00e9 BEBA Pre Baby Formula First Milk este conceput pentru a satisface nevoile nutritionale specifice ale bebelusului dvs. inca de la nastere si sprijina dezvoltarea lui sanatoasa.<br \/>\n\u2022 Dezvoltat cu experti de top in nutritie<br \/>\n\u2022 Usor compatibil<br \/>\n\u2022 Cu acizi grasi polinesaturati cu lant lung Omega 3 (LCP), pe care bebelusii nu ii pot produce suficient la aceasta varsta<br \/>\nContinut: 800 g, Import Germania.<br \/>\nA se pastra in ambalajul original inchis la temperatura camerei (max 25 \u00b0C) si in conditii uscate de depozitare. Dupa deschidere consumati in maxim 21 de zile.<br \/>\n<strong>Ingr\u00e9dient : <\/strong>Lapte, citrati, ulei de peste, hidroxid de potasiu, citrati de potasiu, clorura de magneziu, lecitine emulgatoare (SOJA), acid citric regulator de acid, ulei de Mortierella alpina, clorura de potasiu, clorura de sodiu, L-fenilalanina, ortofosfati de sodiu, amestec de vitamine (vitamina C) , vitamina E, niacina, acid pantotenic, vitamina B1 (tiamina), vitamina A, vitamina B6, vitamina B2 (riboflavina), acid folic, vitamina K, biotina, vitamina D, vitamina B12) hidroxid de calciu, taurina, sulfat de fier, L -histidina, inozitol, nucleotide (adenozina 5 monofosfat, citidina 5 monofosfat, uridina 5 monofosfat, guanozina 5 monofosfat), sulfat de zinc, L-carnitina, sulfat de cupru, sulfat de mangan, iodura de potasiu, selenat de sodiu. Fabricat fara ingrediente care contin gluten conform legii \u2013 fara gluten<br \/>\n<strong>Utilizare:<\/strong><br \/>\n1. Fierbeti apa si lasati sa se raceasca la 40<span class=\"\">\u00b0C<\/span>.<br \/>\n2. <span class=\"goog-text-highlight\">Turnati 2\/3 din cantitatea necesara de apa in biberon.<br \/>\n3. Masurati si adaugati cantitatea necesara de lapte praf in functie de varsta bebelusului folosind lingurita de masurare inclusa in cutie.<br \/>\n4. Inchideti biberonul si agitati.<br \/>\n5. Adaugati cantitatea ramasa de apa si agitati bine.<br \/>\n6. Verificati continutul biberonului pentru temperatura de baut (aprox. 37\u00b0C). <\/span><\/p>\n<p><a href=\"https:\/\/racekids.ro\/wp-content\/uploads\/2022\/04\/little-steps-2-mod-de-pregatire.jpg\"><img loading=\"lazy\" decoding=\"async\" class=\"alignnone size-full wp-image-63216\" src=\"https:\/\/racekids.ro\/wp-content\/uploads\/2022\/04\/little-steps-2-mod-de-pregatire.jpg\" alt=\"\" width=\"725\" height=\"543\" \/><\/a><\/p>\n<article class=\"contentContainerTyp12\" data-qa-id=\"ProductPreparationContentFeeding\">\n<table class=\"contentTable\" border=\"2\" data-qa-id=\"ProductFeeding\">\n<tbody>\n<tr align=\"center\" data-qa-id=\"ProductFeedingRow\">\n<th data-qa-id=\"ProductFeedingColumn\">Varsta bebe<\/th>\n<th data-qa-id=\"ProductFeedingColumn\">Biberon\/zi<\/th>\n<th data-qa-id=\"ProductFeedingColumn\">Continut biberon<br \/>\n(ml)<\/th>\n<th data-qa-id=\"ProductFeedingColumn\">Apa necesara<br \/>\nper biberon (ml)<\/th>\n<th data-qa-id=\"ProductFeedingColumn\">Lingura de masurare<br \/>\nBEBA PRE<\/th>\n<\/tr>\n<tr align=\"center\" data-qa-id=\"ProductFeedingRow\">\n<td data-qa-id=\"ProductFeedingTitle\">1 saptamana<\/td>\n<td data-qa-id=\"ProductFeedingTitle\">5-7<\/td>\n<td data-qa-id=\"ProductFeedingTitle\">70<\/td>\n<td data-qa-id=\"ProductFeedingTitle\">60<\/td>\n<td data-qa-id=\"ProductFeedingTitle\">2<\/td>\n<\/tr>\n<tr align=\"center\" data-qa-id=\"ProductFeedingRow\">\n<td data-qa-id=\"ProductFeedingTitle\">2 saptamani<\/td>\n<td data-qa-id=\"ProductFeedingTitle\">5<\/td>\n<td data-qa-id=\"ProductFeedingTitle\">100<\/td>\n<td data-qa-id=\"ProductFeedingTitle\">90<\/td>\n<td data-qa-id=\"ProductFeedingTitle\">3<\/td>\n<\/tr>\n<tr align=\"center\" data-qa-id=\"ProductFeedingRow\">\n<td data-qa-id=\"ProductFeedingTitle\">3-4 saptamani<\/td>\n<td data-qa-id=\"ProductFeedingTitle\">5<\/td>\n<td data-qa-id=\"ProductFeedingTitle\">135<\/td>\n<td data-qa-id=\"ProductFeedingTitle\">120<\/td>\n<td data-qa-id=\"ProductFeedingTitle\">4<\/td>\n<\/tr>\n<tr align=\"center\" data-qa-id=\"ProductFeedingRow\">\n<td data-qa-id=\"ProductFeedingTitle\">2 luni<\/td>\n<td data-qa-id=\"ProductFeedingTitle\">5<\/td>\n<td data-qa-id=\"ProductFeedingTitle\">165<\/td>\n<td data-qa-id=\"ProductFeedingTitle\">150<\/td>\n<td data-qa-id=\"ProductFeedingTitle\">5<\/td>\n<\/tr>\n<tr align=\"center\" data-qa-id=\"ProductFeedingRow\">\n<td data-qa-id=\"ProductFeedingTitle\">3-4 luni<\/td>\n<td data-qa-id=\"ProductFeedingTitle\">5<\/td>\n<td data-qa-id=\"ProductFeedingTitle\">200<\/td>\n<td data-qa-id=\"ProductFeedingTitle\">180<\/td>\n<td data-qa-id=\"ProductFeedingTitle\">6<\/td>\n<\/tr>\n<tr align=\"center\" data-qa-id=\"ProductFeedingRow\">\n<td data-qa-id=\"ProductFeedingTitle\">luna a 5-a<\/td>\n<td data-qa-id=\"ProductFeedingTitle\">4<\/td>\n<td data-qa-id=\"ProductFeedingTitle\">235<\/td>\n<td data-qa-id=\"ProductFeedingTitle\">210<\/td>\n<td data-qa-id=\"ProductFeedingTitle\">7<\/td>\n<\/tr>\n<tr align=\"center\" data-qa-id=\"ProductFeedingRow\">\n<td data-qa-id=\"ProductFeedingTitle\">luna a 6-a<\/td>\n<td data-qa-id=\"ProductFeedingTitle\">3<\/td>\n<td data-qa-id=\"ProductFeedingTitle\">235<\/td>\n<td data-qa-id=\"ProductFeedingTitle\">210<\/td>\n<td data-qa-id=\"ProductFeedingTitle\">7<\/td>\n<\/tr>\n<tr align=\"center\" data-qa-id=\"ProductFeedingRow\">\n<td data-qa-id=\"ProductFeedingTitle\">dupa 6 luni<\/td>\n<td data-qa-id=\"ProductFeedingTitle\">1-2<\/td>\n<td data-qa-id=\"ProductFeedingTitle\">235<\/td>\n<td data-qa-id=\"ProductFeedingTitle\">210<\/td>\n<td data-qa-id=\"ProductFeedingTitle\">7<\/td>\n<\/tr>\n<\/tbody>\n<\/table>\n<\/article>\n<article class=\"tab-content__item\">\n<section class=\"tab-content__item\" data-qa-id=\"ProductPreparationSpoonweight\">1 lingur\u0103 de m\u0103surare nivel\u0103 = aproximativ 4,2 g BEBA PRE<\/section>\n<\/article>\n<p><span class=\"goog-text-highlight\">\u00a0<\/span><\/p>\n<section data-qa-id=\"ProductPreparationSpoonweight\"><\/section>\n<section data-qa-id=\"ProductPreparationSpoonweight\"><\/section>\n<section data-qa-id=\"ProductPreparationSpoonweight\"><\/section>\n<article class=\"tab-content__item\">\n<section data-qa-id=\"ProductPreparationSpoonweight\"><\/section>\n<\/article>\n<article class=\"tab-content__item\">\n<section data-qa-id=\"ProductPreparationSpoonweight\"><\/section>\n<\/article>\n<section data-qa-id=\"ProductPreparationSpoonweight\"><\/section>\n<table class=\"contentTable sf-table__table\" border=\"2\" width=\"352\">\n<thead data-qa-id=\"ProductNutritionUnit\">\n<tr>\n<th class=\"headcol\">Valoare nutritionala<\/th>\n<th>Produs gata de consum<br \/>\n(100 ml)<\/th>\n<\/tr>\n<\/thead>\n<tbody data-qa-id=\"ProductNutritionInfo\">\n<tr>\n<td class=\"headcol\" data-qa-id=\"ProductNutritionInfoTitle\">Energie<\/td>\n<td data-qa-id=\"ProductNutritionInfoCopy\">272 kJ \/ 65 kcal<\/td>\n<\/tr>\n<tr>\n<td class=\"headcol\" data-qa-id=\"ProductNutritionInfoTitle\">Gr\u0103sime<\/td>\n<td data-qa-id=\"ProductNutritionInfoCopy\">3,5 g<\/td>\n<\/tr>\n<tr>\n<td class=\"headcol\" data-qa-id=\"ProductNutritionInfoTitle\">-acizi grasi saturati<\/td>\n<td data-qa-id=\"ProductNutritionInfoCopy\">0,3 g<\/td>\n<\/tr>\n<tr>\n<td class=\"headcol\" data-qa-id=\"ProductNutritionInfoTitle\">-acizi grasi mononesaturati<\/td>\n<td data-qa-id=\"ProductNutritionInfoCopy\">2.2 g<\/td>\n<\/tr>\n<tr>\n<td class=\"headcol\" data-qa-id=\"ProductNutritionInfoTitle\">-acizi gra\u0219i polinesatura\u021bi<\/td>\n<td data-qa-id=\"ProductNutritionInfoCopy\">0,6 g<\/td>\n<\/tr>\n<tr>\n<td class=\"headcol\" data-qa-id=\"ProductNutritionInfoTitle\">Carbohidra\u021bi<\/td>\n<td data-qa-id=\"ProductNutritionInfoCopy\">7.2 g<\/td>\n<\/tr>\n<tr>\n<td class=\"headcol\" data-qa-id=\"ProductNutritionInfoTitle\">-Zah\u0103r<\/td>\n<td data-qa-id=\"ProductNutritionInfoCopy\">7.2 g<\/td>\n<\/tr>\n<tr>\n<td class=\"headcol\" data-qa-id=\"ProductNutritionInfoTitle\">-din care lactoza<\/td>\n<td data-qa-id=\"ProductNutritionInfoCopy\">7.2 g<\/td>\n<\/tr>\n<tr>\n<td class=\"headcol\" data-qa-id=\"ProductNutritionInfoTitle\">Fibre<\/td>\n<td data-qa-id=\"ProductNutritionInfoCopy\">0.1 g<\/td>\n<\/tr>\n<tr>\n<td class=\"headcol\" data-qa-id=\"ProductNutritionInfoTitle\">Prot\u00e9ines<\/td>\n<td data-qa-id=\"ProductNutritionInfoCopy\">1,2 g<\/td>\n<\/tr>\n<tr>\n<td class=\"headcol\" data-qa-id=\"ProductNutritionInfoTitle\">Vitamina A<\/td>\n<td data-qa-id=\"ProductNutritionInfoCopy\">58.8 ug<\/td>\n<\/tr>\n<tr>\n<td class=\"headcol\" data-qa-id=\"ProductNutritionInfoTitle\">Vitamina D<\/td>\n<td data-qa-id=\"ProductNutritionInfoCopy\">1,5 ug<\/td>\n<\/tr>\n<tr>\n<td class=\"headcol\" data-qa-id=\"ProductNutritionInfoTitle\">Vitamina E<\/td>\n<td data-qa-id=\"ProductNutritionInfoCopy\">1,8 mg<\/td>\n<\/tr>\n<tr>\n<td class=\"headcol\" data-qa-id=\"ProductNutritionInfoTitle\">Vitamina K<\/td>\n<td data-qa-id=\"ProductNutritionInfoCopy\">4.6 ug<\/td>\n<\/tr>\n<tr>\n<td class=\"headcol\" data-qa-id=\"ProductNutritionInfoTitle\">Vitamina C<\/td>\n<td data-qa-id=\"ProductNutritionInfoCopy\">12 mg<\/td>\n<\/tr>\n<tr>\n<td class=\"headcol\" data-qa-id=\"ProductNutritionInfoTitle\">tiamina<\/td>\n<td data-qa-id=\"ProductNutritionInfoCopy\">0.075 mg<\/td>\n<\/tr>\n<tr>\n<td class=\"headcol\" data-qa-id=\"ProductNutritionInfoTitle\">riboflavina<\/td>\n<td data-qa-id=\"ProductNutritionInfoCopy\">0.18 mg<\/td>\n<\/tr>\n<tr>\n<td class=\"headcol\" data-qa-id=\"ProductNutritionInfoTitle\">niacina<\/td>\n<td data-qa-id=\"ProductNutritionInfoCopy\">0.50 mg<\/td>\n<\/tr>\n<tr>\n<td class=\"headcol\" data-qa-id=\"ProductNutritionInfoTitle\">Vitamina B6<\/td>\n<td data-qa-id=\"ProductNutritionInfoCopy\">0.038 mg<\/td>\n<\/tr>\n<tr>\n<td class=\"headcol\" data-qa-id=\"ProductNutritionInfoTitle\">acid folic<\/td>\n<td data-qa-id=\"ProductNutritionInfoCopy\">18.8 ug<\/td>\n<\/tr>\n<tr>\n<td class=\"headcol\" data-qa-id=\"ProductNutritionInfoTitle\">Vitamina B12<\/td>\n<td data-qa-id=\"ProductNutritionInfoCopy\">0.21 ug<\/td>\n<\/tr>\n<tr>\n<td class=\"headcol\" data-qa-id=\"ProductNutritionInfoTitle\">biotina<\/td>\n<td data-qa-id=\"ProductNutritionInfoCopy\">1.6 ug<\/td>\n<\/tr>\n<tr>\n<td class=\"headcol\" data-qa-id=\"ProductNutritionInfoTitle\">acid pantotenic<\/td>\n<td data-qa-id=\"ProductNutritionInfoCopy\">0.53 mg<\/td>\n<\/tr>\n<tr>\n<td class=\"headcol\" data-qa-id=\"ProductNutritionInfoTitle\">sodiu<\/td>\n<td data-qa-id=\"ProductNutritionInfoCopy\">21 mg<\/td>\n<\/tr>\n<tr>\n<td class=\"headcol\" data-qa-id=\"ProductNutritionInfoTitle\">potasiu<\/td>\n<td data-qa-id=\"ProductNutritionInfoCopy\">82.6 mg<\/td>\n<\/tr>\n<tr>\n<td class=\"headcol\" data-qa-id=\"ProductNutritionInfoTitle\">clorur\u0103<\/td>\n<td data-qa-id=\"ProductNutritionInfoCopy\">48.8 mg<\/td>\n<\/tr>\n<tr>\n<td class=\"headcol\" data-qa-id=\"ProductNutritionInfoTitle\">calciu<\/td>\n<td data-qa-id=\"ProductNutritionInfoCopy\">41.3 mg<\/td>\n<\/tr>\n<tr>\n<td class=\"headcol\" data-qa-id=\"ProductNutritionInfoTitle\">fosfor<\/td>\n<td data-qa-id=\"ProductNutritionInfoCopy\">23.2 mg<\/td>\n<\/tr>\n<tr>\n<td class=\"headcol\" data-qa-id=\"ProductNutritionInfoTitle\">magneziu<\/td>\n<td data-qa-id=\"ProductNutritionInfoCopy\">5.51 mg<\/td>\n<\/tr>\n<tr>\n<td class=\"headcol\" data-qa-id=\"ProductNutritionInfoTitle\">fier<\/td>\n<td data-qa-id=\"ProductNutritionInfoCopy\">0.65 mg<\/td>\n<\/tr>\n<tr>\n<td class=\"headcol\" data-qa-id=\"ProductNutritionInfoTitle\">zinc<\/td>\n<td data-qa-id=\"ProductNutritionInfoCopy\">0.46 mg<\/td>\n<\/tr>\n<tr>\n<td class=\"headcol\" data-qa-id=\"ProductNutritionInfoTitle\">cupru<\/td>\n<td data-qa-id=\"ProductNutritionInfoCopy\">0.050 mg<\/td>\n<\/tr>\n<tr>\n<td class=\"headcol\" data-qa-id=\"ProductNutritionInfoTitle\">mangan<\/td>\n<td data-qa-id=\"ProductNutritionInfoCopy\">0.016 mg<\/td>\n<\/tr>\n<tr>\n<td class=\"headcol\" data-qa-id=\"ProductNutritionInfoTitle\">fluor<\/td>\n<td data-qa-id=\"ProductNutritionInfoCopy\">&lt; 0.0075 mg<\/td>\n<\/tr>\n<tr>\n<td class=\"headcol\" data-qa-id=\"ProductNutritionInfoTitle\">seleniu<\/td>\n<td data-qa-id=\"ProductNutritionInfoCopy\">3.3 ug<\/td>\n<\/tr>\n<tr>\n<td class=\"headcol\" data-qa-id=\"ProductNutritionInfoTitle\">iod<\/td>\n<td data-qa-id=\"ProductNutritionInfoCopy\">13.3 ug<\/td>\n<\/tr>\n<tr>\n<td class=\"headcol\" data-qa-id=\"ProductNutritionInfoTitle\">taurina<\/td>\n<td data-qa-id=\"ProductNutritionInfoCopy\">4 mg<\/td>\n<\/tr>\n<\/tbody>\n<\/table>","protected":false},"excerpt":{"rendered":"<p>Nestl\u00e9 BEBA Pre Baby Formula First Milk este conceput pentru a satisface nevoile nutritionale specifice ale bebelusului dvs. inca de la nastere si sprijina dezvoltarea lui sanatoasa. \u2022 Dezvoltat cu experti de top in nutritie \u2022 Usor compatibil \u2022 Cu acizi grasi polinesaturati cu lant lung Omega 3 (LCP), pe care bebelusii nu ii pot [&#8230;]\n","protected":false},"featured_media":178037,"comment_status":"open","ping_status":"closed","template":"","meta":{"_acf_changed":false,"_seopress_robots_primary_cat":"1767","_seopress_titles_title":"","_seopress_titles_desc":"","_seopress_robots_index":""},"product_brand":[6197],"product_cat":[1984,1520,20200,5677,1950,1767],"giftcard-category":[],"class_list":{"0":"post-61323","1":"product","2":"type-product","3":"status-publish","4":"has-post-thumbnail","6":"product_brand-nestle","7":"product_cat-hrana-bebelusi","8":"product_cat-mama-copilul","9":"product_cat-mancare-bebe","10":"product_cat-mancare-si-accesorii-bebe","11":"product_cat-produse-germania","12":"product_cat-produse-olanda","14":"first","15":"outofstock","16":"taxable","17":"shipping-taxable","18":"purchasable","19":"product-type-simple"},"acf":[],"_links":{"self":[{"href":"https:\/\/totalblue.ro\/fr\/wp-json\/wp\/v2\/product\/61323","targetHints":{"allow":["GET"]}}],"collection":[{"href":"https:\/\/totalblue.ro\/fr\/wp-json\/wp\/v2\/product"}],"about":[{"href":"https:\/\/totalblue.ro\/fr\/wp-json\/wp\/v2\/types\/product"}],"replies":[{"embeddable":true,"href":"https:\/\/totalblue.ro\/fr\/wp-json\/wp\/v2\/comments?post=61323"}],"wp:featuredmedia":[{"embeddable":true,"href":"https:\/\/totalblue.ro\/fr\/wp-json\/wp\/v2\/media\/178037"}],"wp:attachment":[{"href":"https:\/\/totalblue.ro\/fr\/wp-json\/wp\/v2\/media?parent=61323"}],"wp:term":[{"taxonomy":"product_brand","embeddable":true,"href":"https:\/\/totalblue.ro\/fr\/wp-json\/wp\/v2\/product_brand?post=61323"},{"taxonomy":"product_cat","embeddable":true,"href":"https:\/\/totalblue.ro\/fr\/wp-json\/wp\/v2\/product_cat?post=61323"},{"taxonomy":"giftcard-category","embeddable":true,"href":"https:\/\/totalblue.ro\/fr\/wp-json\/wp\/v2\/giftcard-category?post=61323"}],"curies":[{"name":"wp","href":"https:\/\/api.w.org\/{rel}","templated":true}]}}