{"id":62984,"date":"2022-09-19T14:18:49","date_gmt":"2022-09-19T11:18:49","guid":{"rendered":"https:\/\/totalblue.ro\/?post_type=product&#038;p=62984"},"modified":"2025-08-04T11:17:55","modified_gmt":"2025-08-04T08:17:55","slug":"knorr-supa-cup-a-soup-instant-cremoasa-de-cartofi-3-x-16-g-48g-import-germania","status":"publish","type":"product","link":"https:\/\/totalblue.ro\/fr\/produs\/knorr-supa-cup-a-soup-instant-cremoasa-de-cartofi-3-x-16-g-48g-import-germania\/","title":{"rendered":"Knorr Supa Cup-a-Soup instant cremoasa de cartofi 3 x 16 g (48g), import Germania"},"content":{"rendered":"<p><strong>Knorr Supa Cup-a-Soup instant cremoasa de cartofi 3 x 16 g (48g), import Germania<br \/>\n1 pachet supa Knorr cremoasa cu cartofi contine 3 plicuri de supa instant.<br \/>\n<\/strong><\/p>\n<p>Pr\u00e9paration :<br \/>\n1. Turnati continutul unui plic de Knorr Cup-a-soup intr-o cana.<br \/>\n2. Se adauga 150 ml apa fiarta la 100\u00b0C si se lasa sa stea 2 minute.<br \/>\n3. Gata de baut<\/p>\n<p>Remarque : la tasse peut \u00eatre chaude ! La soupe peut \u00eatre chaude !<\/p>\n<p><strong>Ingr\u00e9dient<\/strong>:33% cartofi\u00b3, amidon, 14% crutoane (FAINA DE GRAU, uleiuri vegetale (palmier, rapita), sare de masa, drojdie, antioxidant (extract de rozmarin)), ulei de palmier, extract de drojdie, sirop de glucoza, sare de masa iodata, zahar, sare de mas\u0103, sl\u0103nin\u0103 afumat\u0103 2% (sl\u0103nin\u0103, sare, stabilizator (nitit de sodiu), fum), gr\u0103sime de sl\u0103nin\u0103 afumat\u0103 (sl\u0103nin\u0103, antioxidant (extract de rozmarin), fum), CONCENTRAT DE SUC DE \u021aELIN\u0102\u00b3, PROTEINE DE LAPTE, ceap\u0103 prim\u0103var\u0103, concentrat de suc de morcovi\u00b3, ardei ro\u0219u dulci\u00b3, dextroz\u0103, suc concentrat de praz\u00b3, suc concentrat de ceap\u0103\u00b3, p\u0103trunjel\u00b3, maghiran, vitamina C, arome, nuc\u0219oar\u0103, turmeric, vitamina E, vitamina B6, vitamina B1, acid folic, vitamina B12. Poate contine si alte cereale care contin gluten, ou, soia si mustar. \u00b3din cultivare durabila.<\/p>\n<p><strong>Valori nutritionale \/ 100 ml<\/strong><br \/>\nEnergie 180 kJ\/43 kcal<br \/>\nGrasimi 1,6 g din care acizi grasi saturati 0,8 g<br \/>\nCarbohidrati 5,9 g din care zahar 0,7 g<br \/>\nFibre 0.5 g<br \/>\nProteine 1,1 g<br \/>\nSel 0,76 g<\/p>\n<p>Knorr Postfach 570 550, 22774 Hamburg , Germany<br \/>\nImportateur et distributeur Total Blue Impex SRL<\/p>","protected":false},"excerpt":{"rendered":"<p>Knorr Supa Cup-a-Soup instant cremoasa de cartofi 3 x 16 g (48g), import Germania 1 pachet supa Knorr cremoasa cu cartofi contine 3 plicuri de supa instant. Mod de preparare: 1. Turnati continutul unui plic de Knorr Cup-a-soup intr-o cana. 2. Se adauga 150 ml apa fiarta la 100\u00b0C si se lasa sa stea 2 [&#8230;]\n","protected":false},"featured_media":62988,"comment_status":"open","ping_status":"closed","template":"","meta":{"_acf_changed":false,"_seopress_robots_primary_cat":"none","_seopress_titles_title":"Knorr Supa Cup-a-Soup instant cremoasa de cartofi","_seopress_titles_desc":"Knorr Supa Cup-a-Soup instant cremoasa de cartofi","_seopress_robots_index":""},"product_brand":[1870],"product_cat":[1555,1683,3372,3272,1950,1767,3364],"giftcard-category":[],"class_list":{"0":"post-62984","1":"product","2":"type-product","3":"status-publish","4":"has-post-thumbnail","6":"product_brand-knorr","7":"product_cat-bacanie","8":"product_cat-conserve-mancare-gatita","9":"product_cat-conserve-produse-germania","10":"product_cat-conserve","11":"product_cat-produse-germania","12":"product_cat-produse-olanda","13":"product_cat-supe-produse-germania","15":"first","16":"outofstock","17":"taxable","18":"shipping-taxable","19":"purchasable","20":"product-type-simple"},"acf":[],"_links":{"self":[{"href":"https:\/\/totalblue.ro\/fr\/wp-json\/wp\/v2\/product\/62984","targetHints":{"allow":["GET"]}}],"collection":[{"href":"https:\/\/totalblue.ro\/fr\/wp-json\/wp\/v2\/product"}],"about":[{"href":"https:\/\/totalblue.ro\/fr\/wp-json\/wp\/v2\/types\/product"}],"replies":[{"embeddable":true,"href":"https:\/\/totalblue.ro\/fr\/wp-json\/wp\/v2\/comments?post=62984"}],"wp:featuredmedia":[{"embeddable":true,"href":"https:\/\/totalblue.ro\/fr\/wp-json\/wp\/v2\/media\/62988"}],"wp:attachment":[{"href":"https:\/\/totalblue.ro\/fr\/wp-json\/wp\/v2\/media?parent=62984"}],"wp:term":[{"taxonomy":"product_brand","embeddable":true,"href":"https:\/\/totalblue.ro\/fr\/wp-json\/wp\/v2\/product_brand?post=62984"},{"taxonomy":"product_cat","embeddable":true,"href":"https:\/\/totalblue.ro\/fr\/wp-json\/wp\/v2\/product_cat?post=62984"},{"taxonomy":"giftcard-category","embeddable":true,"href":"https:\/\/totalblue.ro\/fr\/wp-json\/wp\/v2\/giftcard-category?post=62984"}],"curies":[{"name":"wp","href":"https:\/\/api.w.org\/{rel}","templated":true}]}}