{"id":62994,"date":"2022-09-19T14:24:03","date_gmt":"2022-09-19T11:24:03","guid":{"rendered":"https:\/\/totalblue.ro\/?post_type=product&#038;p=62994"},"modified":"2025-11-11T22:31:06","modified_gmt":"2025-11-11T20:31:06","slug":"knorr-supa-cup-a-soup-instant-cremoasa-de-sparanghel-cu-crutoane-3-x-14-g-42g-import-germania","status":"publish","type":"product","link":"https:\/\/totalblue.ro\/fr\/produs\/knorr-supa-cup-a-soup-instant-cremoasa-de-sparanghel-cu-crutoane-3-x-14-g-42g-import-germania\/","title":{"rendered":"Knorr Cup-a-Soup Soupe instantan\u00e9e cr\u00e9meuse aux asperges avec cro\u00fbtons 3 x 14 g (42g), import\u00e9 d'Allemagne"},"content":{"rendered":"<p><strong>Knorr Cup-a-Soup Soupe instantan\u00e9e cr\u00e9meuse aux asperges avec cro\u00fbtons 3 x 14 g (42g), import\u00e9 d'Allemagne<br \/>\n1 pachet supa Knorr cremoasa sparanghel si crutoane contine 3 plicuri de supa instant.<br \/>\n<\/strong><\/p>\n<p>Pr\u00e9paration :<br \/>\n1. Turnati continutul unui plic de Knorr Cup-a-soup intr-o cana.<br \/>\n2. Se adauga 150 ml apa fiarta la 100\u00b0C si se lasa sa stea 2 minute.<br \/>\n3. Gata de baut<\/p>\n<p>Remarque : la tasse peut \u00eatre chaude ! La soupe peut \u00eatre chaude !<\/p>\n<p><strong>Ingr\u00e9dient<\/strong>:Amidon, ulei de palmier, crutoane 11% (FAINA DE GRAU, uleiuri vegetale (palmier, rapita), sare, drojdie, antioxidant (extract de rozmarin)), 10% sparanghel\u00b3 (praf, praf), sirop de glucoza, sare iodata, smantana praf , extract de drojdie, zahar, pudra de porumb vegetal\u00b3, proteine din lapte, ceapa\u00b3, dextroza, praf de suc de lamaie, sare de masa, vitamina C, arpagic\u00b3, patrunjel\u00b3, arome (cu ou), turmeric, vitamina E, vitamina B6, vitamina B1, acid folic , vitamina B12. Poate contine alte cereale care contin gluten, soia, telina si mustar. \u00b3din cultivare durabil\u0103.<br \/>\nAlergeni: Contine gluten, ou \u0219i lapte. Poate contine telina, mustar si soia.<\/p>\n<p><strong>Valori nutritionale \/ 100 ml<\/strong><br \/>\nEnergie 166 kJ \/ 40 kcal<br \/>\nGr\u0103simi 1,9 g din care acizi gra\u0219i satura\u021bi 1,1 g<br \/>\nGlucide 4,6 g din care zaharuri 1,1 g<br \/>\nFibre &lt; 0.5 g<br \/>\nAlbus de ou 1 g<br \/>\nSare 0,84 g<\/p>\n<p>Knorr Postfach 570 550, 22774 Hamburg , Germany<br \/>\nImportateur et distributeur Total Blue Impex SRL<\/p>","protected":false},"excerpt":{"rendered":"<p>Knorr Supa Cup-a-Soup instant cremoasa de sparanghel cu crutoane 3 x 14 g (42g), import Germania 1 pachet supa Knorr cremoasa sparanghel si crutoane contine 3 plicuri de supa instant. Mod de preparare: 1. Turnati continutul unui plic de Knorr Cup-a-soup intr-o cana. 2. Se adauga 150 ml apa fiarta la 100\u00b0C si se lasa [&#8230;]\n","protected":false},"featured_media":62998,"comment_status":"open","ping_status":"closed","template":"","meta":{"_acf_changed":false,"_seopress_robots_primary_cat":"none","_seopress_titles_title":"","_seopress_titles_desc":"","_seopress_robots_index":""},"product_brand":[1870],"product_cat":[1555,1683,3372,3272,1950,1767,3364],"giftcard-category":[],"class_list":{"0":"post-62994","1":"product","2":"type-product","3":"status-publish","4":"has-post-thumbnail","6":"product_brand-knorr","7":"product_cat-bacanie","8":"product_cat-conserve-mancare-gatita","9":"product_cat-conserve-produse-germania","10":"product_cat-conserve","11":"product_cat-produse-germania","12":"product_cat-produse-olanda","13":"product_cat-supe-produse-germania","15":"first","16":"outofstock","17":"taxable","18":"shipping-taxable","19":"purchasable","20":"product-type-simple"},"acf":[],"_links":{"self":[{"href":"https:\/\/totalblue.ro\/fr\/wp-json\/wp\/v2\/product\/62994","targetHints":{"allow":["GET"]}}],"collection":[{"href":"https:\/\/totalblue.ro\/fr\/wp-json\/wp\/v2\/product"}],"about":[{"href":"https:\/\/totalblue.ro\/fr\/wp-json\/wp\/v2\/types\/product"}],"replies":[{"embeddable":true,"href":"https:\/\/totalblue.ro\/fr\/wp-json\/wp\/v2\/comments?post=62994"}],"wp:featuredmedia":[{"embeddable":true,"href":"https:\/\/totalblue.ro\/fr\/wp-json\/wp\/v2\/media\/62998"}],"wp:attachment":[{"href":"https:\/\/totalblue.ro\/fr\/wp-json\/wp\/v2\/media?parent=62994"}],"wp:term":[{"taxonomy":"product_brand","embeddable":true,"href":"https:\/\/totalblue.ro\/fr\/wp-json\/wp\/v2\/product_brand?post=62994"},{"taxonomy":"product_cat","embeddable":true,"href":"https:\/\/totalblue.ro\/fr\/wp-json\/wp\/v2\/product_cat?post=62994"},{"taxonomy":"giftcard-category","embeddable":true,"href":"https:\/\/totalblue.ro\/fr\/wp-json\/wp\/v2\/giftcard-category?post=62994"}],"curies":[{"name":"wp","href":"https:\/\/api.w.org\/{rel}","templated":true}]}}