{"id":63230,"date":"2022-09-20T15:52:38","date_gmt":"2022-09-20T12:52:38","guid":{"rendered":"https:\/\/totalblue.ro\/?post_type=product&#038;p=63230"},"modified":"2025-11-03T11:41:59","modified_gmt":"2025-11-03T09:41:59","slug":"indonesie-delicieux-nasi-goreng-350-g-import-allemagne","status":"publish","type":"product","link":"https:\/\/totalblue.ro\/fr\/produs\/indonesia-nasi-goreng-delicios-350-g-import-germania\/","title":{"rendered":"Indon\u00e9sie Delicious Nasi Goreng 350 g, import\u00e9 d'Allemagne"},"content":{"rendered":"<p>Ingr\u00e9dients : 39% de l\u00e9gumes en proportions variables (poivrons, oignons, ma\u00efs, pois, bambou), eau potable, 12% de riz brun (sec), 10% de poulet, champignons, graisse de poulet, sauce soja (m\u00e9lasse, \u00e9pices (contient du soja), eau, sel de table), \u00e9pices, sel de table iod\u00e9 (sel de table iod\u00e9, iodate de potassium), sucre, extrait de poulet (poulet, sel de table), maltodextrine, amidon, extrait de b\u0153uf, graisse de b\u0153uf, \u00e9pices, ar\u00f4me naturel, sirop de sucre caramel, huile de tournesol, amidon modifi\u00e9, gomme \u00e9paississante de guar, dextrose, herbes.<br \/>\nPeut contenir des traces de c\u00e9leri, de moutarde, de bl\u00e9 et d'\u0153uf.<br \/>\nAllerg\u00e8nes : soja<br \/>\nValeurs nutritionnelles \/ 100 g :<br \/>\n\u00c9nergie 525 kJ \/ 125 kcal<br \/>\nMati\u00e8res grasses 4,7 g dont acides gras satur\u00e9s 1,2 g<br \/>\nGlucides 15 g dont 2,8 g de sucre<br \/>\nProt\u00e9ines 4,4 g<br \/>\nSel 1,2 g<br \/>\nConserver dans un endroit sec et frais, \u00e0 l'abri de la lumi\u00e8re directe du soleil. Apr\u00e8s ouverture, conserver couvert au r\u00e9frig\u00e9rateur et consommer dans les 48h.<br \/>\nRecommandations : Verser le contenu dans une casserole. Remuer de temps en temps. Chauffer \u00e0 feu moyen. Vous pouvez \u00e9galement passer au micro-ondes \u00e0 600 W pendant environ 3,5 minutes. Rapide et facile !<br \/>\nEmballage : bo\u00eete m\u00e9tallique avec serrure<br \/>\nPays d'origine Germany<br \/>\nMarque Indon\u00e9sie<br \/>\nCuisine Tha\u00eflande<br \/>\nFormat bo\u00eete de conserve en m\u00e9tal avec cl\u00e9<br \/>\nFabricant Indon\u00e9sie<\/p>\n<p>Fabriqu\u00e9 et vendu en Allemagne par Dreistern Konserven GmbH &amp; Co. KG , Philipp-Oehmigke-Str. 4, 16816 Neuruppin.<br \/>\nImportateur et distributeur Total Blue Impex SRL<\/p>\n<p>&nbsp;<\/p>\n<p>&nbsp;<\/p>","protected":false},"excerpt":{"rendered":"<p>Ingrediente: 39% legume in proportii variate (ardei, ceapa, porumb, mazare, bambus), apa de baut, 12% orez integral (uscat), 10% pui, ciuperci, grasime de pui, sos de soia (melasa, condimente (contine soia) , apa, sare de masa), condimente, sare de masa iodata (sare de masa, iodat de potasiu), zahar, extract de pui (pui, sare de masa), [&#8230;]\n","protected":false},"featured_media":104423,"comment_status":"open","ping_status":"closed","template":"","meta":{"_acf_changed":false,"_seopress_robots_primary_cat":"1950","_seopress_titles_title":"","_seopress_titles_desc":"","_seopress_robots_index":""},"product_brand":[1986],"product_cat":[1555,1683,3272,3372,1950,1767],"giftcard-category":[],"class_list":{"0":"post-63230","1":"product","2":"type-product","3":"status-publish","4":"has-post-thumbnail","6":"product_brand-indonesia","7":"product_cat-bacanie","8":"product_cat-conserve-mancare-gatita","9":"product_cat-conserve","10":"product_cat-conserve-produse-germania","11":"product_cat-produse-germania","12":"product_cat-produse-olanda","14":"first","15":"outofstock","16":"taxable","17":"shipping-taxable","18":"purchasable","19":"product-type-simple"},"acf":[],"_links":{"self":[{"href":"https:\/\/totalblue.ro\/fr\/wp-json\/wp\/v2\/product\/63230","targetHints":{"allow":["GET"]}}],"collection":[{"href":"https:\/\/totalblue.ro\/fr\/wp-json\/wp\/v2\/product"}],"about":[{"href":"https:\/\/totalblue.ro\/fr\/wp-json\/wp\/v2\/types\/product"}],"replies":[{"embeddable":true,"href":"https:\/\/totalblue.ro\/fr\/wp-json\/wp\/v2\/comments?post=63230"}],"wp:featuredmedia":[{"embeddable":true,"href":"https:\/\/totalblue.ro\/fr\/wp-json\/wp\/v2\/media\/104423"}],"wp:attachment":[{"href":"https:\/\/totalblue.ro\/fr\/wp-json\/wp\/v2\/media?parent=63230"}],"wp:term":[{"taxonomy":"product_brand","embeddable":true,"href":"https:\/\/totalblue.ro\/fr\/wp-json\/wp\/v2\/product_brand?post=63230"},{"taxonomy":"product_cat","embeddable":true,"href":"https:\/\/totalblue.ro\/fr\/wp-json\/wp\/v2\/product_cat?post=63230"},{"taxonomy":"giftcard-category","embeddable":true,"href":"https:\/\/totalblue.ro\/fr\/wp-json\/wp\/v2\/giftcard-category?post=63230"}],"curies":[{"name":"wp","href":"https:\/\/api.w.org\/{rel}","templated":true}]}}