{"id":63396,"date":"2022-09-21T13:47:26","date_gmt":"2022-09-21T10:47:26","guid":{"rendered":"https:\/\/totalblue.ro\/?post_type=product&#038;p=63396"},"modified":"2025-08-06T14:21:09","modified_gmt":"2025-08-06T11:21:09","slug":"lacroix-sos-a-la-bearnaise-150ml-import-germania","status":"publish","type":"product","link":"https:\/\/totalblue.ro\/fr\/produs\/lacroix-sos-a-la-bearnaise-150ml-import-germania\/","title":{"rendered":"Lacroix Sos a la Bearnaise 150ml, import Germania"},"content":{"rendered":"<p>Ingrediente: apa, UT 11%, ulei de rapita, amidon de porumb modificat, vin alb, otet de vin tarhon 1,2% (otet de vin alb, tarhon, aroma naturala de tarhon, antioxidant: bisulfit de potasiu), sare, arome, praf de galbenus de ou, zahar, agen\u021bi de \u00eengro\u0219are: gum\u0103 xantan \u0219i gum\u0103 guar, Tarhon 0,2%, concentrat de suc de lamaie, colorant: beta-caroten.<br \/>\nConserver dans un endroit sec, \u00e0 l'abri de la lumi\u00e8re et \u00e0 temp\u00e9rature ambiante.<br \/>\nInstructiuni de utilizare: Se \u00eenc\u0103lze\u0219te \u00eentr-o crati\u021b\u0103 timp de 2 minute la foc mediu \/ se poate incalzi la bain-marie timp de 5 minute \/ se poate \u00eenc\u0103lzi acoperit \u00een cuptorul cu microunde timp de 1-2 minute (600 W).<br \/>\nInstruc\u021biuni de depozitare: A nu se p\u0103stra la temperaturi sub + 5 \u00b0 C. P\u0103stra\u021bi la frigider dup\u0103 deschidere \u0219i utiliza\u021bi \u00een termen de 2 zile.<br \/>\nFabricat de Eugen Lacroix GmbH Postfach 108120, D-23530 L\u00fcbeck<br \/>\nImportateur et distributeur : Total Blue Impex SRL, Bucarest, Roumanie<\/p>","protected":false},"excerpt":{"rendered":"<p>Ingrediente: apa, UT 11%, ulei de rapita, amidon de porumb modificat, vin alb, otet de vin tarhon 1,2% (otet de vin alb, tarhon, aroma naturala de tarhon, antioxidant: bisulfit de potasiu), sare, arome, praf de galbenus de ou, zahar, agen\u021bi de \u00eengro\u0219are: gum\u0103 xantan \u0219i gum\u0103 guar, Tarhon 0,2%, concentrat de suc de lamaie, colorant: [&#8230;]\n","protected":false},"featured_media":63402,"comment_status":"open","ping_status":"closed","template":"","meta":{"_acf_changed":false,"_seopress_robots_primary_cat":"none","_seopress_titles_title":"","_seopress_titles_desc":"","_seopress_robots_index":""},"product_brand":[4136],"product_cat":[1555,3280,3380,1950,1767],"giftcard-category":[],"class_list":{"0":"post-63396","1":"product","2":"type-product","3":"status-publish","4":"has-post-thumbnail","6":"product_brand-lacroix","7":"product_cat-bacanie","8":"product_cat-condimente-sosuri","9":"product_cat-condimente-sosuri-produse-germania","10":"product_cat-produse-germania","11":"product_cat-produse-olanda","13":"first","14":"outofstock","15":"taxable","16":"shipping-taxable","17":"purchasable","18":"product-type-simple"},"acf":[],"_links":{"self":[{"href":"https:\/\/totalblue.ro\/fr\/wp-json\/wp\/v2\/product\/63396","targetHints":{"allow":["GET"]}}],"collection":[{"href":"https:\/\/totalblue.ro\/fr\/wp-json\/wp\/v2\/product"}],"about":[{"href":"https:\/\/totalblue.ro\/fr\/wp-json\/wp\/v2\/types\/product"}],"replies":[{"embeddable":true,"href":"https:\/\/totalblue.ro\/fr\/wp-json\/wp\/v2\/comments?post=63396"}],"wp:featuredmedia":[{"embeddable":true,"href":"https:\/\/totalblue.ro\/fr\/wp-json\/wp\/v2\/media\/63402"}],"wp:attachment":[{"href":"https:\/\/totalblue.ro\/fr\/wp-json\/wp\/v2\/media?parent=63396"}],"wp:term":[{"taxonomy":"product_brand","embeddable":true,"href":"https:\/\/totalblue.ro\/fr\/wp-json\/wp\/v2\/product_brand?post=63396"},{"taxonomy":"product_cat","embeddable":true,"href":"https:\/\/totalblue.ro\/fr\/wp-json\/wp\/v2\/product_cat?post=63396"},{"taxonomy":"giftcard-category","embeddable":true,"href":"https:\/\/totalblue.ro\/fr\/wp-json\/wp\/v2\/giftcard-category?post=63396"}],"curies":[{"name":"wp","href":"https:\/\/api.w.org\/{rel}","templated":true}]}}