{"id":63439,"date":"2022-09-21T15:19:18","date_gmt":"2022-09-21T12:19:18","guid":{"rendered":"https:\/\/totalblue.ro\/?post_type=product&#038;p=63439"},"modified":"2025-08-06T14:21:06","modified_gmt":"2025-08-06T11:21:06","slug":"lacroix-supa-gulas-cu-carne-de-vita-400-ml-import-germania","status":"publish","type":"product","link":"https:\/\/totalblue.ro\/fr\/produs\/lacroix-supa-gulas-cu-carne-de-vita-400-ml-import-germania\/","title":{"rendered":"Lacroix Soupe Goulash au boeuf 400 ml, import\u00e9 d'Allemagne"},"content":{"rendered":"<p>Ingrediente: apa, carne de vita fiarta 11% (vita, amidon, sare), ceapa 9%, pasta de rosii, ardei rosu 4%, ulei vegetal (ulei de rapita), amidon modificat, faina de grau , sare iodata, condimente, arome (contine soia). si telina), agenti de ingrosare: guma guar, guma de roscove si guma xantan; Zahar, otet de vin, coaja de lamaie, Sambal Oelek (chilis, boia de ardei, apa de baut, sare de masa), lactoza, extract de malt de orz.<br \/>\nInforma\u021bii nutri\u021bionale (la 100 g)<br \/>\nEnergie (kj) 308 \/ Energie (kcal) 73,6<br \/>\nGrasimi (g) 3,8 din care grasimi saturate (g) 0,5<br \/>\nGlucide (g) 5.2 din care zaharuri (g) 1.8<br \/>\nFibre (g) 1.1<br \/>\nProteine \u200b\u200b(g) 3.3<br \/>\nSare (g) 1.2<br \/>\nSodiu (g) \u200b\u200b0,5<br \/>\nConserver dans un endroit sec et frais, \u00e0 l'abri de la lumi\u00e8re directe du soleil. Apr\u00e8s ouverture, conserver couvert au r\u00e9frig\u00e9rateur et consommer dans les 48h.<br \/>\nRecomandari: Turnati continutul intr-o cratita \/ tigaie. Amestecati ocazional. Incalziti la foc mediu. De asemenea puteti incalzi si la cuptorul cu microunde la 600 W timp de aproximativ 4 minute. Rapid si usor!<br \/>\nAmbalaj: conserva metalica cu cheita.<br \/>\n<strong><br \/>\n<\/strong>Producator Continental Foods Germany GmbH Geniner Stra\u00dfe 88-100, 23560 L\u00fcbeck<br \/>\nImportateur et distributeur Total Blue Impex SRL<\/p>","protected":false},"excerpt":{"rendered":"<p>Ingrediente: apa, carne de vita fiarta 11% (vita, amidon, sare), ceapa 9%, pasta de rosii, ardei rosu 4%, ulei vegetal (ulei de rapita), amidon modificat, faina de grau , sare iodata, condimente, arome (contine soia). si telina), agenti de ingrosare: guma guar, guma de roscove si guma xantan; Zahar, otet de vin, coaja de lamaie, [&#8230;]\n","protected":false},"featured_media":63445,"comment_status":"open","ping_status":"closed","template":"","meta":{"_acf_changed":false,"_seopress_robots_primary_cat":"none","_seopress_titles_title":"","_seopress_titles_desc":"","_seopress_robots_index":""},"product_brand":[4136],"product_cat":[1555,1683,3272,3372,1950,1767,3364],"giftcard-category":[],"class_list":{"0":"post-63439","1":"product","2":"type-product","3":"status-publish","4":"has-post-thumbnail","6":"product_brand-lacroix","7":"product_cat-bacanie","8":"product_cat-conserve-mancare-gatita","9":"product_cat-conserve","10":"product_cat-conserve-produse-germania","11":"product_cat-produse-germania","12":"product_cat-produse-olanda","13":"product_cat-supe-produse-germania","15":"first","16":"outofstock","17":"taxable","18":"shipping-taxable","19":"purchasable","20":"product-type-simple"},"acf":[],"_links":{"self":[{"href":"https:\/\/totalblue.ro\/fr\/wp-json\/wp\/v2\/product\/63439","targetHints":{"allow":["GET"]}}],"collection":[{"href":"https:\/\/totalblue.ro\/fr\/wp-json\/wp\/v2\/product"}],"about":[{"href":"https:\/\/totalblue.ro\/fr\/wp-json\/wp\/v2\/types\/product"}],"replies":[{"embeddable":true,"href":"https:\/\/totalblue.ro\/fr\/wp-json\/wp\/v2\/comments?post=63439"}],"wp:featuredmedia":[{"embeddable":true,"href":"https:\/\/totalblue.ro\/fr\/wp-json\/wp\/v2\/media\/63445"}],"wp:attachment":[{"href":"https:\/\/totalblue.ro\/fr\/wp-json\/wp\/v2\/media?parent=63439"}],"wp:term":[{"taxonomy":"product_brand","embeddable":true,"href":"https:\/\/totalblue.ro\/fr\/wp-json\/wp\/v2\/product_brand?post=63439"},{"taxonomy":"product_cat","embeddable":true,"href":"https:\/\/totalblue.ro\/fr\/wp-json\/wp\/v2\/product_cat?post=63439"},{"taxonomy":"giftcard-category","embeddable":true,"href":"https:\/\/totalblue.ro\/fr\/wp-json\/wp\/v2\/giftcard-category?post=63439"}],"curies":[{"name":"wp","href":"https:\/\/api.w.org\/{rel}","templated":true}]}}