{"id":63491,"date":"2022-09-21T16:18:52","date_gmt":"2022-09-21T13:18:52","guid":{"rendered":"https:\/\/totalblue.ro\/?post_type=product&#038;p=63491"},"modified":"2026-04-09T18:03:01","modified_gmt":"2026-04-09T15:03:01","slug":"erasco-supa-crema-de-cartofi-390-ml-import-germania","status":"publish","type":"product","link":"https:\/\/totalblue.ro\/fr\/produs\/erasco-supa-crema-de-cartofi-390-ml-import-germania\/","title":{"rendered":"Erasco supa crema de cartofi 390 ml, import Germania"},"content":{"rendered":"<p>Ingrediente: apa, 26% cartofi, smantana, morcovi, bacon (obraz de porc, sare, afumat), 1,5% sunca fiarta (porc, apa de baut, sare, stabilizator: E450, E451, antioxidanti: E316, E301, dextroza, condimente, extracte de condimente, aroma, fum), amidon modificat, sare, ulei de rapita, ulei de palmier, lactoza, zahar, aroma (contine telina si ou, ierburi, proteine din lapte, condimente, extract de drojdie, extract de morcov colorant, emulgator: E472e, agent de ingrosare : guma guar si guma xantan, colorant: curcumina, dextroza Poate contine urme de grau, soia si mustar.<br \/>\nConserver dans un endroit sec et frais, \u00e0 l'abri de la lumi\u00e8re directe du soleil. Apr\u00e8s ouverture, conserver couvert au r\u00e9frig\u00e9rateur et consommer dans les 48h.<br \/>\nRecomandari: Turnati continutul intr-o cratita \/ tigaie. Amestecati ocazional. Incalziti la foc mediu. De asemenea puteti incalzi si la cuptorul cu microunde la 600 W timp de aproximativ 4 minute. Rapid si usor!<br \/>\nAmbalaj: conserva metalica cu cheita.<\/p>\n<p>Valeurs nutritionnelles \/ 100 g :<br \/>\nEnergie 331 kJ (80 kcal)<br \/>\nGrasimi 5.6 g din care grasimi saturate 1.5 g<br \/>\nCarbohidra\u021bi 6 g din care zaharuri 0.9 g<br \/>\nFibre 0.4 g<br \/>\nProteine 1.1 g<br \/>\nSare 0.96 g<\/p>\n<div dir=\"auto\">Fabricat in Germania de Continental Foods Germany GmbH Kontaktadresse: Postfach 12 11 62, D-23532 L\u00fcbeck<br \/>\nImportateur et distributeur Total Blue Impex SRL<\/div>","protected":false},"excerpt":{"rendered":"<p>Ingrediente: apa, 26% cartofi, smantana, morcovi, bacon (obraz de porc, sare, afumat), 1,5% sunca fiarta (porc, apa de baut, sare, stabilizator: E450, E451, antioxidanti: E316, E301, dextroza, condimente, extracte de condimente, aroma, fum), amidon modificat, sare, ulei de rapita, ulei de palmier, lactoza, zahar, aroma (contine telina si ou, ierburi, proteine din lapte, condimente, extract [&#8230;]\n","protected":false},"featured_media":63494,"comment_status":"open","ping_status":"closed","template":"","meta":{"_acf_changed":false,"_seopress_robots_primary_cat":"none","_seopress_titles_title":"","_seopress_titles_desc":"","_seopress_robots_index":""},"product_brand":[1951],"product_cat":[1555,1683,3272,3372,1950,1767,3364],"giftcard-category":[],"class_list":{"0":"post-63491","1":"product","2":"type-product","3":"status-publish","4":"has-post-thumbnail","6":"product_brand-erasco","7":"product_cat-bacanie","8":"product_cat-conserve-mancare-gatita","9":"product_cat-conserve","10":"product_cat-conserve-produse-germania","11":"product_cat-produse-germania","12":"product_cat-produse-olanda","13":"product_cat-supe-produse-germania","15":"first","16":"outofstock","17":"taxable","18":"shipping-taxable","19":"purchasable","20":"product-type-simple"},"acf":[],"_links":{"self":[{"href":"https:\/\/totalblue.ro\/fr\/wp-json\/wp\/v2\/product\/63491","targetHints":{"allow":["GET"]}}],"collection":[{"href":"https:\/\/totalblue.ro\/fr\/wp-json\/wp\/v2\/product"}],"about":[{"href":"https:\/\/totalblue.ro\/fr\/wp-json\/wp\/v2\/types\/product"}],"replies":[{"embeddable":true,"href":"https:\/\/totalblue.ro\/fr\/wp-json\/wp\/v2\/comments?post=63491"}],"wp:featuredmedia":[{"embeddable":true,"href":"https:\/\/totalblue.ro\/fr\/wp-json\/wp\/v2\/media\/63494"}],"wp:attachment":[{"href":"https:\/\/totalblue.ro\/fr\/wp-json\/wp\/v2\/media?parent=63491"}],"wp:term":[{"taxonomy":"product_brand","embeddable":true,"href":"https:\/\/totalblue.ro\/fr\/wp-json\/wp\/v2\/product_brand?post=63491"},{"taxonomy":"product_cat","embeddable":true,"href":"https:\/\/totalblue.ro\/fr\/wp-json\/wp\/v2\/product_cat?post=63491"},{"taxonomy":"giftcard-category","embeddable":true,"href":"https:\/\/totalblue.ro\/fr\/wp-json\/wp\/v2\/giftcard-category?post=63491"}],"curies":[{"name":"wp","href":"https:\/\/api.w.org\/{rel}","templated":true}]}}