{"id":63628,"date":"2022-09-22T13:40:47","date_gmt":"2022-09-22T10:40:47","guid":{"rendered":"https:\/\/totalblue.ro\/?post_type=product&#038;p=63628"},"modified":"2025-11-25T16:39:24","modified_gmt":"2025-11-25T14:39:24","slug":"ragout-de-haricots-blancs-erasco-400-g","status":"publish","type":"product","link":"https:\/\/totalblue.ro\/fr\/produs\/tocana-de-fasole-alba-erasco-400-g\/","title":{"rendered":"Rago\u00fbt de haricots blancs Erasco 400 g"},"content":{"rendered":"<p>Bohnen-Eintopf Erasco 400 g<br \/>\nRago\u00fbt de haricots blancs Erasco 400 g<br \/>\nQuantit\u00e9 recommand\u00e9e pour 2 portions.<\/p>\n<p>Ingr\u00e9dients : eau, 32% haricots blancs, pommes de terre, 8,0% l\u00e9gumes (carottes, 2,2% poireaux), 1,6% morceaux de salami, (porc, saindoux, sel, \u00e9pices, dextrose, extraits d'\u00e9pices, antioxydants : extrait de romarin et ascorbate de sodium, fum\u00e9e), saindoux (graisse de porc, sel, fum\u00e9e), sel, huile de raphia, ar\u00f4me (contient des \u0153ufs et du c\u00e9leri), sucre, \u00e9mulsifiant : E472e, amidon modifi\u00e9, dextrose, herbes, extrait de levure, colorant d'extrait de curcuma, \u00e9pices pour l'ar\u00f4me de fum\u00e9e, \u00e9pinards en poudre, antioxydants : acide ascorbique, \u00e9paississants : gomme de guar et gomme de xanthane. <strong><br \/>\nRecommandations :<\/strong> Verser le contenu dans une casserole. Faire chauffer \u00e0 feu moyen. Vous pouvez \u00e9galement faire chauffer au micro-ondes, 6 minutes \u00e0 600 W.<br \/>\n<strong>Conditions de stockage : <\/strong>Conserver dans un endroit sec \u00e0 temp\u00e9rature ambiante.<br \/>\nApr\u00e8s ouverture, conserver couvert au r\u00e9frig\u00e9rateur et consommer dans les 48h.<br \/>\n<strong>Allerg\u00e8nes : <\/strong>\u0153ufs, c\u00e9leri, bl\u00e9, lait, soja, moutarde.<\/p>\n<p><strong>Nutrition\/100g :<br \/>\n<\/strong>Valeurs nutritionnelles \/ 100 g :<br \/>\n\u00c9nergie 293 KJ \/ 70 kcal<br \/>\nMati\u00e8res grasses 1,4 g dont acides gras satur\u00e9s 0,5 g<br \/>\nGlucides 8,5 g dont sucre 1,2 g<br \/>\nFibres alimentaires 4,2 g<br \/>\nProt\u00e9ines 3,6 g<br \/>\nSel 0,95 g<\/p>\n<p>Pr\u00e9sentation : peut<br \/>\nPays d'origine : Allemagne<br \/>\nFabriqu\u00e9 en Allemagne par GB Foods Deutschland GmbH , Geniner Strase 88-100, 23560 L\u00fcbeck<br \/>\nImportateur et distributeur Total Blue Impex SRL<\/p>","protected":false},"excerpt":{"rendered":"<p>Wei\u00dfe Bohnen-Eintopf Erasco 400 g Tocana de fasole alba Erasco 400 g Cantitate recomandata pentru 2 portii. Ingrediente: apa, 32% fasole alba, cartofi, 8,0% legume (morcovi, 2,2% praz), 1,6% bucatele de salam, (porc, slanin\u0103, sare, condimente, dextroz\u0103, extracte de condimente, antioxidan\u021bi: extract de rozmarin \u0219i ascorbat de sodiu, fum), slanin\u0103 (gusa de porc, sare, fum), [&#8230;]\n","protected":false},"featured_media":28134,"comment_status":"open","ping_status":"closed","template":"","meta":{"_acf_changed":false,"_seopress_robots_primary_cat":"1950","_seopress_titles_title":"","_seopress_titles_desc":"","_seopress_robots_index":""},"product_brand":[1951],"product_cat":[1555,1683,3272,3372,1950,1767],"giftcard-category":[],"class_list":{"0":"post-63628","1":"product","2":"type-product","3":"status-publish","4":"has-post-thumbnail","6":"product_brand-erasco","7":"product_cat-bacanie","8":"product_cat-conserve-mancare-gatita","9":"product_cat-conserve","10":"product_cat-conserve-produse-germania","11":"product_cat-produse-germania","12":"product_cat-produse-olanda","14":"first","15":"outofstock","16":"taxable","17":"shipping-taxable","18":"purchasable","19":"product-type-simple"},"acf":[],"_links":{"self":[{"href":"https:\/\/totalblue.ro\/fr\/wp-json\/wp\/v2\/product\/63628","targetHints":{"allow":["GET"]}}],"collection":[{"href":"https:\/\/totalblue.ro\/fr\/wp-json\/wp\/v2\/product"}],"about":[{"href":"https:\/\/totalblue.ro\/fr\/wp-json\/wp\/v2\/types\/product"}],"replies":[{"embeddable":true,"href":"https:\/\/totalblue.ro\/fr\/wp-json\/wp\/v2\/comments?post=63628"}],"wp:featuredmedia":[{"embeddable":true,"href":"https:\/\/totalblue.ro\/fr\/wp-json\/wp\/v2\/media\/28134"}],"wp:attachment":[{"href":"https:\/\/totalblue.ro\/fr\/wp-json\/wp\/v2\/media?parent=63628"}],"wp:term":[{"taxonomy":"product_brand","embeddable":true,"href":"https:\/\/totalblue.ro\/fr\/wp-json\/wp\/v2\/product_brand?post=63628"},{"taxonomy":"product_cat","embeddable":true,"href":"https:\/\/totalblue.ro\/fr\/wp-json\/wp\/v2\/product_cat?post=63628"},{"taxonomy":"giftcard-category","embeddable":true,"href":"https:\/\/totalblue.ro\/fr\/wp-json\/wp\/v2\/giftcard-category?post=63628"}],"curies":[{"name":"wp","href":"https:\/\/api.w.org\/{rel}","templated":true}]}}