{"id":64746,"date":"2022-09-30T16:04:08","date_gmt":"2022-09-30T13:04:08","guid":{"rendered":"https:\/\/totalblue.ro\/?post_type=product&#038;p=64746"},"modified":"2025-08-06T15:50:05","modified_gmt":"2025-08-06T12:50:05","slug":"maggi-sos-cremos-hollandaise-50-g-250-ml-instant-import-germania","status":"publish","type":"product","link":"https:\/\/totalblue.ro\/fr\/produs\/maggi-sos-cremos-hollandaise-50-g-250-ml-instant-import-germania\/","title":{"rendered":"Maggi sos cremos Hollandaise  50 g (250 ml) instant , import Germania"},"content":{"rendered":"<div id=\"content_tab_description\" class=\"tab-content tab-description\">\n<div class=\"tab-content-inner\">Ingrediente: amidon*, ZAHAR DIN LAPTE*, galbenus de ou 12%, ulei de floarea soarelui*, sare iodata (sare, iodat de potasiu), PRODUS PROTEIN LACTETIC*, extract de drojdie, zahar*, aroma naturala* (cu LAPTE), extract de turmeric* , aroma, acid citric*. Poate contine GLUTEN CEREALE, TELINA, MUSTAR si SOIA.*ingrediente naturale.<br \/>\nAllerg\u00e8nes : contient du lait, des \u0153ufs et des produits \u00e0 base d'\u0153ufs.<\/div>\n<\/div>\n<div><\/div>\n<div>Pr\u00e9paration en 5 minutes :<br \/>\n1) Mettre 250 ml d'eau froide dans une casserole.<br \/>\n2) Ajouter le contenu du sachet. Porter \u00e0 \u00e9bullition en remuant \u00e0 l'aide d'un fouet.<\/div>\n<div>Il n'est pas n\u00e9cessaire d'ajouter du sel.<\/div>\n<div><\/div>\n<div id=\"content_tab_description\" class=\"tab-content tab-description\">\n<div>Valeurs nutritionnelles pour 100g :<br \/>\nCes valeurs s'appliquent au produit non pr\u00e9par\u00e9.<\/div>\n<div>Energie 1759\/420 kj\/kcal<br \/>\nGrasimi 43,3 g din care grasimi saturate 26,7 g<br \/>\nGlucide 7,7 g din care zaharuri 3,2 g<br \/>\nFibre &lt; 0.5 g<br \/>\nProteine \u200b\u200b1,4 g<br \/>\nSel 0,90 g<\/div>\n<\/div>\n<div><\/div>\n<div><\/div>\n<div><\/div>","protected":false},"excerpt":{"rendered":"<p>Ingrediente: amidon*, ZAHAR DIN LAPTE*, galbenus de ou 12%, ulei de floarea soarelui*, sare iodata (sare, iodat de potasiu), PRODUS PROTEIN LACTETIC*, extract de drojdie, zahar*, aroma naturala* (cu LAPTE), extract de turmeric* , aroma, acid citric*. Poate contine GLUTEN CEREALE, TELINA, MUSTAR si SOIA.*ingrediente naturale. Alergeni: contine lapte, oua si produse din oua. Mod [&#8230;]\n","protected":false},"featured_media":64751,"comment_status":"open","ping_status":"closed","template":"","meta":{"_acf_changed":false,"_seopress_robots_primary_cat":"none","_seopress_titles_title":"","_seopress_titles_desc":"","_seopress_robots_index":""},"product_brand":[1869],"product_cat":[1555,3280,3380,1451,1950,1767],"giftcard-category":[],"class_list":{"0":"post-64746","1":"product","2":"type-product","3":"status-publish","4":"has-post-thumbnail","6":"product_brand-maggi","7":"product_cat-bacanie","8":"product_cat-condimente-sosuri","9":"product_cat-condimente-sosuri-produse-germania","10":"product_cat-condimente-produse-instant","11":"product_cat-produse-germania","12":"product_cat-produse-olanda","14":"first","15":"outofstock","16":"taxable","17":"shipping-taxable","18":"purchasable","19":"product-type-simple"},"acf":[],"_links":{"self":[{"href":"https:\/\/totalblue.ro\/fr\/wp-json\/wp\/v2\/product\/64746","targetHints":{"allow":["GET"]}}],"collection":[{"href":"https:\/\/totalblue.ro\/fr\/wp-json\/wp\/v2\/product"}],"about":[{"href":"https:\/\/totalblue.ro\/fr\/wp-json\/wp\/v2\/types\/product"}],"replies":[{"embeddable":true,"href":"https:\/\/totalblue.ro\/fr\/wp-json\/wp\/v2\/comments?post=64746"}],"wp:featuredmedia":[{"embeddable":true,"href":"https:\/\/totalblue.ro\/fr\/wp-json\/wp\/v2\/media\/64751"}],"wp:attachment":[{"href":"https:\/\/totalblue.ro\/fr\/wp-json\/wp\/v2\/media?parent=64746"}],"wp:term":[{"taxonomy":"product_brand","embeddable":true,"href":"https:\/\/totalblue.ro\/fr\/wp-json\/wp\/v2\/product_brand?post=64746"},{"taxonomy":"product_cat","embeddable":true,"href":"https:\/\/totalblue.ro\/fr\/wp-json\/wp\/v2\/product_cat?post=64746"},{"taxonomy":"giftcard-category","embeddable":true,"href":"https:\/\/totalblue.ro\/fr\/wp-json\/wp\/v2\/giftcard-category?post=64746"}],"curies":[{"name":"wp","href":"https:\/\/api.w.org\/{rel}","templated":true}]}}