{"id":65387,"date":"2022-10-03T16:02:07","date_gmt":"2022-10-03T13:02:07","guid":{"rendered":"https:\/\/totalblue.ro\/?post_type=product&#038;p=65387"},"modified":"2025-08-06T15:44:30","modified_gmt":"2025-08-06T12:44:30","slug":"maggi-penne-in-sos-de-rosii-cu-mozzarella-800g","status":"publish","type":"product","link":"https:\/\/totalblue.ro\/fr\/produs\/maggi-penne-in-sos-de-rosii-cu-mozzarella-800g\/","title":{"rendered":"MAGGI Penne in sos de rosii cu mozzarella 800g"},"content":{"rendered":"<p>Recomandari: Turnati continutul intr-o cratita \/ tigaie. Incalziti la foc mediu. De asemenea puteti incalzi si la cuptorul cu microunde, 4 minute la 600 W.<br \/>\nIngrediente: 44,4% paste (grau dur, oua, proteine din oua), apa, 17,1% pasta de rosii, 6,6% rosii, 3,5% smantana, sare iodata, amidon modificat, ulei de floarea soarelui, zahar, condimente, busuioc ( Fla, busuioc) cu lapte), mozzarella 0,1%, branza, agent de ingrosare guma de guar, extract de drojdie, produs din zer, sare emulsionanta citrat de sodiu, acid citric acidifiant, rozmarin. Poate contine telina si mustar.<br \/>\nAlergeni: contine gluten, lapte, grau, oua si produse din oua.<br \/>\nConditions de stockage :<br \/>\nConserver dans un endroit sec et frais, \u00e0 l'abri de la lumi\u00e8re directe du soleil. Apr\u00e8s ouverture, conserver au r\u00e9frig\u00e9rateur pendant 48 heures maximum.<br \/>\nValeurs nutritionnelles \/ 100g :<br \/>\nEnergie 239 kJ \/ 57 kcal<br \/>\nGrasimi 1.2 g din care grasimi saturate 0.7 g<br \/>\nCarbohidrati 9,2 g din care zaharuri 1,4 g<br \/>\nProteine \u200b\u200b0.5 g<br \/>\nFibres 1,9 g<br \/>\nSel 0,9 g<\/p>\n<p>Fabriqu\u00e9 en Allemagne par Maggi GmbH, 78221 Singen, Hohentwiel.<br \/>\nImportateur et distributeur Total Blue Impex SRL<br \/>\n*Retetele produselor se pot schimba. Informatiile furnizate aici se refera la gama germana valabila in prezent si sunt actualizate periodic. In cazul modificarilor retetei, produsele cu reteta veche si cea noua pot fi gasite in magazine. Prin urmare, cumparatorul trebuie sa citeasca intotdeauna cu atentie toate informatiile de pe ambalaj. Acest lucru se aplica in special listei de ingrediente pentru a lua in considerare intolerantele<\/p>","protected":false},"excerpt":{"rendered":"<p>Recomandari: Turnati continutul intr-o cratita \/ tigaie. Incalziti la foc mediu. De asemenea puteti incalzi si la cuptorul cu microunde, 4 minute la 600 W. Ingrediente: 44,4% paste (grau dur, oua, proteine din oua), apa, 17,1% pasta de rosii, 6,6% rosii, 3,5% smantana, sare iodata, amidon modificat, ulei de floarea soarelui, zahar, condimente, busuioc ( [&#8230;]\n","protected":false},"featured_media":132852,"comment_status":"open","ping_status":"closed","template":"","meta":{"_acf_changed":false,"_seopress_robots_primary_cat":"none","_seopress_titles_title":"","_seopress_titles_desc":"","_seopress_robots_index":""},"product_brand":[1869],"product_cat":[1555,1683,3372,3272,1950,1767],"giftcard-category":[],"class_list":{"0":"post-65387","1":"product","2":"type-product","3":"status-publish","4":"has-post-thumbnail","6":"product_brand-maggi","7":"product_cat-bacanie","8":"product_cat-conserve-mancare-gatita","9":"product_cat-conserve-produse-germania","10":"product_cat-conserve","11":"product_cat-produse-germania","12":"product_cat-produse-olanda","14":"first","15":"outofstock","16":"taxable","17":"shipping-taxable","18":"purchasable","19":"product-type-simple"},"acf":[],"_links":{"self":[{"href":"https:\/\/totalblue.ro\/fr\/wp-json\/wp\/v2\/product\/65387","targetHints":{"allow":["GET"]}}],"collection":[{"href":"https:\/\/totalblue.ro\/fr\/wp-json\/wp\/v2\/product"}],"about":[{"href":"https:\/\/totalblue.ro\/fr\/wp-json\/wp\/v2\/types\/product"}],"replies":[{"embeddable":true,"href":"https:\/\/totalblue.ro\/fr\/wp-json\/wp\/v2\/comments?post=65387"}],"wp:featuredmedia":[{"embeddable":true,"href":"https:\/\/totalblue.ro\/fr\/wp-json\/wp\/v2\/media\/132852"}],"wp:attachment":[{"href":"https:\/\/totalblue.ro\/fr\/wp-json\/wp\/v2\/media?parent=65387"}],"wp:term":[{"taxonomy":"product_brand","embeddable":true,"href":"https:\/\/totalblue.ro\/fr\/wp-json\/wp\/v2\/product_brand?post=65387"},{"taxonomy":"product_cat","embeddable":true,"href":"https:\/\/totalblue.ro\/fr\/wp-json\/wp\/v2\/product_cat?post=65387"},{"taxonomy":"giftcard-category","embeddable":true,"href":"https:\/\/totalblue.ro\/fr\/wp-json\/wp\/v2\/giftcard-category?post=65387"}],"curies":[{"name":"wp","href":"https:\/\/api.w.org\/{rel}","templated":true}]}}