{"id":65920,"date":"2022-10-06T16:06:55","date_gmt":"2022-10-06T13:06:55","guid":{"rendered":"https:\/\/totalblue.ro\/?post_type=product&#038;p=65920"},"modified":"2025-08-06T13:23:40","modified_gmt":"2025-08-06T10:23:40","slug":"knorr-pasta-snack-taste-the-world-maccheesebranza-jalapeno-62-g-import-germania","status":"publish","type":"product","link":"https:\/\/totalblue.ro\/fr\/produs\/knorr-pasta-snack-taste-the-world-maccheesebranza-jalapeno-62-g-import-germania\/","title":{"rendered":"Knorr Pasta Snack, Taste the World Mac&amp;Cheese(Branza) Jalapeno 62 g, import Germania"},"content":{"rendered":"<p>Knorr Snack Pasta sauce Rahm 62g<\/p>\n<p>Mod de preparare \/ Mod de utilizare:<br \/>\n1. Deschide\u021bi capacul.<br \/>\n2. Se toarn\u0103 apa clocotita pana la semn.<br \/>\n3. Se amesteca bine \u0219i se inchide din nou capacul.<br \/>\n4. Lasa pastele sa absoarba apa 5 minute.<br \/>\n5. Se amestec\u0103 din nou bine.<br \/>\n6. Gata ! Un snack rapid si delicios !<br \/>\nIngrediente: 48% paste (grau dur), amidon, 9,6% praf de branza procesata (Branza Cheddar, branza, produse din zer), lapte prdra degresat, ulei de floarea-soarelui, zer dulce, inlocuitor de sare\u2074, zahar, chili afumat, praf de fum ( ), usturoi\u00b3, 0,1% chili Jalape\u00f1o, turmeric, arome (cu lapte ), praf de ceapa\u00b3, ulei de palmier, sare de masa iodata, sare de masa, lactoza, ardei verde dulci\u00b3, extract de drojdie, proteine din lapte, pudra de rosii\u00b3. Poate contine telina, ou, mustar, alte cereale care contin gluten, susan si soia. \u00b3 Din cultivare durabila. \u2074 Obtinut din minerale naturale de potasiu.<br \/>\nAllerg\u00e8nes :<br \/>\nContine gluten si lapte. Poate contine ou, soia, susan, telina si mustar.<br \/>\nValeurs nutritionnelles \/ 100 g :<br \/>\nEnergie 422 kJ (101 kcal)<br \/>\nGrasimi 2.1 g din care grasimi saturate 0.9 g<br \/>\nGlucide 17 g din care zaharuri 2.7 g<br \/>\nFibre alimentare &lt; 0.5 g<br \/>\nProteine \u200b\u200b3.2 g<br \/>\nSare 0.59 g<br \/>\nA se pastra intr-un loc racoros \u0219i uscat.<br \/>\nTara de origine : Germania<br \/>\n*Les recettes des produits peuvent \u00eatre modifi\u00e9es. Les informations fournies ici se r\u00e9f\u00e8rent \u00e0 la gamme allemande actuellement en vigueur et sont r\u00e9guli\u00e8rement mises \u00e0 jour. En cas de changement de recette, des produits avec l'ancienne et la nouvelle recette peuvent \u00eatre trouv\u00e9s dans les magasins. Par cons\u00e9quent, l'acheteur doit toujours lire attentivement toutes les informations figurant sur l'emballage. Cela vaut en particulier pour la liste des ingr\u00e9dients, afin de tenir compte des intol\u00e9rances.<\/p>","protected":false},"excerpt":{"rendered":"<p>Knorr Pasta Snack Rahm sos 62g Mod de preparare \/ Mod de utilizare: 1. Deschide\u021bi capacul. 2. Se toarn\u0103 apa clocotita pana la semn. 3. Se amesteca bine \u0219i se inchide din nou capacul. 4. Lasa pastele sa absoarba apa 5 minute. 5. Se amestec\u0103 din nou bine. 6. Gata ! Un snack rapid si [&#8230;]\n","protected":false},"featured_media":65926,"comment_status":"open","ping_status":"closed","template":"","meta":{"_acf_changed":false,"_seopress_robots_primary_cat":"1950","_seopress_titles_title":"","_seopress_titles_desc":"","_seopress_robots_index":""},"product_brand":[1870],"product_cat":[1555,1683,3272,3372,3428,3328,1950,1767,1954],"giftcard-category":[],"class_list":{"0":"post-65920","1":"product","2":"type-product","3":"status-publish","4":"has-post-thumbnail","6":"product_brand-knorr","7":"product_cat-bacanie","8":"product_cat-conserve-mancare-gatita","9":"product_cat-conserve","10":"product_cat-conserve-produse-germania","11":"product_cat-paste-orez-ulei-otet-produse-germania","12":"product_cat-paste-orez-ulei-otet","13":"product_cat-produse-germania","14":"product_cat-produse-olanda","15":"product_cat-semipreparate","17":"first","18":"outofstock","19":"taxable","20":"shipping-taxable","21":"purchasable","22":"product-type-simple"},"acf":[],"_links":{"self":[{"href":"https:\/\/totalblue.ro\/fr\/wp-json\/wp\/v2\/product\/65920","targetHints":{"allow":["GET"]}}],"collection":[{"href":"https:\/\/totalblue.ro\/fr\/wp-json\/wp\/v2\/product"}],"about":[{"href":"https:\/\/totalblue.ro\/fr\/wp-json\/wp\/v2\/types\/product"}],"replies":[{"embeddable":true,"href":"https:\/\/totalblue.ro\/fr\/wp-json\/wp\/v2\/comments?post=65920"}],"wp:featuredmedia":[{"embeddable":true,"href":"https:\/\/totalblue.ro\/fr\/wp-json\/wp\/v2\/media\/65926"}],"wp:attachment":[{"href":"https:\/\/totalblue.ro\/fr\/wp-json\/wp\/v2\/media?parent=65920"}],"wp:term":[{"taxonomy":"product_brand","embeddable":true,"href":"https:\/\/totalblue.ro\/fr\/wp-json\/wp\/v2\/product_brand?post=65920"},{"taxonomy":"product_cat","embeddable":true,"href":"https:\/\/totalblue.ro\/fr\/wp-json\/wp\/v2\/product_cat?post=65920"},{"taxonomy":"giftcard-category","embeddable":true,"href":"https:\/\/totalblue.ro\/fr\/wp-json\/wp\/v2\/giftcard-category?post=65920"}],"curies":[{"name":"wp","href":"https:\/\/api.w.org\/{rel}","templated":true}]}}