{"id":66747,"date":"2022-10-12T14:32:28","date_gmt":"2022-10-12T11:32:28","guid":{"rendered":"https:\/\/totalblue.ro\/?post_type=product&#038;p=66747"},"modified":"2025-08-05T15:37:20","modified_gmt":"2025-08-05T12:37:20","slug":"erasco-frischgemuse-legume-proaspete-cu-chiftelute-de-porc-800g-import-germania","status":"publish","type":"product","link":"https:\/\/totalblue.ro\/fr\/produs\/erasco-frischgemuse-legume-proaspete-cu-chiftelute-de-porc-800g-import-germania\/","title":{"rendered":"Erasco Frischgem\u00fcse l\u00e9gumes frais avec boulettes de viande de porc 800g, import\u00e9 d'Allemagne"},"content":{"rendered":"<p>Cu chiftelute delicioase si cartofi proaspeti. Oala cu legume proaspete Erasco are un gust deosebit de delicios datorita selectiei atenta a celor mai bune ingrediente. Combinam o multime de legume proaspete cu chiftele suculente si ierburi aromatice pentru o experienta delicioasa si condimentata cu gust de legume. Bucura-te de masa ta!<br \/>\nConditii de pastrare: A se pastra la loc uscat si racoros, ferit de actiunea directa a soarelui. Dupa deschidere, a se pastra acoperita in frigider si a se consuma in max 48h.<br \/>\nRecomandari: Turnati continutul intr-o cratita \/ tigaie. Amestecati ocazional. Incalziti la foc mediu. De asemenea puteti incalzi si la cuptorul cu microunde la 600 W timp de aproximativ 6 minute. Rapid si usor!<br \/>\nIngrediente: apa, 32% legume (morcovi, fasole verde, guli-rabe, mazare, telina, praz), cartofi, 5,1% chiftelute (carne de porc tocata partial, apa, amidon, sare, ceapa, condimente), sare, zahar, aroma (contine telina), extract de drojdie, patrunjel, dextroza, extract de morcov colorant, agent de ingrosare: guma guar. Poate contine urme de grau (gluten), soia, mustar, lapte si ou.<br \/>\nPoate contine urme de soia, mustar, lapte si ou.<br \/>\nInformatii nutritionale: la 100 g (nepreparat):<br \/>\nEnergie 141 kj \/ 34 kcal<br \/>\nGrasimi 1g din care acizi grasi saturati 0,4 g<br \/>\nCarbohidrati 3,9 g din care zahar 1,3 g<br \/>\nFibre 1.1 g<br \/>\nProteine \u200b\u200bin 1,7 g<br \/>\nSel 1 g<\/p>","protected":false},"excerpt":{"rendered":"<p>Cu chiftelute delicioase si cartofi proaspeti. Oala cu legume proaspete Erasco are un gust deosebit de delicios datorita selectiei atenta a celor mai bune ingrediente. Combinam o multime de legume proaspete cu chiftele suculente si ierburi aromatice pentru o experienta delicioasa si condimentata cu gust de legume. Bucura-te de masa ta! Conditii de pastrare: A [&#8230;]\n","protected":false},"featured_media":66758,"comment_status":"open","ping_status":"closed","template":"","meta":{"_acf_changed":false,"_seopress_robots_primary_cat":"none","_seopress_titles_title":"","_seopress_titles_desc":"","_seopress_robots_index":""},"product_brand":[1951],"product_cat":[1555,1683,3372,3272,1950,1767,1954],"giftcard-category":[],"class_list":{"0":"post-66747","1":"product","2":"type-product","3":"status-publish","4":"has-post-thumbnail","6":"product_brand-erasco","7":"product_cat-bacanie","8":"product_cat-conserve-mancare-gatita","9":"product_cat-conserve-produse-germania","10":"product_cat-conserve","11":"product_cat-produse-germania","12":"product_cat-produse-olanda","13":"product_cat-semipreparate","15":"first","16":"outofstock","17":"taxable","18":"shipping-taxable","19":"purchasable","20":"product-type-simple"},"acf":[],"_links":{"self":[{"href":"https:\/\/totalblue.ro\/fr\/wp-json\/wp\/v2\/product\/66747","targetHints":{"allow":["GET"]}}],"collection":[{"href":"https:\/\/totalblue.ro\/fr\/wp-json\/wp\/v2\/product"}],"about":[{"href":"https:\/\/totalblue.ro\/fr\/wp-json\/wp\/v2\/types\/product"}],"replies":[{"embeddable":true,"href":"https:\/\/totalblue.ro\/fr\/wp-json\/wp\/v2\/comments?post=66747"}],"wp:featuredmedia":[{"embeddable":true,"href":"https:\/\/totalblue.ro\/fr\/wp-json\/wp\/v2\/media\/66758"}],"wp:attachment":[{"href":"https:\/\/totalblue.ro\/fr\/wp-json\/wp\/v2\/media?parent=66747"}],"wp:term":[{"taxonomy":"product_brand","embeddable":true,"href":"https:\/\/totalblue.ro\/fr\/wp-json\/wp\/v2\/product_brand?post=66747"},{"taxonomy":"product_cat","embeddable":true,"href":"https:\/\/totalblue.ro\/fr\/wp-json\/wp\/v2\/product_cat?post=66747"},{"taxonomy":"giftcard-category","embeddable":true,"href":"https:\/\/totalblue.ro\/fr\/wp-json\/wp\/v2\/giftcard-category?post=66747"}],"curies":[{"name":"wp","href":"https:\/\/api.w.org\/{rel}","templated":true}]}}