{"id":66763,"date":"2022-10-12T14:48:37","date_gmt":"2022-10-12T11:48:37","guid":{"rendered":"https:\/\/totalblue.ro\/?post_type=product&#038;p=66763"},"modified":"2025-08-05T15:37:18","modified_gmt":"2025-08-05T12:37:18","slug":"erasco-markkloschen-paste-legume-delicioase-si-galuste-cu-maduva-de-vita-800g-import-germania","status":"publish","type":"product","link":"https:\/\/totalblue.ro\/fr\/produs\/erasco-markkloschen-paste-legume-delicioase-si-galuste-cu-maduva-de-vita-800g-import-germania\/","title":{"rendered":"P\u00e2tes Erasco Markkl\u00f6\u00dfchen, d\u00e9licieuses boulettes de l\u00e9gumes et de moelle de b\u0153uf 800g, import\u00e9es d'Allemagne"},"content":{"rendered":"<p>Erasco Markkl\u00f6\u00dfchen este o experienta gustativa foarte speciala. Se prepara cu o multime de legume delicioase precum morcovi, conopida, guli-rabe si fasole verde intr-un mod deosebit de consistent. Galuste picante de maduva intr-un bulion aromat cu ierburi completeaza placerea.<br \/>\nConditii de pastrare: A se pastra la loc uscat si racoros, ferit de actiunea directa a soarelui. Dupa deschidere, a se pastra acoperita in frigider si a se consuma in max 48h.<br \/>\nRecomandari: Turnati continutul intr-o cratita \/ tigaie. Amestecati ocazional. Incalziti la foc mediu. De asemenea puteti incalzi si la cuptorul cu microunde la 600 W timp de aproximativ 6 minute. Rapid si usor!<br \/>\nLista ingredientelor: apa, 11% paste (grau dur (gluten), apa, albus de ou), 7,3% morcovi, 5,9% galuste de maduva (oua integral, faina de grau (gluten), 18% maduva de vita, apa, pesmet faina de grau (gluten), sare, drojdie, sare, patrunjel, amidon de porumb modificat, zer praf, grasime de vita, lapte praf degresat, condimente, ceapa, aroma, extracte de condimente, extracte de legume, extract de drojdie, zahar, hidrolizat proteine de grau, proteine din soia hidrolizata, sirop de glucoza, 3,1% verdeata de nap, 2 1% praz, 1,2% fasole verde, sare, ulei de rapita, extract de drojdie, inlocuitor de sare (clorura de potasiu), zahar, patrunjel, extract de morcov colorant, arome, agent de ingrosare: guma guar, dextroza. Poate contine urme de telina si mustar.<br \/>\nValeurs nutritionnelles \/ 100 g :<br \/>\nEnergie 173 KJ \/ 41 kcal<br \/>\nGrasimi 1.5 g din care acizi grasi saturati 0,4 g<br \/>\nCarbohidrati 5.3 g din care zahar 1 g<br \/>\nFibre alimentare 0.7 g<br \/>\nProteine 1.3 g<br \/>\nSel 0,90 g<br \/>\nProducator GB FOODS DEUTSCHLAND GMBH, Geniner Strasse 88-100, 23560 L\u00fcbeck<br \/>\nImportator Total Blue Impex SRL , Romania, Bucuresti, Sector 6<\/p>","protected":false},"excerpt":{"rendered":"<p>Erasco Markkl\u00f6\u00dfchen este o experienta gustativa foarte speciala. Se prepara cu o multime de legume delicioase precum morcovi, conopida, guli-rabe si fasole verde intr-un mod deosebit de consistent. Galuste picante de maduva intr-un bulion aromat cu ierburi completeaza placerea. Conditii de pastrare: A se pastra la loc uscat si racoros, ferit de actiunea directa a [&#8230;]\n","protected":false},"featured_media":66767,"comment_status":"open","ping_status":"closed","template":"","meta":{"_acf_changed":false,"_seopress_robots_primary_cat":"none","_seopress_titles_title":"","_seopress_titles_desc":"","_seopress_robots_index":""},"product_brand":[1951],"product_cat":[1555,1683,3372,3272,1950,1767,1954],"giftcard-category":[],"class_list":{"0":"post-66763","1":"product","2":"type-product","3":"status-publish","4":"has-post-thumbnail","6":"product_brand-erasco","7":"product_cat-bacanie","8":"product_cat-conserve-mancare-gatita","9":"product_cat-conserve-produse-germania","10":"product_cat-conserve","11":"product_cat-produse-germania","12":"product_cat-produse-olanda","13":"product_cat-semipreparate","15":"first","16":"outofstock","17":"taxable","18":"shipping-taxable","19":"purchasable","20":"product-type-simple"},"acf":[],"_links":{"self":[{"href":"https:\/\/totalblue.ro\/fr\/wp-json\/wp\/v2\/product\/66763","targetHints":{"allow":["GET"]}}],"collection":[{"href":"https:\/\/totalblue.ro\/fr\/wp-json\/wp\/v2\/product"}],"about":[{"href":"https:\/\/totalblue.ro\/fr\/wp-json\/wp\/v2\/types\/product"}],"replies":[{"embeddable":true,"href":"https:\/\/totalblue.ro\/fr\/wp-json\/wp\/v2\/comments?post=66763"}],"wp:featuredmedia":[{"embeddable":true,"href":"https:\/\/totalblue.ro\/fr\/wp-json\/wp\/v2\/media\/66767"}],"wp:attachment":[{"href":"https:\/\/totalblue.ro\/fr\/wp-json\/wp\/v2\/media?parent=66763"}],"wp:term":[{"taxonomy":"product_brand","embeddable":true,"href":"https:\/\/totalblue.ro\/fr\/wp-json\/wp\/v2\/product_brand?post=66763"},{"taxonomy":"product_cat","embeddable":true,"href":"https:\/\/totalblue.ro\/fr\/wp-json\/wp\/v2\/product_cat?post=66763"},{"taxonomy":"giftcard-category","embeddable":true,"href":"https:\/\/totalblue.ro\/fr\/wp-json\/wp\/v2\/giftcard-category?post=66763"}],"curies":[{"name":"wp","href":"https:\/\/api.w.org\/{rel}","templated":true}]}}