{"id":66770,"date":"2022-10-12T14:52:02","date_gmt":"2022-10-12T11:52:02","guid":{"rendered":"https:\/\/totalblue.ro\/?post_type=product&#038;p=66770"},"modified":"2025-08-05T15:37:16","modified_gmt":"2025-08-05T12:37:16","slug":"erasco-pichelsteiner-legume-cu-cartofi-si-bucatele-de-carne-de-vita-si-porc-800g-import-germania","status":"publish","type":"product","link":"https:\/\/totalblue.ro\/fr\/produs\/erasco-pichelsteiner-legume-cu-cartofi-si-bucatele-de-carne-de-vita-si-porc-800g-import-germania\/","title":{"rendered":"L\u00e9gumes Erasco Pichelsteiner avec pommes de terre et hachis de b\u0153uf et de porc 800g, import\u00e9 d'Allemagne"},"content":{"rendered":"<p>Bucurati-va de Pichelsteiner de la Erasco. Preparata cu grija cu varza alba proaspata, morcovi si cartofi proaspeti si fasole verde delicioasa, este un rasfat special. Carnea de vita selectata completeaza acest gust delicios.<br \/>\nConditii de pastrare: A se pastra la loc uscat si racoros, ferit de actiunea directa a soarelui. Dupa deschidere, a se pastra acoperita in frigider si a se consuma in max 48h.<br \/>\nRecomandari: Turnati continutul intr-o cratita \/ tigaie. Amestecati ocazional. Incalziti la foc mediu. De asemenea puteti incalzi si la cuptorul cu microunde la 600 W timp de aproximativ 6 minute. Rapid si usor!<br \/>\nLista ingredientelor: 52% legume (18% varza, cartofi, morcovi, praz, fasole verde, mazare), apa, 1,7% carne de vita fiarta (vita, amidon, sare), 1,7% carne de porc (porc, apa, sare, glucoza uscata) Sirop, Stabilizator: difosfati, arome, dextroza, antioxidanti: ascorbat de sodiu, ulei de rapita, fum), sare, zahar, arome (contine telina); Dextroza, condimente, acid ascorbic antioxidant, acid citric acidifiant, guma guar de ingrosare. Poate contine urme de grau, lapte, soia, mustar si ou.<br \/>\nInformatii nutritionale: la 100 g (nepreparat):<br \/>\nEnergie 128 kJ<br \/>\nEnergie 30 kcal<br \/>\nGrasimi 0,4g din care acizi grasi saturati 0,1g<br \/>\nCarbohidrati 4,5g din care zahar 1,9g<br \/>\nProteine 1,6g<br \/>\nSare 1g<br \/>\nProducator GB FOODS DEUTSCHLAND GMBH, Geniner Strasse 88-100, 23560 L\u00fcbeck<br \/>\nImportator Total Blue Impex SRL , Romania, Bucuresti, Sector 6<\/p>","protected":false},"excerpt":{"rendered":"<p>Bucurati-va de Pichelsteiner de la Erasco. Preparata cu grija cu varza alba proaspata, morcovi si cartofi proaspeti si fasole verde delicioasa, este un rasfat special. Carnea de vita selectata completeaza acest gust delicios. Conditii de pastrare: A se pastra la loc uscat si racoros, ferit de actiunea directa a soarelui. Dupa deschidere, a se pastra [&#8230;]\n","protected":false},"featured_media":66774,"comment_status":"open","ping_status":"closed","template":"","meta":{"_acf_changed":false,"_seopress_robots_primary_cat":"none","_seopress_titles_title":"","_seopress_titles_desc":"","_seopress_robots_index":""},"product_brand":[1951],"product_cat":[1555,1683,3272,3372,1950,1767,1954],"giftcard-category":[],"class_list":{"0":"post-66770","1":"product","2":"type-product","3":"status-publish","4":"has-post-thumbnail","6":"product_brand-erasco","7":"product_cat-bacanie","8":"product_cat-conserve-mancare-gatita","9":"product_cat-conserve","10":"product_cat-conserve-produse-germania","11":"product_cat-produse-germania","12":"product_cat-produse-olanda","13":"product_cat-semipreparate","15":"first","16":"outofstock","17":"taxable","18":"shipping-taxable","19":"purchasable","20":"product-type-simple"},"acf":[],"_links":{"self":[{"href":"https:\/\/totalblue.ro\/fr\/wp-json\/wp\/v2\/product\/66770","targetHints":{"allow":["GET"]}}],"collection":[{"href":"https:\/\/totalblue.ro\/fr\/wp-json\/wp\/v2\/product"}],"about":[{"href":"https:\/\/totalblue.ro\/fr\/wp-json\/wp\/v2\/types\/product"}],"replies":[{"embeddable":true,"href":"https:\/\/totalblue.ro\/fr\/wp-json\/wp\/v2\/comments?post=66770"}],"wp:featuredmedia":[{"embeddable":true,"href":"https:\/\/totalblue.ro\/fr\/wp-json\/wp\/v2\/media\/66774"}],"wp:attachment":[{"href":"https:\/\/totalblue.ro\/fr\/wp-json\/wp\/v2\/media?parent=66770"}],"wp:term":[{"taxonomy":"product_brand","embeddable":true,"href":"https:\/\/totalblue.ro\/fr\/wp-json\/wp\/v2\/product_brand?post=66770"},{"taxonomy":"product_cat","embeddable":true,"href":"https:\/\/totalblue.ro\/fr\/wp-json\/wp\/v2\/product_cat?post=66770"},{"taxonomy":"giftcard-category","embeddable":true,"href":"https:\/\/totalblue.ro\/fr\/wp-json\/wp\/v2\/giftcard-category?post=66770"}],"curies":[{"name":"wp","href":"https:\/\/api.w.org\/{rel}","templated":true}]}}