{"id":66797,"date":"2022-10-12T15:12:53","date_gmt":"2022-10-12T12:12:53","guid":{"rendered":"https:\/\/totalblue.ro\/?post_type=product&#038;p=66797"},"modified":"2025-11-25T16:39:36","modified_gmt":"2025-11-25T14:39:36","slug":"erasco-tocanita-vegetariana-de-paste-cu-legume-800g-import-germania","status":"publish","type":"product","link":"https:\/\/totalblue.ro\/fr\/produs\/erasco-tocanita-vegetariana-de-paste-cu-legume-800g-import-germania\/","title":{"rendered":"Erasco rago\u00fbt de p\u00e2tes v\u00e9g\u00e9tariennes aux l\u00e9gumes 800g, import\u00e9 d'Allemagne"},"content":{"rendered":"<p>Lista ingredientelor: apa, 18% paste de midii fierte (grau dur (gluten), apa, albus de ou), 14% legume (morcovi, praz, fasole verde, mazare, telina), ulei de rapita, sare, arome (contine telina) , extract de drojdie, zahar, inlocuitor de sare (clorura de potasiu), patrunjel, dextroza, extract de morcov colorant, agent de ingrosare: guma guar. Poate contine urme de lapte, soia si mustar.<br \/>\nValeurs nutritionnelles \/ 100 g :<br \/>\nEnergie 188 KJ \/ 45 kcal<br \/>\nGrasimi 1.6 g din care acizi grasi saturati 0,2 g<br \/>\nCarbohidrati 5.6 g din care zahar 0.9 g<br \/>\nFibre alimentare 0.8 g<br \/>\nProteine 1.5 g<br \/>\nSel 0,75 g<br \/>\nProdus Vegetarian.<br \/>\nConditii de pastrare: A se pastra la loc uscat si racoros, ferit de actiunea directa a soarelui. Dupa deschidere, a se pastra acoperita in frigider si a se consuma in max 48h.<br \/>\nRecomandari: Turnati continutul intr-o cratita \/ tigaie. Amestecati ocazional. Incalziti la foc mediu. De asemenea puteti incalzi si la cuptorul cu microunde la 600 W timp de aproximativ 6 minute. Rapid si usor!<br \/>\nProducator GB FOODS DEUTSCHLAND GMBH, Geniner Strasse 88-100, 23560 L\u00fcbeck<br \/>\nImportator Total Blue Impex SRL , Romania, Bucuresti, Sector 6<br \/>\n<a href=\"https:\/\/totalblue.ro\/wp-content\/uploads\/2021\/02\/vegetarian.jpeg\"><img loading=\"lazy\" decoding=\"async\" class=\"alignnone wp-image-27413\" src=\"https:\/\/totalblue.ro\/wp-content\/uploads\/2021\/02\/vegetarian.jpeg\" alt=\"\" width=\"86\" height=\"86\" srcset=\"https:\/\/totalblue.ro\/wp-content\/uploads\/2021\/02\/vegetarian.jpeg 225w, https:\/\/totalblue.ro\/wp-content\/uploads\/2021\/02\/vegetarian-100x100.jpeg 100w\" sizes=\"auto, (max-width: 86px) 100vw, 86px\" \/><\/a><\/p>","protected":false},"excerpt":{"rendered":"<p>Lista ingredientelor: apa, 18% paste de midii fierte (grau dur (gluten), apa, albus de ou), 14% legume (morcovi, praz, fasole verde, mazare, telina), ulei de rapita, sare, arome (contine telina) , extract de drojdie, zahar, inlocuitor de sare (clorura de potasiu), patrunjel, dextroza, extract de morcov colorant, agent de ingrosare: guma guar. Poate contine urme [&#8230;]\n","protected":false},"featured_media":66801,"comment_status":"open","ping_status":"closed","template":"","meta":{"_acf_changed":false,"_seopress_robots_primary_cat":"none","_seopress_titles_title":"","_seopress_titles_desc":"","_seopress_robots_index":""},"product_brand":[1951],"product_cat":[1555,1683,3272,3372,1950,1767,1954],"giftcard-category":[],"class_list":{"0":"post-66797","1":"product","2":"type-product","3":"status-publish","4":"has-post-thumbnail","6":"product_brand-erasco","7":"product_cat-bacanie","8":"product_cat-conserve-mancare-gatita","9":"product_cat-conserve","10":"product_cat-conserve-produse-germania","11":"product_cat-produse-germania","12":"product_cat-produse-olanda","13":"product_cat-semipreparate","15":"first","16":"outofstock","17":"taxable","18":"shipping-taxable","19":"purchasable","20":"product-type-simple"},"acf":[],"_links":{"self":[{"href":"https:\/\/totalblue.ro\/fr\/wp-json\/wp\/v2\/product\/66797","targetHints":{"allow":["GET"]}}],"collection":[{"href":"https:\/\/totalblue.ro\/fr\/wp-json\/wp\/v2\/product"}],"about":[{"href":"https:\/\/totalblue.ro\/fr\/wp-json\/wp\/v2\/types\/product"}],"replies":[{"embeddable":true,"href":"https:\/\/totalblue.ro\/fr\/wp-json\/wp\/v2\/comments?post=66797"}],"wp:featuredmedia":[{"embeddable":true,"href":"https:\/\/totalblue.ro\/fr\/wp-json\/wp\/v2\/media\/66801"}],"wp:attachment":[{"href":"https:\/\/totalblue.ro\/fr\/wp-json\/wp\/v2\/media?parent=66797"}],"wp:term":[{"taxonomy":"product_brand","embeddable":true,"href":"https:\/\/totalblue.ro\/fr\/wp-json\/wp\/v2\/product_brand?post=66797"},{"taxonomy":"product_cat","embeddable":true,"href":"https:\/\/totalblue.ro\/fr\/wp-json\/wp\/v2\/product_cat?post=66797"},{"taxonomy":"giftcard-category","embeddable":true,"href":"https:\/\/totalblue.ro\/fr\/wp-json\/wp\/v2\/giftcard-category?post=66797"}],"curies":[{"name":"wp","href":"https:\/\/api.w.org\/{rel}","templated":true}]}}