{"id":67463,"date":"2022-10-17T13:27:28","date_gmt":"2022-10-17T10:27:28","guid":{"rendered":"https:\/\/totalblue.ro\/?post_type=product&#038;p=67463"},"modified":"2023-05-17T09:35:44","modified_gmt":"2023-05-17T06:35:44","slug":"lu-bastogne-milka-kruidnoten-turta-dulce-mini-cu-bucati-de-ciocolata-250-g-import-olanda","status":"publish","type":"product","link":"https:\/\/totalblue.ro\/fr\/produs\/lu-bastogne-milka-kruidnoten-turta-dulce-mini-cu-bucati-de-ciocolata-250-g-import-olanda\/","title":{"rendered":"LU Bastogne milka kruidnoten mini pain d'\u00e9pices avec morceaux de chocolat 250 g, import\u00e9 des Pays-Bas"},"content":{"rendered":"<p>Nous sommes pr\u00eats pour Sinterklaas !<\/p>\n<p>Milka kruidnoten sunt delicioase si crocante, cu gustul unic de LU Bastogne si bucati de ciocolata cu lapte Milka.<br \/>\nMini turte crocante.<br \/>\nPentru cea mai buna perioada a anului.<br \/>\nCu bucati de ciocolata cu lapte Milka.<br \/>\nDescriere:<br \/>\nKruidnoten cu bucati de ciocolata cu lapte (24 %) din lapte alpin.<br \/>\nContinut si greutate 250 grame<br \/>\nIngrediente: faina de grau, zahar, ulei de palmier, zahar dulce, lapte praf integral, masa de cacao, unt de cacao, sirop de fructoza glucoza, sirop de bomboane, sirop de glucoza, zer praf (din LAPTE), agenti de fermentare (carbonati de sodiu, carbonati de amoniu), cacao pudra, colorant (caramel), scortisoara 0,2%, emulgator (lecitine de SOIA), sare, arome, umectant (glicerol).<br \/>\nAlergeni: Contine grau, soia, lapte, cereale care contin gluten.<br \/>\nValori nutritionale la 100g \/<br \/>\nCes valeurs s'appliquent au produit non pr\u00e9par\u00e9.<br \/>\nEnergie 1962 kJ (467 kcal)<br \/>\nGrasimi 18 g din care saturate 9,3 g<br \/>\nCarbohidrati 69 g<br \/>\nFibre alimentare 2,6 g din care zaharuri 39 g<br \/>\nProteine \u200b\u200b6 g<br \/>\nSare 0,57 g<br \/>\nConserver dans un endroit sec et \u00e0 l'abri de la chaleur.<br \/>\nProducator: Mondelez Nederland<br \/>\nPostbus 409 4900 AK Oosterhout<br \/>\nImportateur et distributeur Total Blue Impex SRL<\/p>","protected":false},"excerpt":{"rendered":"<p>We are ready for Sinterklaas! Milka kruidnoten sunt delicioase si crocante, cu gustul unic de LU Bastogne si bucati de ciocolata cu lapte Milka. Mini turte crocante. Pentru cea mai buna perioada a anului. Cu bucati de ciocolata cu lapte Milka. Descriere: Kruidnoten cu bucati de ciocolata cu lapte (24 %) din lapte alpin. Continut [&#8230;]\n","protected":false},"featured_media":67465,"comment_status":"open","ping_status":"closed","template":"","meta":{"_acf_changed":false,"_seopress_robots_primary_cat":"none","_seopress_titles_title":"","_seopress_titles_desc":"","_seopress_robots_index":""},"product_brand":[1936],"product_cat":[1555,3296,7021,3338,3304,1767],"giftcard-category":[],"class_list":{"0":"post-67463","1":"product","2":"type-product","3":"status-publish","4":"has-post-thumbnail","6":"product_brand-milka","7":"product_cat-bacanie","8":"product_cat-brutarie-patiserie","9":"product_cat-dulciuri-snacks","10":"product_cat-dulciuri-snacksuri","11":"product_cat-mic-dejun-produse-olanda","12":"product_cat-produse-olanda","14":"first","15":"outofstock","16":"taxable","17":"shipping-taxable","18":"purchasable","19":"product-type-simple"},"acf":[],"_links":{"self":[{"href":"https:\/\/totalblue.ro\/fr\/wp-json\/wp\/v2\/product\/67463","targetHints":{"allow":["GET"]}}],"collection":[{"href":"https:\/\/totalblue.ro\/fr\/wp-json\/wp\/v2\/product"}],"about":[{"href":"https:\/\/totalblue.ro\/fr\/wp-json\/wp\/v2\/types\/product"}],"replies":[{"embeddable":true,"href":"https:\/\/totalblue.ro\/fr\/wp-json\/wp\/v2\/comments?post=67463"}],"wp:featuredmedia":[{"embeddable":true,"href":"https:\/\/totalblue.ro\/fr\/wp-json\/wp\/v2\/media\/67465"}],"wp:attachment":[{"href":"https:\/\/totalblue.ro\/fr\/wp-json\/wp\/v2\/media?parent=67463"}],"wp:term":[{"taxonomy":"product_brand","embeddable":true,"href":"https:\/\/totalblue.ro\/fr\/wp-json\/wp\/v2\/product_brand?post=67463"},{"taxonomy":"product_cat","embeddable":true,"href":"https:\/\/totalblue.ro\/fr\/wp-json\/wp\/v2\/product_cat?post=67463"},{"taxonomy":"giftcard-category","embeddable":true,"href":"https:\/\/totalblue.ro\/fr\/wp-json\/wp\/v2\/giftcard-category?post=67463"}],"curies":[{"name":"wp","href":"https:\/\/api.w.org\/{rel}","templated":true}]}}