{"id":67487,"date":"2022-10-17T14:00:01","date_gmt":"2022-10-17T11:00:01","guid":{"rendered":"https:\/\/totalblue.ro\/?post_type=product&#038;p=67487"},"modified":"2023-02-27T11:20:00","modified_gmt":"2023-02-27T09:20:00","slug":"bolletje-pomi-de-craciun-cu-fulgi-de-cocos-150g-import-olanda","status":"publish","type":"product","link":"https:\/\/totalblue.ro\/fr\/produs\/bolletje-pomi-de-craciun-cu-fulgi-de-cocos-150g-import-olanda\/","title":{"rendered":"Bolletje de sapin de No\u00ebl avec flocons de noix de coco 150g, import\u00e9 des Pays-Bas"},"content":{"rendered":"<p>Nous sommes pr\u00eats pour Sinterklaas !<\/p>\n<p>Bolletje de sapin de No\u00ebl avec flocons de noix de coco 150g, import\u00e9 des Pays-Bas<\/p>\n<p>Brazii de Craciun de la Bolletje sunt impodobiti cu fulgi de cocos delicioase si bucati de zahar, dar fiti atenti: odata ce veti avea unul, veti dori mai mult!<br \/>\nContinut si Greutate 150 g<br \/>\nCaracteristici: Vegan<\/p>\n<p>Ingrediente: ciocolata de lapte 45% (zahar, unt de cacao, masa de cacao, lapte pudra degresat, grasime din lapte, emulgator (lecitina de soia), aroma naturala), faina de grau, zahar, chipsuri de cocos 8,5%, uleiuri vegetale (palma, rapita), amidon de grau, zahar decorativ (zahar, concentrat de ridiche, lamaie si coacaze negre, agent de glazura (E901), sirop de zahar invertit, agenti de fermentare (E500, E450), sare, aroma. Poate contine urme de alt gluten care contin cereale, oua, nuci si seminte de susan.<br \/>\nAllerg\u00e8nes :<br \/>\nPoate contine oua, nuci, seminte de susan<br \/>\nContine gluten care contine cereale, lapte, soia, grau<br \/>\nValeurs nutritionnelles pour 100g :<br \/>\nEnergie 2141 kJ (512 kcal)<br \/>\nGrasimi 25 g din care grasimi saturate 16 g<br \/>\nGlucide 64 g din care zaharuri 36 g<br \/>\nFibres alimentaires 3,6 g<br \/>\nProt\u00e9ines 6,2 g<br \/>\nSare 0,48 g<br \/>\nConserver dans un endroit sec et \u00e0 l'abri de la chaleur.<\/p>\n<p>Producteur :<br \/>\nBolletje Consumentenservice<br \/>\nAntwoordnummer 106, 7600 VB Almelo , Pays-Bas<br \/>\nImportateur et distributeur Total Blue Impex SRL<\/p>","protected":false},"excerpt":{"rendered":"<p>&nbsp;<\/p>\n<div id=\"simple-translate\" class=\"simple-translate-light-theme\">\n<div>\n<div class=\"simple-translate-button isShow\" style=\"height: 22px;width: 22px\"><\/div>\n<div class=\"simple-translate-panel\" style=\"width: 300px;height: 200px;font-size: 13px\">\n<div class=\"simple-translate-result-wrapper\" style=\"overflow: hidden\">\n<div class=\"simple-translate-move\"><\/div>\n<div class=\"simple-translate-result-contents\">\n<p class=\"simple-translate-candidate\" dir=\"auto\">\n<\/div>\n<\/div>\n<\/div>\n<\/div>\n<\/div>","protected":false},"featured_media":67491,"comment_status":"open","ping_status":"closed","template":"","meta":{"_acf_changed":false,"_seopress_robots_primary_cat":"none","_seopress_titles_title":"","_seopress_titles_desc":"","_seopress_robots_index":""},"product_brand":[2017],"product_cat":[1555,3296,7021,3338,1767],"giftcard-category":[],"class_list":{"0":"post-67487","1":"product","2":"type-product","3":"status-publish","4":"has-post-thumbnail","6":"product_brand-bolletje","7":"product_cat-bacanie","8":"product_cat-brutarie-patiserie","9":"product_cat-dulciuri-snacks","10":"product_cat-dulciuri-snacksuri","11":"product_cat-produse-olanda","13":"first","14":"outofstock","15":"taxable","16":"shipping-taxable","17":"purchasable","18":"product-type-simple"},"acf":[],"_links":{"self":[{"href":"https:\/\/totalblue.ro\/fr\/wp-json\/wp\/v2\/product\/67487","targetHints":{"allow":["GET"]}}],"collection":[{"href":"https:\/\/totalblue.ro\/fr\/wp-json\/wp\/v2\/product"}],"about":[{"href":"https:\/\/totalblue.ro\/fr\/wp-json\/wp\/v2\/types\/product"}],"replies":[{"embeddable":true,"href":"https:\/\/totalblue.ro\/fr\/wp-json\/wp\/v2\/comments?post=67487"}],"wp:featuredmedia":[{"embeddable":true,"href":"https:\/\/totalblue.ro\/fr\/wp-json\/wp\/v2\/media\/67491"}],"wp:attachment":[{"href":"https:\/\/totalblue.ro\/fr\/wp-json\/wp\/v2\/media?parent=67487"}],"wp:term":[{"taxonomy":"product_brand","embeddable":true,"href":"https:\/\/totalblue.ro\/fr\/wp-json\/wp\/v2\/product_brand?post=67487"},{"taxonomy":"product_cat","embeddable":true,"href":"https:\/\/totalblue.ro\/fr\/wp-json\/wp\/v2\/product_cat?post=67487"},{"taxonomy":"giftcard-category","embeddable":true,"href":"https:\/\/totalblue.ro\/fr\/wp-json\/wp\/v2\/giftcard-category?post=67487"}],"curies":[{"name":"wp","href":"https:\/\/api.w.org\/{rel}","templated":true}]}}