{"id":67498,"date":"2022-10-17T15:39:36","date_gmt":"2022-10-17T12:39:36","guid":{"rendered":"https:\/\/totalblue.ro\/?post_type=product&#038;p=67498"},"modified":"2023-02-27T12:23:41","modified_gmt":"2023-02-27T10:23:41","slug":"bolletje-om-de-zapada-fursecuri-200g-import-olanda","status":"publish","type":"product","link":"https:\/\/totalblue.ro\/fr\/produs\/bolletje-om-de-zapada-fursecuri-200g-import-olanda\/","title":{"rendered":"Bolletje Om de Zapada fursecuri 200g, import Olanda"},"content":{"rendered":"<p>Nous sommes pr\u00eats pour Sinterklaas !<\/p>\n<p>Oamenii de zapada Bolletje sunt inveliti intr-un strat de zapada dragut, dar fiti atenti: odata ce ati avut unul, veti dori mai mult!<br \/>\nIngrediente: Faina de grau, 30% strat alb (zahar, grasime vegetala (nuca de cocos, palmier in proportii variate), zahar din lapte, zer praf (lapte), umplutura (carbonat de calciu), emulgator (lecitina de SOIA), aroma, aroma naturala de vanilie) , zahar, uleiuri vegetale ( palmier, nap), sirop de zahar invertit, agenti de crestere (E500, E450), sare, zahar ars, arome (contine lapte), emulgator (lecitina de soia), aroma naturala de lamaie, vanilie bourbon. Poate contine urme de alt gluten care contin cereale, oua, nuci si seminte de susan.<br \/>\nAllerg\u00e8nes :<br \/>\nPoate contine oua, nuci, seminte de susan.<br \/>\nContient des c\u00e9r\u00e9ales contenant du gluten, du lait, du soja et du bl\u00e9.<br \/>\nValeurs nutritionnelles pour 100g :<br \/>\nEnergie 2057 kJ (491 kcal)<br \/>\nGrasimi 22 g din care garsimi saturate 14 g<br \/>\nGlucide 68 g din care zaharuri 42 g<br \/>\nFibres alimentaires 1,3 g<br \/>\nProt\u00e9ines 4,2 g<br \/>\nSare 0,77 g<br \/>\nConserver dans un endroit sec et \u00e0 l'abri de la chaleur.<br \/>\nProducteur :<br \/>\nBolletje Consumentenservice<br \/>\nAntwoordnummer 106, 7600 VB Almelo , Pays-Bas<br \/>\nImportateur et distributeur Total Blue Impex SRL<\/p>","protected":false},"excerpt":{"rendered":"<p>&nbsp;<\/p>\n<div id=\"simple-translate\" class=\"simple-translate-light-theme\">\n<div>\n<div class=\"simple-translate-button isShow\" style=\"height: 22px;width: 22px\"><\/div>\n<div class=\"simple-translate-panel\" style=\"width: 300px;height: 200px;font-size: 13px\">\n<div class=\"simple-translate-result-wrapper\" style=\"overflow: hidden\">\n<div class=\"simple-translate-move\"><\/div>\n<div class=\"simple-translate-result-contents\">\n<p class=\"simple-translate-candidate\" dir=\"auto\">\n<\/div>\n<\/div>\n<\/div>\n<\/div>\n<\/div>","protected":false},"featured_media":67503,"comment_status":"open","ping_status":"closed","template":"","meta":{"_acf_changed":false,"_seopress_robots_primary_cat":"none","_seopress_titles_title":"","_seopress_titles_desc":"","_seopress_robots_index":""},"product_brand":[2017],"product_cat":[1555,3296,3338,7021,1767],"giftcard-category":[],"class_list":{"0":"post-67498","1":"product","2":"type-product","3":"status-publish","4":"has-post-thumbnail","6":"product_brand-bolletje","7":"product_cat-bacanie","8":"product_cat-brutarie-patiserie","9":"product_cat-dulciuri-snacksuri","10":"product_cat-dulciuri-snacks","11":"product_cat-produse-olanda","13":"first","14":"outofstock","15":"taxable","16":"shipping-taxable","17":"purchasable","18":"product-type-simple"},"acf":[],"_links":{"self":[{"href":"https:\/\/totalblue.ro\/fr\/wp-json\/wp\/v2\/product\/67498","targetHints":{"allow":["GET"]}}],"collection":[{"href":"https:\/\/totalblue.ro\/fr\/wp-json\/wp\/v2\/product"}],"about":[{"href":"https:\/\/totalblue.ro\/fr\/wp-json\/wp\/v2\/types\/product"}],"replies":[{"embeddable":true,"href":"https:\/\/totalblue.ro\/fr\/wp-json\/wp\/v2\/comments?post=67498"}],"wp:featuredmedia":[{"embeddable":true,"href":"https:\/\/totalblue.ro\/fr\/wp-json\/wp\/v2\/media\/67503"}],"wp:attachment":[{"href":"https:\/\/totalblue.ro\/fr\/wp-json\/wp\/v2\/media?parent=67498"}],"wp:term":[{"taxonomy":"product_brand","embeddable":true,"href":"https:\/\/totalblue.ro\/fr\/wp-json\/wp\/v2\/product_brand?post=67498"},{"taxonomy":"product_cat","embeddable":true,"href":"https:\/\/totalblue.ro\/fr\/wp-json\/wp\/v2\/product_cat?post=67498"},{"taxonomy":"giftcard-category","embeddable":true,"href":"https:\/\/totalblue.ro\/fr\/wp-json\/wp\/v2\/giftcard-category?post=67498"}],"curies":[{"name":"wp","href":"https:\/\/api.w.org\/{rel}","templated":true}]}}