{"id":67507,"date":"2022-10-17T15:43:29","date_gmt":"2022-10-17T12:43:29","guid":{"rendered":"https:\/\/totalblue.ro\/?post_type=product&#038;p=67507"},"modified":"2023-02-27T12:23:19","modified_gmt":"2023-02-27T10:23:19","slug":"bolletje-ceasuri-cu-ciocolata-fursecuri-150g-import-olanda","status":"publish","type":"product","link":"https:\/\/totalblue.ro\/fr\/produs\/bolletje-ceasuri-cu-ciocolata-fursecuri-150g-import-olanda\/","title":{"rendered":"Biscuits au chocolat Bolletje 150g, import\u00e9 des Pays-Bas"},"content":{"rendered":"<p>Nous sommes pr\u00eats pour Sinterklaas !<\/p>\n<p>cu ciocolata de la Bolletje au un strat frumos de ciocolata si stii ce e asa de frumos la ceasurile cu ciocolata? nu doar ca te poti bucura de ele, ci le poti pune impreuna si le poti atarna in bradul de Craciun<br \/>\nIngrediente: faina de grau, ciocolata de lapte 27% (zahar, unt de cacao, masa de cacao, lapte pudra degresat, grasimi din lapte, emulgator (lecitina de SOIA), aroma naturala), zahar, uleiuri vegetale (palma, nap), sirop de zahar invertit, crestere agenti (E500, E450), sare, zer praf partial desarat (lapte), arome, condimente. Poate contine urme de alt gluten care contin cereale, oua, nuci si seminte de susan.<br \/>\nAllerg\u00e8nes :<br \/>\nContient des c\u00e9r\u00e9ales contenant du gluten, du lait, du soja et du bl\u00e9.<br \/>\nPoate contine nuci, seminte de susan.<br \/>\nValeurs nutritionnelles pour 100g :<br \/>\nEnergie 1934 kJ (460 kcal)<br \/>\nGrasimi 16 g din care grasimi saturate 8,6 g<br \/>\nGlucide 71 g din care zaharuri 33 g<br \/>\nFibre alimentare 2,3 g<br \/>\nProteine \u200b\u200b6,3 g<br \/>\nSare 0,93 g<br \/>\nConserver dans un endroit sec et \u00e0 l'abri de la chaleur.<br \/>\nProducteur :<br \/>\nBolletje Consumentenservice<br \/>\nAntwoordnummer 106, 7600 VB Almelo , Pays-Bas<br \/>\nImportateur et distributeur Total Blue Impex SRL<\/p>","protected":false},"excerpt":{"rendered":"<p>&nbsp;<\/p>\n<div id=\"simple-translate\" class=\"simple-translate-light-theme\">\n<div>\n<div class=\"simple-translate-button isShow\" style=\"height: 22px;width: 22px\"><\/div>\n<div class=\"simple-translate-panel\" style=\"width: 300px;height: 200px;font-size: 13px\">\n<div class=\"simple-translate-result-wrapper\" style=\"overflow: hidden\">\n<div class=\"simple-translate-move\"><\/div>\n<div class=\"simple-translate-result-contents\">\n<p class=\"simple-translate-candidate\" dir=\"auto\">\n<\/div>\n<\/div>\n<\/div>\n<\/div>\n<\/div>","protected":false},"featured_media":67511,"comment_status":"open","ping_status":"closed","template":"","meta":{"_acf_changed":false,"_seopress_robots_primary_cat":"none","_seopress_titles_title":"","_seopress_titles_desc":"","_seopress_robots_index":""},"product_brand":[2017],"product_cat":[1555,3296,3338,7021,1767],"giftcard-category":[],"class_list":{"0":"post-67507","1":"product","2":"type-product","3":"status-publish","4":"has-post-thumbnail","6":"product_brand-bolletje","7":"product_cat-bacanie","8":"product_cat-brutarie-patiserie","9":"product_cat-dulciuri-snacksuri","10":"product_cat-dulciuri-snacks","11":"product_cat-produse-olanda","13":"first","14":"outofstock","15":"taxable","16":"shipping-taxable","17":"purchasable","18":"product-type-simple"},"acf":[],"_links":{"self":[{"href":"https:\/\/totalblue.ro\/fr\/wp-json\/wp\/v2\/product\/67507","targetHints":{"allow":["GET"]}}],"collection":[{"href":"https:\/\/totalblue.ro\/fr\/wp-json\/wp\/v2\/product"}],"about":[{"href":"https:\/\/totalblue.ro\/fr\/wp-json\/wp\/v2\/types\/product"}],"replies":[{"embeddable":true,"href":"https:\/\/totalblue.ro\/fr\/wp-json\/wp\/v2\/comments?post=67507"}],"wp:featuredmedia":[{"embeddable":true,"href":"https:\/\/totalblue.ro\/fr\/wp-json\/wp\/v2\/media\/67511"}],"wp:attachment":[{"href":"https:\/\/totalblue.ro\/fr\/wp-json\/wp\/v2\/media?parent=67507"}],"wp:term":[{"taxonomy":"product_brand","embeddable":true,"href":"https:\/\/totalblue.ro\/fr\/wp-json\/wp\/v2\/product_brand?post=67507"},{"taxonomy":"product_cat","embeddable":true,"href":"https:\/\/totalblue.ro\/fr\/wp-json\/wp\/v2\/product_cat?post=67507"},{"taxonomy":"giftcard-category","embeddable":true,"href":"https:\/\/totalblue.ro\/fr\/wp-json\/wp\/v2\/giftcard-category?post=67507"}],"curies":[{"name":"wp","href":"https:\/\/api.w.org\/{rel}","templated":true}]}}