{"id":67516,"date":"2022-10-17T15:47:51","date_gmt":"2022-10-17T12:47:51","guid":{"rendered":"https:\/\/totalblue.ro\/?post_type=product&#038;p=67516"},"modified":"2023-02-27T11:38:06","modified_gmt":"2023-02-27T09:38:06","slug":"bolletje-etoiles-avec-biscuits-a-la-cannelle-175g-import-des-pays-bas","status":"publish","type":"product","link":"https:\/\/totalblue.ro\/fr\/produs\/bolletje-stelute-cu-scortisoara-fursecuri-175g-import-olanda\/","title":{"rendered":"Bolletje Stars avec biscuits \u00e0 la cannelle 175g, import\u00e9 des Pays-Bas"},"content":{"rendered":"<p>Nous sommes pr\u00eats pour Sinterklaas !<br \/>\nLes \u00e9toiles de cannelle Bolletje ont une belle couche blanche et sont saupoudr\u00e9es de cannelle et de sucre. Non seulement vous pouvez les d\u00e9guster, mais vous pouvez aussi les accrocher \u00e0 votre sapin !<br \/>\nIngr\u00e9dients : Farine de bl\u00e9, 20% enrobage blanc (sucre, graisse v\u00e9g\u00e9tale (noix de coco, palme en proportions variables), sucre de lait, lactos\u00e9rum en poudre (lait), fourrage (carbonate de calcium), \u00e9mulsifiant (l\u00e9cithine de soja), ar\u00f4me, ar\u00f4me naturel de vanille), sucre, huiles v\u00e9g\u00e9tales (palme, navette), amidon de bl\u00e9, sirop de sucre inverti, poudre \u00e0 lever (E500, E450), cannelle, sirop de glucose, sel, ar\u00f4mes, \u00e9mulsifiant (l\u00e9cithine de soja), lait \u00e9cr\u00e9m\u00e9 en poudre. Peut contenir des traces d'autres c\u00e9r\u00e9ales contenant du gluten, d'\u0153ufs, de fruits \u00e0 coque et de graines de s\u00e9same.<br \/>\nAllerg\u00e8nes : Peut contenir des \u0153ufs, des noix, des graines de s\u00e9same.<br \/>\nContient des c\u00e9r\u00e9ales contenant du gluten, du lait, du soja et du bl\u00e9.<\/p>\n<p>Valeurs nutritionnelles pour 100 g :<\/p>\n<p>\u00c9nergie 1970 kJ (469 kcal)<br \/>\nMati\u00e8res grasses 18 g dont 10 g de graisses satur\u00e9es<br \/>\nGlucides 72 g dont sucres 35 g<br \/>\nFibres alimentaires 1,7 g<br \/>\nProt\u00e9ines 4,7 g<br \/>\nSel 0,9 g<br \/>\nConserver dans un endroit sec et \u00e0 l'abri de la chaleur.<br \/>\nProducteur :<br \/>\nBolletje Consumentenservice<br \/>\nAntwoordnummer 106, 7600 VB Almelo , Pays-Bas<br \/>\nImportateur et distributeur Total Blue Impex SRL<\/p>","protected":false},"excerpt":{"rendered":"<p>&nbsp;<\/p>\n<div id=\"simple-translate\" class=\"simple-translate-light-theme\">\n<div>\n<div class=\"simple-translate-button isShow\" style=\"height: 22px;width: 22px\"><\/div>\n<div class=\"simple-translate-panel\" style=\"width: 300px;height: 200px;font-size: 13px\">\n<div class=\"simple-translate-result-wrapper\" style=\"overflow: hidden\">\n<div class=\"simple-translate-move\"><\/div>\n<div class=\"simple-translate-result-contents\">\n<p class=\"simple-translate-candidate\" dir=\"auto\">\n<\/div>\n<\/div>\n<\/div>\n<\/div>\n<\/div>","protected":false},"featured_media":67520,"comment_status":"open","ping_status":"closed","template":"","meta":{"_acf_changed":false,"_seopress_robots_primary_cat":"none","_seopress_titles_title":"","_seopress_titles_desc":"","_seopress_robots_index":""},"product_brand":[2017],"product_cat":[1555,3296,3338,7021,1767],"giftcard-category":[],"class_list":{"0":"post-67516","1":"product","2":"type-product","3":"status-publish","4":"has-post-thumbnail","6":"product_brand-bolletje","7":"product_cat-bacanie","8":"product_cat-brutarie-patiserie","9":"product_cat-dulciuri-snacksuri","10":"product_cat-dulciuri-snacks","11":"product_cat-produse-olanda","13":"first","14":"outofstock","15":"taxable","16":"shipping-taxable","17":"purchasable","18":"product-type-simple"},"acf":[],"_links":{"self":[{"href":"https:\/\/totalblue.ro\/fr\/wp-json\/wp\/v2\/product\/67516","targetHints":{"allow":["GET"]}}],"collection":[{"href":"https:\/\/totalblue.ro\/fr\/wp-json\/wp\/v2\/product"}],"about":[{"href":"https:\/\/totalblue.ro\/fr\/wp-json\/wp\/v2\/types\/product"}],"replies":[{"embeddable":true,"href":"https:\/\/totalblue.ro\/fr\/wp-json\/wp\/v2\/comments?post=67516"}],"wp:featuredmedia":[{"embeddable":true,"href":"https:\/\/totalblue.ro\/fr\/wp-json\/wp\/v2\/media\/67520"}],"wp:attachment":[{"href":"https:\/\/totalblue.ro\/fr\/wp-json\/wp\/v2\/media?parent=67516"}],"wp:term":[{"taxonomy":"product_brand","embeddable":true,"href":"https:\/\/totalblue.ro\/fr\/wp-json\/wp\/v2\/product_brand?post=67516"},{"taxonomy":"product_cat","embeddable":true,"href":"https:\/\/totalblue.ro\/fr\/wp-json\/wp\/v2\/product_cat?post=67516"},{"taxonomy":"giftcard-category","embeddable":true,"href":"https:\/\/totalblue.ro\/fr\/wp-json\/wp\/v2\/giftcard-category?post=67516"}],"curies":[{"name":"wp","href":"https:\/\/api.w.org\/{rel}","templated":true}]}}