{"id":67525,"date":"2022-10-17T15:54:06","date_gmt":"2022-10-17T12:54:06","guid":{"rendered":"https:\/\/totalblue.ro\/?post_type=product&#038;p=67525"},"modified":"2024-03-04T15:49:08","modified_gmt":"2024-03-04T13:49:08","slug":"de-ruiters-biscuiti-mori-de-vant-turta-dulce-380-g-import-olanda","status":"publish","type":"product","link":"https:\/\/totalblue.ro\/fr\/produs\/de-ruiters-biscuiti-mori-de-vant-turta-dulce-380-g-import-olanda\/","title":{"rendered":"De Ruiter's Windmill Biscuits pain d'\u00e9pices 380 g, import\u00e9 de Hollande"},"content":{"rendered":"<p>Nous sommes pr\u00eats pour Sinterklaas !<\/p>\n<p>Ingrediente: faina de grau, zahar, uleiuri vegetale (palma, rapita), condimente (inclusiv scortisoara), agenti de crestere (pirofosfat disodic, bicarbonat de sodiu, bicarbonat de amoniu), sirop de zahar invertit, sare.<br \/>\nValeurs nutritionnelles pour 100 g :<br \/>\nEnergie (kJ) 2026 kJ \/ Energie (kcal) 482 kcal<br \/>\nGrasimi 18g din care grasimi saturate 8g<br \/>\nGrasimi mononesaturate 7,5g<br \/>\nGrasimi polinesaturate 2,5 g<br \/>\nCarbohidrati \/ Glucide 74 g<br \/>\nZahar 34g<br \/>\nFibre 1g<br \/>\nProteine \u200b\u200b\/ Proteine \u200b\u200b5,5 g<br \/>\nSare 1,41g<br \/>\nConserver dans un endroit sec et \u00e0 l'abri de la chaleur.<br \/>\nProducator: De Ruiter&#8217;s Bakkerij, Dorpsweg 25, 3257 LB , Ooltgensplaat<br \/>\nImportateur et distributeur Total Blue Impex SRL<\/p>","protected":false},"excerpt":{"rendered":"<p>We are ready for Sinterklaas! Ingrediente: faina de grau, zahar, uleiuri vegetale (palma, rapita), condimente (inclusiv scortisoara), agenti de crestere (pirofosfat disodic, bicarbonat de sodiu, bicarbonat de amoniu), sirop de zahar invertit, sare. Valori nutritionale la 100 g: Energie (kJ) 2026 kJ \/ Energie (kcal) 482 kcal Grasimi 18g din care grasimi saturate 8g Grasimi [&#8230;]\n","protected":false},"featured_media":67528,"comment_status":"open","ping_status":"closed","template":"","meta":{"_acf_changed":false,"_seopress_robots_primary_cat":"none","_seopress_titles_title":"","_seopress_titles_desc":"","_seopress_robots_index":""},"product_brand":[15285],"product_cat":[1555,3296,3338,7021,3304,1767],"giftcard-category":[],"class_list":{"0":"post-67525","1":"product","2":"type-product","3":"status-publish","4":"has-post-thumbnail","6":"product_brand-de-ruiters-bakkerij","7":"product_cat-bacanie","8":"product_cat-brutarie-patiserie","9":"product_cat-dulciuri-snacksuri","10":"product_cat-dulciuri-snacks","11":"product_cat-mic-dejun-produse-olanda","12":"product_cat-produse-olanda","14":"first","15":"outofstock","16":"taxable","17":"shipping-taxable","18":"purchasable","19":"product-type-simple"},"acf":[],"_links":{"self":[{"href":"https:\/\/totalblue.ro\/fr\/wp-json\/wp\/v2\/product\/67525","targetHints":{"allow":["GET"]}}],"collection":[{"href":"https:\/\/totalblue.ro\/fr\/wp-json\/wp\/v2\/product"}],"about":[{"href":"https:\/\/totalblue.ro\/fr\/wp-json\/wp\/v2\/types\/product"}],"replies":[{"embeddable":true,"href":"https:\/\/totalblue.ro\/fr\/wp-json\/wp\/v2\/comments?post=67525"}],"wp:featuredmedia":[{"embeddable":true,"href":"https:\/\/totalblue.ro\/fr\/wp-json\/wp\/v2\/media\/67528"}],"wp:attachment":[{"href":"https:\/\/totalblue.ro\/fr\/wp-json\/wp\/v2\/media?parent=67525"}],"wp:term":[{"taxonomy":"product_brand","embeddable":true,"href":"https:\/\/totalblue.ro\/fr\/wp-json\/wp\/v2\/product_brand?post=67525"},{"taxonomy":"product_cat","embeddable":true,"href":"https:\/\/totalblue.ro\/fr\/wp-json\/wp\/v2\/product_cat?post=67525"},{"taxonomy":"giftcard-category","embeddable":true,"href":"https:\/\/totalblue.ro\/fr\/wp-json\/wp\/v2\/giftcard-category?post=67525"}],"curies":[{"name":"wp","href":"https:\/\/api.w.org\/{rel}","templated":true}]}}