{"id":71514,"date":"2022-11-25T11:30:25","date_gmt":"2022-11-25T09:30:25","guid":{"rendered":"https:\/\/totalblue.ro\/?post_type=product&#038;p=71514"},"modified":"2026-02-25T13:18:36","modified_gmt":"2026-02-25T11:18:36","slug":"kruidvat-paracetamol-cu-cafeina-500mg-50mg-tablete-20-buc","status":"publish","type":"product","link":"https:\/\/totalblue.ro\/fr\/produs\/kruidvat-paracetamol-cu-cafeina-500mg-50mg-tablete-20-buc\/","title":{"rendered":"Kruidvat Paracetamol avec Caf\u00e9ine 500MG\/50MG Comprim\u00e9s 20 pcs"},"content":{"rendered":"<p id=\"tw-target-text\" class=\"tw-data-text tw-text-large tw-ta\" dir=\"ltr\" data-placeholder=\"Traducere\">Paracetamol cu \u200b\u200bcafein\u0103 500MG\/50MG Tablete 20 buc<br \/>\nPoate fi utilizat pentru ameliorarea durerilor de cap, a febrei \u0219i a durerilor asociate cu gripa, r\u0103ceala sau dup\u0103 vaccin\u0103ri, dureri de din\u021bi, dureri musculare sau crampe menstruale.<br \/>\nDozaj: 1-2 comprimate odat\u0103, \u00een func\u021bie de v\u00e2rst\u0103\/greutate administra\u021bi cu mult\u0103 ap\u0103, la intervale de 4 ore. Dac\u0103 simptomele nu se amelioreaz\u0103, nu utiliza\u021bi mai mult de 3 zile pentru febr\u0103 \u0219i 5 zile pentru durere, f\u0103r\u0103 a consulta un medic.<br \/>\nDepozitare intr-un loc racoros si uscat.<\/p>\n<p>Contactinformatie<br \/>\nContactnaam<br \/>\nMarel B.V.<\/p>\n<p>Communicatieadres<br \/>\nArchimedesweg 2<br \/>\n2333 CN Leiden<br \/>\nNederland<\/p>\n<p>Contact type<br \/>\nConsumentenservice<\/p>\n<p>Communicatiekanaalgegevens<br \/>\nwww.kruidvat.nl<\/p>","protected":false},"excerpt":{"rendered":"<p>Paracetamol cu \u200b\u200bcafein\u0103 500MG\/50MG Tablete 20 buc Poate fi utilizat pentru ameliorarea durerilor de cap, a febrei \u0219i a durerilor asociate cu gripa, r\u0103ceala sau dup\u0103 vaccin\u0103ri, dureri de din\u021bi, dureri musculare sau crampe menstruale. Dozaj: 1-2 comprimate odat\u0103, \u00een func\u021bie de v\u00e2rst\u0103\/greutate administra\u021bi cu mult\u0103 ap\u0103, la intervale de 4 ore. Dac\u0103 simptomele nu [&#8230;]\n","protected":false},"featured_media":194892,"comment_status":"open","ping_status":"closed","template":"","meta":{"_acf_changed":false,"_seopress_robots_primary_cat":"none","_seopress_titles_title":"Kruidvat Paracetamol cu \u200b\u200bcafein\u0103 500MG\/50MG Tablete 20 buc","_seopress_titles_desc":"Cauti paracetamol cu cafeina? Cumpara acum online Kruidvat Paracetamol cu \u200b\u200bcafein\u0103 500MG\/50MG Tablete 20 buc. Paracetamol cu cofeina Olanda","_seopress_robots_index":""},"product_brand":[15333],"product_cat":[1767,6416,6402],"giftcard-category":[],"class_list":{"0":"post-71514","1":"product","2":"type-product","3":"status-publish","4":"has-post-thumbnail","6":"product_brand-kruidvat","7":"product_cat-produse-olanda","8":"product_cat-suplimente-alimentare-bacanie","9":"product_cat-suplimente-alimentare-produse-olanda","11":"first","12":"outofstock","13":"taxable","14":"shipping-taxable","15":"purchasable","16":"product-type-simple"},"acf":[],"_links":{"self":[{"href":"https:\/\/totalblue.ro\/fr\/wp-json\/wp\/v2\/product\/71514","targetHints":{"allow":["GET"]}}],"collection":[{"href":"https:\/\/totalblue.ro\/fr\/wp-json\/wp\/v2\/product"}],"about":[{"href":"https:\/\/totalblue.ro\/fr\/wp-json\/wp\/v2\/types\/product"}],"replies":[{"embeddable":true,"href":"https:\/\/totalblue.ro\/fr\/wp-json\/wp\/v2\/comments?post=71514"}],"wp:featuredmedia":[{"embeddable":true,"href":"https:\/\/totalblue.ro\/fr\/wp-json\/wp\/v2\/media\/194892"}],"wp:attachment":[{"href":"https:\/\/totalblue.ro\/fr\/wp-json\/wp\/v2\/media?parent=71514"}],"wp:term":[{"taxonomy":"product_brand","embeddable":true,"href":"https:\/\/totalblue.ro\/fr\/wp-json\/wp\/v2\/product_brand?post=71514"},{"taxonomy":"product_cat","embeddable":true,"href":"https:\/\/totalblue.ro\/fr\/wp-json\/wp\/v2\/product_cat?post=71514"},{"taxonomy":"giftcard-category","embeddable":true,"href":"https:\/\/totalblue.ro\/fr\/wp-json\/wp\/v2\/giftcard-category?post=71514"}],"curies":[{"name":"wp","href":"https:\/\/api.w.org\/{rel}","templated":true}]}}