{"id":74185,"date":"2022-12-19T14:45:53","date_gmt":"2022-12-19T12:45:53","guid":{"rendered":"https:\/\/totalblue.ro\/?post_type=product&#038;p=74185"},"modified":"2026-04-14T12:34:55","modified_gmt":"2026-04-14T09:34:55","slug":"royaal-roijter-royaal-chocolate-flakes-hollandaise-390g","status":"publish","type":"product","link":"https:\/\/totalblue.ro\/fr\/produs\/fulgi-de-ciocolata-de-ruijter-royaal-olanda-390g\/","title":{"rendered":"Flocons de chocolat De Ruijter Royaal - Pays-Bas 390g"},"content":{"rendered":"<p>Ingr\u00e9dients : sucre, poudre de cacao all\u00e9g\u00e9e, beurre de cacao, \u00e9mulsifiant (l\u00e9cithine de soja), mati\u00e8re grasse laiti\u00e8re fractionn\u00e9e (fraction dure), Rainforest Alliance Certified\u2122.<br \/>\nPeut contenir des traces de prot\u00e9ines de lait et de lactose.<br \/>\nAllerg\u00e8nes : lait, soja, peut contenir du lactose.<br \/>\nStockage : Conserver dans un endroit sec \u00e0 temp\u00e9rature ambiante. Ne pas consommer avant la date indiqu\u00e9e sur l'emballage.<br \/>\nContenu et poids : 390 grammes, emball\u00e9 dans une bo\u00eete en carton.<br \/>\nTaille des portions : 20 g par portion. Nombre de portions : 19.<br \/>\nValeurs nutritionnelles pour 100g :<br \/>\n\u00c9nergie 1790 kJ\/ 425 kcal<br \/>\nMati\u00e8res grasses 17 g dont 10 g satur\u00e9es<br \/>\nGlucides 58 g dont sucres 54 g<br \/>\nProt\u00e9ines 7 g<br \/>\nSel 0,02 g<br \/>\nFabriqu\u00e9 aux Pays-Bas par De Ruijter Consumentenservice<br \/>\nGustav Mahlerlaan 1228 1081 LA Amsterdam Postbus 87118 1080 JC Amsterdam<br \/>\n1080 JC Amsterdam<br \/>\nImportateur et distributeur Total Blue Impex SRL<br \/>\n<a href=\"https:\/\/totalblue.ro\/wp-content\/uploads\/2020\/12\/Rainforest-Alliance.jpeg\"><img loading=\"lazy\" decoding=\"async\" class=\"alignnone wp-image-27609\" src=\"https:\/\/totalblue.ro\/wp-content\/uploads\/2020\/12\/Rainforest-Alliance-699x400.jpeg\" alt=\"\" width=\"112\" height=\"64\" srcset=\"https:\/\/totalblue.ro\/wp-content\/uploads\/2020\/12\/Rainforest-Alliance-699x400.jpeg 699w, https:\/\/totalblue.ro\/wp-content\/uploads\/2020\/12\/Rainforest-Alliance-510x292.jpeg 510w, https:\/\/totalblue.ro\/wp-content\/uploads\/2020\/12\/Rainforest-Alliance-768x440.jpeg 768w, https:\/\/totalblue.ro\/wp-content\/uploads\/2020\/12\/Rainforest-Alliance-600x343.jpeg 600w, https:\/\/totalblue.ro\/wp-content\/uploads\/2020\/12\/Rainforest-Alliance-100x57.jpeg 100w, https:\/\/totalblue.ro\/wp-content\/uploads\/2020\/12\/Rainforest-Alliance.jpeg 959w\" sizes=\"auto, (max-width: 112px) 100vw, 112px\" \/><\/a><\/p>","protected":false},"excerpt":{"rendered":"<p>Ingrediente: zahar, pudra de cacao cu continut scazut de grasimi, unt de cacao, emulgator (lecitina de soia), grasimi din lapte fractionata (fractiune tare), Rainforest Alliance Certified\u2122. Poate contine urme de proteine \u200b\u200bdin lapte si lactoza. Alergeni: lapte, soia.Poate contine lactoza. Depozitare: A se pastra la loc uscat si la temperatura camerei. A se consuma inainte [&#8230;]\n","protected":false},"featured_media":104458,"comment_status":"open","ping_status":"closed","template":"","meta":{"_acf_changed":false,"_seopress_robots_primary_cat":"none","_seopress_titles_title":"","_seopress_titles_desc":"","_seopress_robots_index":""},"product_brand":[1823],"product_cat":[1555,1506,3338,3304,1767],"giftcard-category":[],"class_list":{"0":"post-74185","1":"product","2":"type-product","3":"status-publish","4":"has-post-thumbnail","6":"product_brand-de-ruijter","7":"product_cat-bacanie","8":"product_cat-cafea-ceai-mic-dejun","9":"product_cat-dulciuri-snacksuri","10":"product_cat-mic-dejun-produse-olanda","11":"product_cat-produse-olanda","13":"first","14":"instock","15":"taxable","16":"shipping-taxable","17":"purchasable","18":"product-type-simple"},"acf":[],"_links":{"self":[{"href":"https:\/\/totalblue.ro\/fr\/wp-json\/wp\/v2\/product\/74185","targetHints":{"allow":["GET"]}}],"collection":[{"href":"https:\/\/totalblue.ro\/fr\/wp-json\/wp\/v2\/product"}],"about":[{"href":"https:\/\/totalblue.ro\/fr\/wp-json\/wp\/v2\/types\/product"}],"replies":[{"embeddable":true,"href":"https:\/\/totalblue.ro\/fr\/wp-json\/wp\/v2\/comments?post=74185"}],"wp:featuredmedia":[{"embeddable":true,"href":"https:\/\/totalblue.ro\/fr\/wp-json\/wp\/v2\/media\/104458"}],"wp:attachment":[{"href":"https:\/\/totalblue.ro\/fr\/wp-json\/wp\/v2\/media?parent=74185"}],"wp:term":[{"taxonomy":"product_brand","embeddable":true,"href":"https:\/\/totalblue.ro\/fr\/wp-json\/wp\/v2\/product_brand?post=74185"},{"taxonomy":"product_cat","embeddable":true,"href":"https:\/\/totalblue.ro\/fr\/wp-json\/wp\/v2\/product_cat?post=74185"},{"taxonomy":"giftcard-category","embeddable":true,"href":"https:\/\/totalblue.ro\/fr\/wp-json\/wp\/v2\/giftcard-category?post=74185"}],"curies":[{"name":"wp","href":"https:\/\/api.w.org\/{rel}","templated":true}]}}