{"id":74260,"date":"2022-12-19T15:57:28","date_gmt":"2022-12-19T13:57:28","guid":{"rendered":"https:\/\/totalblue.ro\/?post_type=product&#038;p=74260"},"modified":"2024-08-09T12:33:58","modified_gmt":"2024-08-09T09:33:58","slug":"melkan-lapte-condensat-397-g-import-olanda","status":"publish","type":"product","link":"https:\/\/totalblue.ro\/fr\/produs\/melkan-lapte-condensat-397-g-import-olanda\/","title":{"rendered":"Lait concentr\u00e9 Melkan 397 g, import\u00e9 des Pays-Bas"},"content":{"rendered":"<p>Lait concentr\u00e9 Melkan 397 g, import\u00e9 des Pays-Bas<\/p>\n<p><span class=\"HwtZe\" lang=\"ro\"><span class=\"jCAhz JxVs2d ChMk0b\"><span class=\"ryNqvb\">Ingrediente: lapte integral, 43% zahar.<\/span><\/span><\/span><\/p>\n<p>Valeurs nutritionnelles pour 100ml :<br \/>\nEnergie 1394 kJ \/ 331 kcal<br \/>\nGrasimi 9 g din care acizi grasi saturati 6.1 g<br \/>\nCarbohidrati 53.8 g din care zahar 53.8 g<br \/>\nProteine 8.6 g<br \/>\nSare 0.3 g<\/p>","protected":false},"excerpt":{"rendered":"<p>Melkan lapte condensat 397 g, import Olanda Ingrediente: lapte integral, 43% zahar. Valori Nutritionale la 100ml: Energie 1394 kJ \/ 331 kcal Grasimi 9 g din care acizi grasi saturati 6.1 g Carbohidrati 53.8 g din care zahar 53.8 g Proteine 8.6 g Sare 0.3 g<\/p>","protected":false},"featured_media":74262,"comment_status":"open","ping_status":"closed","template":"","meta":{"_acf_changed":false,"_seopress_robots_primary_cat":"none","_seopress_titles_title":"Melkan lapte condensat 397 g, import Olanda, lapte condensat conserva","_seopress_titles_desc":"Cumpara lapte condensat, lapte cafea, Melkan lapte condensat 397 g, lapte ieftin import Olanda, lapte condensat prajituri, lapte condensat cafea.","_seopress_robots_index":""},"product_brand":[11616],"product_cat":[1555,4226,3288,1506,3320,3304,1767],"giftcard-category":[],"class_list":{"0":"post-74260","1":"product","2":"type-product","3":"status-publish","4":"has-post-thumbnail","6":"product_brand-melkan","7":"product_cat-bacanie","8":"product_cat-branzeturi-bacanie","9":"product_cat-branzeturi","10":"product_cat-cafea-ceai-mic-dejun","11":"product_cat-cafea-ceai-lapte","12":"product_cat-mic-dejun-produse-olanda","13":"product_cat-produse-olanda","15":"first","16":"outofstock","17":"taxable","18":"shipping-taxable","19":"purchasable","20":"product-type-simple"},"acf":[],"_links":{"self":[{"href":"https:\/\/totalblue.ro\/fr\/wp-json\/wp\/v2\/product\/74260","targetHints":{"allow":["GET"]}}],"collection":[{"href":"https:\/\/totalblue.ro\/fr\/wp-json\/wp\/v2\/product"}],"about":[{"href":"https:\/\/totalblue.ro\/fr\/wp-json\/wp\/v2\/types\/product"}],"replies":[{"embeddable":true,"href":"https:\/\/totalblue.ro\/fr\/wp-json\/wp\/v2\/comments?post=74260"}],"wp:featuredmedia":[{"embeddable":true,"href":"https:\/\/totalblue.ro\/fr\/wp-json\/wp\/v2\/media\/74262"}],"wp:attachment":[{"href":"https:\/\/totalblue.ro\/fr\/wp-json\/wp\/v2\/media?parent=74260"}],"wp:term":[{"taxonomy":"product_brand","embeddable":true,"href":"https:\/\/totalblue.ro\/fr\/wp-json\/wp\/v2\/product_brand?post=74260"},{"taxonomy":"product_cat","embeddable":true,"href":"https:\/\/totalblue.ro\/fr\/wp-json\/wp\/v2\/product_cat?post=74260"},{"taxonomy":"giftcard-category","embeddable":true,"href":"https:\/\/totalblue.ro\/fr\/wp-json\/wp\/v2\/giftcard-category?post=74260"}],"curies":[{"name":"wp","href":"https:\/\/api.w.org\/{rel}","templated":true}]}}