{"id":74617,"date":"2022-12-20T10:47:37","date_gmt":"2022-12-20T08:47:37","guid":{"rendered":"https:\/\/totalblue.ro\/?post_type=product&#038;p=74617"},"modified":"2025-08-01T15:42:57","modified_gmt":"2025-08-01T12:42:57","slug":"unox-cup-a-soup-supa-de-dovleac-3-x-18-g","status":"publish","type":"product","link":"https:\/\/totalblue.ro\/fr\/produs\/unox-cup-a-soup-supa-de-dovleac-3-x-18-g\/","title":{"rendered":"Unox Cup-a-soup Supa de Dovleac 3 x 18 g"},"content":{"rendered":"<p>Unox Cup-a-soup Supa de Dovleac 3 x 18 g<\/p>\n<p>Pr\u00e9paration :<br \/>\n1. Verser le contenu d'un sachet de Cup-a-Soup dans une tasse.<br \/>\n2. Ajouter 175 ml d'eau bouillie \u00e0 100\u00b0C et laisser reposer pendant 1 minute.<br \/>\n3) Pr\u00eat \u00e0 boire !<\/p>\n<p>Remarque : la tasse peut \u00eatre chaude ! La soupe peut \u00eatre chaude !<\/p>\n<p>Ingrediente: Amidon modificat de cartofi, dovleac\u00b9 22%, crutoane 14% (paine alba (faina de GRAU, sare, drojdie, ulei de rapita), ulei de palmier, antioxidant: extract de rozmarin)), cartofi\u00b9, sare iodata, grasime de palmier, maltodextrina, zahar, praf de ceapa prajita\u00b9, pasta de rosii\u00b9, sirop de glucoza uscata, amidon de cartofi, extract de drojdie, suc de morcovi\u00b9, condimente (turmeric\u00b9, usturoi\u00b9, piper, nucsoara), PROTEINE LAPTE, sare, ulei de porumb, acidifiant: acid citric, suc concentrat de legume\u00b9 (CELERY) morcov, ceapa, praz), rozmarin 0,1%. Poate contine alte cereale care contin gluten, ou, mustar, soia. \u00b9 Cultivat durabil.<br \/>\nAlergeni: Contine: cereale care contin gluten, telina, grau.<br \/>\nPoate contine: mustar, soia, telina, oua, secara, ovaz, orz.<br \/>\nConserver dans un endroit sec, \u00e0 l'abri de la lumi\u00e8re et \u00e0 temp\u00e9rature ambiante.<br \/>\nValeurs nutritionnelles pour 100 ml :<br \/>\nEnergie 162 kJ (39 kcal)<br \/>\nGrasimi 1.1 g din care grasimi saturate 0,6 g<br \/>\nGlucide 6.3 g din care zaharuri 1,6 g<br \/>\nFibres alimentaires &lt; 0,5 g<br \/>\nProteine \u200b\u200b0,7 g<br \/>\nSare 0,69 g<br \/>\nFabriqu\u00e9 par Unilever Nederland \/ Cup-a-Soup, Postbus 160, 3000 AD Rotterdam, 0800-2358669<br \/>\nImportateur et distributeur Total Blue Impex SRL<\/p>\n<p>&nbsp;<\/p>\n<p><a href=\"https:\/\/totalblue.ro\/wp-content\/uploads\/2021\/02\/vegetarian.jpeg\"><img loading=\"lazy\" decoding=\"async\" class=\"alignnone wp-image-27413\" src=\"https:\/\/totalblue.ro\/wp-content\/uploads\/2021\/02\/vegetarian.jpeg\" alt=\"\" width=\"100\" height=\"100\" srcset=\"https:\/\/totalblue.ro\/wp-content\/uploads\/2021\/02\/vegetarian.jpeg 225w, https:\/\/totalblue.ro\/wp-content\/uploads\/2021\/02\/vegetarian-100x100.jpeg 100w\" sizes=\"auto, (max-width: 100px) 100vw, 100px\" \/><\/a><\/p>","protected":false},"excerpt":{"rendered":"<p>Unox Cup-a-soup Supa de Dovleac 3 x 18 g Mod de preparare: 1. Turnati continutul unui plic de Cup-a-Soup intr-o cana. 2. Se adauga 175 ml apa fiarta la 100\u00b0C si se lasa sa stea 1 minut. 3. Gata de baut ! Nota: cana \/ ceasca poate fi fierbinte! Supa poate fi fierbinte ! Ingrediente: [&#8230;]\n","protected":false},"featured_media":74622,"comment_status":"open","ping_status":"closed","template":"","meta":{"_acf_changed":false,"_seopress_robots_primary_cat":"none","_seopress_titles_title":"Unox Cup-a-soup Supa de Dovleac 3 x 18 g","_seopress_titles_desc":"Cumpara online supa de legume, supe legume, ciorbe legume, supe olandeze legume. Magazin online supe si produse olandeze cu livrare rapida.","_seopress_robots_index":""},"product_brand":[1925],"product_cat":[1555,1683,3272,1362,1767],"giftcard-category":[],"class_list":{"0":"post-74617","1":"product","2":"type-product","3":"status-publish","4":"has-post-thumbnail","6":"product_brand-unox","7":"product_cat-bacanie","8":"product_cat-conserve-mancare-gatita","9":"product_cat-conserve","10":"product_cat-ulei-orez-faina-zahar","11":"product_cat-produse-olanda","13":"first","14":"outofstock","15":"taxable","16":"shipping-taxable","17":"purchasable","18":"product-type-simple"},"acf":[],"_links":{"self":[{"href":"https:\/\/totalblue.ro\/fr\/wp-json\/wp\/v2\/product\/74617","targetHints":{"allow":["GET"]}}],"collection":[{"href":"https:\/\/totalblue.ro\/fr\/wp-json\/wp\/v2\/product"}],"about":[{"href":"https:\/\/totalblue.ro\/fr\/wp-json\/wp\/v2\/types\/product"}],"replies":[{"embeddable":true,"href":"https:\/\/totalblue.ro\/fr\/wp-json\/wp\/v2\/comments?post=74617"}],"wp:featuredmedia":[{"embeddable":true,"href":"https:\/\/totalblue.ro\/fr\/wp-json\/wp\/v2\/media\/74622"}],"wp:attachment":[{"href":"https:\/\/totalblue.ro\/fr\/wp-json\/wp\/v2\/media?parent=74617"}],"wp:term":[{"taxonomy":"product_brand","embeddable":true,"href":"https:\/\/totalblue.ro\/fr\/wp-json\/wp\/v2\/product_brand?post=74617"},{"taxonomy":"product_cat","embeddable":true,"href":"https:\/\/totalblue.ro\/fr\/wp-json\/wp\/v2\/product_cat?post=74617"},{"taxonomy":"giftcard-category","embeddable":true,"href":"https:\/\/totalblue.ro\/fr\/wp-json\/wp\/v2\/giftcard-category?post=74617"}],"curies":[{"name":"wp","href":"https:\/\/api.w.org\/{rel}","templated":true}]}}