{"id":74689,"date":"2022-12-20T15:09:33","date_gmt":"2022-12-20T13:09:33","guid":{"rendered":"https:\/\/totalblue.ro\/?post_type=product&#038;p=74689"},"modified":"2026-01-30T09:19:22","modified_gmt":"2026-01-30T07:19:22","slug":"unox-chiftelute-gata-preparate-in-sos-sate-420g-import-olanda","status":"publish","type":"product","link":"https:\/\/totalblue.ro\/fr\/produs\/unox-chiftelute-gata-preparate-in-sos-sate-420g-import-olanda\/","title":{"rendered":"Unox Boulettes de viande pr\u00eates \u00e0 l'emploi en sauce villageoise 420g, import\u00e9 de Hollande"},"content":{"rendered":"<p>Ingrediente: Chiftele 41% (separator carne de porc\u00b9 38%, porc\u00b9 32%, vita\u00b9 21%, grasime de porc\u00b9, apa, amidon de cartofi, pesmet (faina de grau, sare, drojdie), sare, ulei de palmier, stabilizator (E451, E452), aroma naturala, condimente, extract de vin alb, maltodextrina, extract de drojdie (contine orz), fructoza, pudra de otet balsamic (otet de vin, must de struguri), sos 59% (apa, arahide 29%, zahar, sos dulce de soia (zahar, melasa). ), sos de soia (apa, soia, grau, sare), apa, otet, sare, amidon de grau, aroma), ulei vegetal (rapata, soia), sambal oelek (piper rosu, apa, sare, amidon modificat), galbenus de ou , ceapa, amidon de porumb modificat, sare, extract de drojdie, usturoi, ghimbir, concentrat de suc de lamaie, aroma, radacina de galanga, chimen \u00b9 Better Life 1 stea<br \/>\nAlergeni: contine grau, arahide, cereale care contin gluten, oua, orz, soia.<br \/>\nValeurs nutritionnelles pour 100 g :<br \/>\nEnergie 997 kJ \/ 238 kcal<br \/>\nGrasimi 17 g din care grasimi saturate 5,9 g<br \/>\nGlucide 11 g din care zaharuri 6,7 g<br \/>\nProt\u00e9ines 10 g<br \/>\nSel 1,8 g<br \/>\nRecomandari: Turnati continutul intr-o cratita \/ tigaie. Incalziti la foc mediu. De asemenea puteti incalzi si la cuptorul cu microunde, 4-6 minute la 600 W.<br \/>\nDupa deschidere, aceste chiftele se pot pastra acoperite la frigider pentru maxim 3 zile.<br \/>\nAmbalaj: conserva metalica cu cheita.<br \/>\nTara de origine: Olanda<br \/>\nFabricat de Unilever Nederland, Unox, Postbus 160, 3000 AD Rotterdam<br \/>\nImportateur et distributeur Total Blue Impex SRL<\/p>","protected":false},"excerpt":{"rendered":"<p>Ingrediente: Chiftele 41% (separator carne de porc\u00b9 38%, porc\u00b9 32%, vita\u00b9 21%, grasime de porc\u00b9, apa, amidon de cartofi, pesmet (faina de grau, sare, drojdie), sare, ulei de palmier, stabilizator (E451, E452), aroma naturala, condimente, extract de vin alb, maltodextrina, extract de drojdie (contine orz), fructoza, pudra de otet balsamic (otet de vin, must de [&#8230;]\n","protected":false},"featured_media":74694,"comment_status":"open","ping_status":"closed","template":"","meta":{"_acf_changed":false,"_seopress_robots_primary_cat":"none","_seopress_titles_title":"","_seopress_titles_desc":"","_seopress_robots_index":""},"product_brand":[1925],"product_cat":[1555,1683,3272,1767],"giftcard-category":[],"class_list":{"0":"post-74689","1":"product","2":"type-product","3":"status-publish","4":"has-post-thumbnail","6":"product_brand-unox","7":"product_cat-bacanie","8":"product_cat-conserve-mancare-gatita","9":"product_cat-conserve","10":"product_cat-produse-olanda","12":"first","13":"outofstock","14":"taxable","15":"shipping-taxable","16":"purchasable","17":"product-type-simple"},"acf":[],"_links":{"self":[{"href":"https:\/\/totalblue.ro\/fr\/wp-json\/wp\/v2\/product\/74689","targetHints":{"allow":["GET"]}}],"collection":[{"href":"https:\/\/totalblue.ro\/fr\/wp-json\/wp\/v2\/product"}],"about":[{"href":"https:\/\/totalblue.ro\/fr\/wp-json\/wp\/v2\/types\/product"}],"replies":[{"embeddable":true,"href":"https:\/\/totalblue.ro\/fr\/wp-json\/wp\/v2\/comments?post=74689"}],"wp:featuredmedia":[{"embeddable":true,"href":"https:\/\/totalblue.ro\/fr\/wp-json\/wp\/v2\/media\/74694"}],"wp:attachment":[{"href":"https:\/\/totalblue.ro\/fr\/wp-json\/wp\/v2\/media?parent=74689"}],"wp:term":[{"taxonomy":"product_brand","embeddable":true,"href":"https:\/\/totalblue.ro\/fr\/wp-json\/wp\/v2\/product_brand?post=74689"},{"taxonomy":"product_cat","embeddable":true,"href":"https:\/\/totalblue.ro\/fr\/wp-json\/wp\/v2\/product_cat?post=74689"},{"taxonomy":"giftcard-category","embeddable":true,"href":"https:\/\/totalblue.ro\/fr\/wp-json\/wp\/v2\/giftcard-category?post=74689"}],"curies":[{"name":"wp","href":"https:\/\/api.w.org\/{rel}","templated":true}]}}