{"id":74708,"date":"2022-12-20T15:32:27","date_gmt":"2022-12-20T13:32:27","guid":{"rendered":"https:\/\/totalblue.ro\/?post_type=product&#038;p=74708"},"modified":"2026-03-26T14:36:47","modified_gmt":"2026-03-26T12:36:47","slug":"unox-mini-crenvursti-party-din-porc-si-pui-usor-afumati-400g-olanda","status":"publish","type":"product","link":"https:\/\/totalblue.ro\/fr\/produs\/unox-mini-crenvursti-party-din-porc-si-pui-usor-afumati-400g-olanda\/","title":{"rendered":"Unox Mini Party Crenvurti Party, porc et poulet, l\u00e9g\u00e8rement fum\u00e9 400g, Hollande"},"content":{"rendered":"<p>Ingrediente: Crenwusti: carne de porc\u00b9 32%, pui\u00b9 28%, faina de orez, apa, ulei de rapita, sare, colagen bovin, stabilizator (E452, E451), condimente (piper, boia de ardei), aroma naturala de nucsoara, antioxidant (E301, E392), aroma de fum, conservant E250. Se toarna: apa, sare. \u00b9 Marca de calitate Better Life 1 stea.<br \/>\nValeurs nutritionnelles \/ 100 g :<br \/>\nEnergie: 586 kJ \/ 140 kcal<br \/>\nGrasimi: 8.1 g din care acizi grasi saturati: 2 g<br \/>\nCarbohidrati 5.4 g sau care zaharuri &lt; 0.5 g<br \/>\nProteine: 11 g<br \/>\nSare: 1,8 g<br \/>\nMod de preparare: Intr-o tigaie: incalziti de preferinta crenvursti incet in lichid, fara a le permite sa fiarba. In cuptorul cu microunde: Asezati crenvursti unul langa altul pe o farfurie. Incalzitii timp de 1\u00bd minute la 450 Watt. Crenvursti sunt, de asemenea, gustosi si reci.<br \/>\nConditions de stockage :<br \/>\nA se pastra intr-un loc uscat si racoros.<br \/>\nDupa deschiderea cutiei, crenvursti pot fi pastrati acoperiti timp de 1 zi la frigider.<br \/>\nPrezentare : conserva cu cheita<br \/>\nFabriqu\u00e9 aux Pays-Bas par Unilever Nederland Unox, Postbus 160 3000 AD AD Rotterdam<br \/>\nImportateur et distributeur Total Blue Impex SRL<\/p>","protected":false},"excerpt":{"rendered":"<p>Ingrediente: Crenwusti: carne de porc\u00b9 32%, pui\u00b9 28%, faina de orez, apa, ulei de rapita, sare, colagen bovin, stabilizator (E452, E451), condimente (piper, boia de ardei), aroma naturala de nucsoara, antioxidant (E301, E392), aroma de fum, conservant E250. Se toarna: apa, sare. \u00b9 Marca de calitate Better Life 1 stea. Valori nutritionale \/ 100 g: [&#8230;]\n","protected":false},"featured_media":74710,"comment_status":"open","ping_status":"closed","template":"","meta":{"_acf_changed":false,"_seopress_robots_primary_cat":"none","_seopress_titles_title":"","_seopress_titles_desc":"","_seopress_robots_index":""},"product_brand":[1925],"product_cat":[1555,1683,3272,1767],"giftcard-category":[],"class_list":{"0":"post-74708","1":"product","2":"type-product","3":"status-publish","4":"has-post-thumbnail","6":"product_brand-unox","7":"product_cat-bacanie","8":"product_cat-conserve-mancare-gatita","9":"product_cat-conserve","10":"product_cat-produse-olanda","12":"first","13":"instock","14":"taxable","15":"shipping-taxable","16":"purchasable","17":"product-type-simple"},"acf":[],"_links":{"self":[{"href":"https:\/\/totalblue.ro\/fr\/wp-json\/wp\/v2\/product\/74708","targetHints":{"allow":["GET"]}}],"collection":[{"href":"https:\/\/totalblue.ro\/fr\/wp-json\/wp\/v2\/product"}],"about":[{"href":"https:\/\/totalblue.ro\/fr\/wp-json\/wp\/v2\/types\/product"}],"replies":[{"embeddable":true,"href":"https:\/\/totalblue.ro\/fr\/wp-json\/wp\/v2\/comments?post=74708"}],"wp:featuredmedia":[{"embeddable":true,"href":"https:\/\/totalblue.ro\/fr\/wp-json\/wp\/v2\/media\/74710"}],"wp:attachment":[{"href":"https:\/\/totalblue.ro\/fr\/wp-json\/wp\/v2\/media?parent=74708"}],"wp:term":[{"taxonomy":"product_brand","embeddable":true,"href":"https:\/\/totalblue.ro\/fr\/wp-json\/wp\/v2\/product_brand?post=74708"},{"taxonomy":"product_cat","embeddable":true,"href":"https:\/\/totalblue.ro\/fr\/wp-json\/wp\/v2\/product_cat?post=74708"},{"taxonomy":"giftcard-category","embeddable":true,"href":"https:\/\/totalblue.ro\/fr\/wp-json\/wp\/v2\/giftcard-category?post=74708"}],"curies":[{"name":"wp","href":"https:\/\/api.w.org\/{rel}","templated":true}]}}