{"id":74803,"date":"2022-12-21T09:28:22","date_gmt":"2022-12-21T07:28:22","guid":{"rendered":"https:\/\/totalblue.ro\/?post_type=product&#038;p=74803"},"modified":"2026-04-14T12:42:08","modified_gmt":"2026-04-14T09:42:08","slug":"unox-magere-crenvursti-din-porc-si-pui-usor-afumati-400g-olanda","status":"publish","type":"product","link":"https:\/\/totalblue.ro\/fr\/produs\/unox-magere-crenvursti-din-porc-si-pui-usor-afumati-400g-olanda\/","title":{"rendered":"Unox Magere Bretzels au porc et au poulet, l\u00e9g\u00e8rement fum\u00e9s 400g, Pays-Bas"},"content":{"rendered":"<p>Ingrediente: Carnati: Carne de porc\u00b9 29%, carne de pui\u00b9 26%, faina de orez, apa, ulei de rapita, sare, colagen de vita, stabilizator (E452, E451), condimente (piper, boia de ardei), aroma naturala de nucsoara, antioxidanti (E301, E392), aroma de fum, conservant (E250). Infuzie: Apa, sare. \u00b9Clasament de calitate Better Life 1 stea.<br \/>\nValeurs nutritionnelles \/ 100 g :<br \/>\nEnergie 586 kj \/ 140 kcal<br \/>\nGrasimi 8.1 g din care saturate 2 g<br \/>\nCarbohidrati 5.4 g din care zaharuri &lt; 0.5 g<br \/>\nProteine \u200b\u200b11 g<br \/>\nSel 1,8 g<br \/>\nMod de preparare: Intr-o tigaie: incalziti de preferinta crenvursti incet in lichid, fara a le permite sa fiarba. In cuptorul cu microunde: Asezati crenvursti unul langa altul pe o farfurie. Incalzitii timp de 1\u00bd minute la 450 Watt. Crenvursti sunt, de asemenea, gustosi si reci.<br \/>\nConditions de stockage :<br \/>\nA se pastra intr-un loc uscat si racoros.<br \/>\nDupa deschiderea cutiei, crenvursti pot fi pastrati acoperiti timp de 1 zi la frigider.<br \/>\nPrezentare : conserva cu cheita<br \/>\nFabriqu\u00e9 aux Pays-Bas par Unilever Nederland Unox, Postbus 160 3000 AD AD Rotterdam<br \/>\nImportateur et distributeur Total Blue Impex SRL<\/p>","protected":false},"excerpt":{"rendered":"<p>Ingrediente: Carnati: Carne de porc\u00b9 29%, carne de pui\u00b9 26%, faina de orez, apa, ulei de rapita, sare, colagen de vita, stabilizator (E452, E451), condimente (piper, boia de ardei), aroma naturala de nucsoara, antioxidanti (E301, E392), aroma de fum, conservant (E250). Infuzie: Apa, sare. \u00b9Clasament de calitate Better Life 1 stea. Valori nutritionale \/ 100 [&#8230;]\n","protected":false},"featured_media":242305,"comment_status":"open","ping_status":"closed","template":"","meta":{"_acf_changed":false,"_seopress_robots_primary_cat":"none","_seopress_titles_title":"","_seopress_titles_desc":"","_seopress_robots_index":""},"product_brand":[1925],"product_cat":[1555,1683,3272,1767],"giftcard-category":[],"class_list":{"0":"post-74803","1":"product","2":"type-product","3":"status-publish","4":"has-post-thumbnail","6":"product_brand-unox","7":"product_cat-bacanie","8":"product_cat-conserve-mancare-gatita","9":"product_cat-conserve","10":"product_cat-produse-olanda","12":"first","13":"instock","14":"taxable","15":"shipping-taxable","16":"purchasable","17":"product-type-simple"},"acf":[],"_links":{"self":[{"href":"https:\/\/totalblue.ro\/fr\/wp-json\/wp\/v2\/product\/74803","targetHints":{"allow":["GET"]}}],"collection":[{"href":"https:\/\/totalblue.ro\/fr\/wp-json\/wp\/v2\/product"}],"about":[{"href":"https:\/\/totalblue.ro\/fr\/wp-json\/wp\/v2\/types\/product"}],"replies":[{"embeddable":true,"href":"https:\/\/totalblue.ro\/fr\/wp-json\/wp\/v2\/comments?post=74803"}],"wp:featuredmedia":[{"embeddable":true,"href":"https:\/\/totalblue.ro\/fr\/wp-json\/wp\/v2\/media\/242305"}],"wp:attachment":[{"href":"https:\/\/totalblue.ro\/fr\/wp-json\/wp\/v2\/media?parent=74803"}],"wp:term":[{"taxonomy":"product_brand","embeddable":true,"href":"https:\/\/totalblue.ro\/fr\/wp-json\/wp\/v2\/product_brand?post=74803"},{"taxonomy":"product_cat","embeddable":true,"href":"https:\/\/totalblue.ro\/fr\/wp-json\/wp\/v2\/product_cat?post=74803"},{"taxonomy":"giftcard-category","embeddable":true,"href":"https:\/\/totalblue.ro\/fr\/wp-json\/wp\/v2\/giftcard-category?post=74803"}],"curies":[{"name":"wp","href":"https:\/\/api.w.org\/{rel}","templated":true}]}}